{"id":735440,"date":"2025-08-27T22:47:58","date_gmt":"2025-08-27T19:47:58","guid":{"rendered":"https:\/\/roveyayinevi.com.tr\/index.php\/urun\/cam-kavanozlar\/"},"modified":"2026-04-12T02:50:21","modified_gmt":"2026-04-11T23:50:21","slug":"cam-kavanozlar","status":"publish","type":"product","link":"https:\/\/roveyayinevi.com.tr\/index.php\/urun\/cam-kavanozlar\/","title":{"rendered":"Cam Kavanozlar"},"content":{"rendered":"<p>\u201cSu gibi sonsuz olur bal\u0131klar\u0131n hayalleri, En b\u00fcy\u00fck hazinedir \u00f6zg\u00fcrl\u00fckleri!\u201d Denizler alt\u0131nda hayat ne g\u00fczeldir&#8230; Masmavi ve tasas\u0131z\u2026. Ama her g\u00fcn \u00f6yle de\u011fildir. Beklenmedik bir kazan\u0131n ya\u015fand\u0131\u011f\u0131 talihsiz bir g\u00fcn\u00fcn sonunda bal\u0131klar kendilerini cam kavanozlar\u0131n i\u00e7inde buldular. \u00dcstelik g\u00fcvende olmak i\u00e7in bunu kendileri istediler. U\u00e7suz bucaks\u0131z denizlerde cam kavanozlar\u0131n i\u00e7inde ya\u015famak\u2026 Peki nas\u0131l bir hayat bekliyor onlar\u0131? \u00c7ocuk edebiyat\u0131n\u0131n sevilen yazarlar\u0131ndan \u00d6zge Bahar Sunar t\u00fcm okurlar\u0131n\u0131 \u00d6znur S\u00f6nmez\u2019in reng\u00e2renk \u00e7izimleri e\u015fli\u011finde hayallerin ve cesaretin g\u00fcc\u00fcn\u00fc ke\u015ffetmeye, hayat\u0131n sular\u0131nda \u00f6zg\u00fcrce kula\u00e7 atmaya davet ediyor. <\/p>\n","protected":false},"excerpt":{"rendered":"<p>\u201cSu gibi sonsuz olur bal\u0131klar\u0131n hayalleri, En b\u00fcy\u00fck hazinedir \u00f6zg\u00fcrl\u00fckleri!\u201d Denizler alt\u0131nda hayat ne g\u00fczeldir&#8230; Masmavi ve tasas\u0131z\u2026. Ama her g\u00fcn \u00f6yle de\u011fildir. Beklenmedik bir kazan\u0131n<span class=\"excerpt-hellip\"> [\u2026]<\/span><\/p>\n","protected":false},"featured_media":0,"template":"","meta":{"_monsterinsights_skip_tracking":false,"_monsterinsights_sitenote_active":false,"_monsterinsights_sitenote_note":"","_monsterinsights_sitenote_category":0},"product_brand":[],"product_cat":[12275,12274],"product_tag":[],"class_list":{"0":"post-735440","1":"product","2":"type-product","3":"status-publish","5":"product_cat-6-12-yas-kitaplari","6":"product_cat-cocuk-ve-genclik-kitaplari","7":"pa_cilt-ciltsiz","8":"pa_tur-kitap","9":"pa_yayinevi-dogan-cocuk","10":"pa_yazar-ozge-bahar-sunar","12":"first","13":"instock","14":"sale","15":"shipping-taxable","16":"purchasable","17":"product-type-simple"},"_links":{"self":[{"href":"https:\/\/roveyayinevi.com.tr\/index.php\/wp-json\/wp\/v2\/product\/735440","targetHints":{"allow":["GET"]}}],"collection":[{"href":"https:\/\/roveyayinevi.com.tr\/index.php\/wp-json\/wp\/v2\/product"}],"about":[{"href":"https:\/\/roveyayinevi.com.tr\/index.php\/wp-json\/wp\/v2\/types\/product"}],"wp:attachment":[{"href":"https:\/\/roveyayinevi.com.tr\/index.php\/wp-json\/wp\/v2\/media?parent=735440"}],"wp:term":[{"taxonomy":"product_brand","embeddable":true,"href":"https:\/\/roveyayinevi.com.tr\/index.php\/wp-json\/wp\/v2\/product_brand?post=735440"},{"taxonomy":"product_cat","embeddable":true,"href":"https:\/\/roveyayinevi.com.tr\/index.php\/wp-json\/wp\/v2\/product_cat?post=735440"},{"taxonomy":"product_tag","embeddable":true,"href":"https:\/\/roveyayinevi.com.tr\/index.php\/wp-json\/wp\/v2\/product_tag?post=735440"}],"curies":[{"name":"wp","href":"https:\/\/api.w.org\/{rel}","templated":true}]}}