{"id":735439,"date":"2025-08-27T22:47:57","date_gmt":"2025-08-27T19:47:57","guid":{"rendered":"https:\/\/roveyayinevi.com.tr\/index.php\/urun\/isiktan-aydinliga\/"},"modified":"2026-04-16T02:43:46","modified_gmt":"2026-04-15T23:43:46","slug":"isiktan-aydinliga","status":"publish","type":"product","link":"https:\/\/roveyayinevi.com.tr\/index.php\/urun\/isiktan-aydinliga\/","title":{"rendered":"I\u015f\u0131ktan Ayd\u0131nl\u0131\u011fa"},"content":{"rendered":"<p>I\u015f\u0131k i\u00e7in Kutsal Kitap, Tanr\u0131\u2019n\u0131n ilk buyru\u011fudur diyor. Ben de \u015funu eklemek istiyorum: I\u015f\u0131k, hayat\u0131n t\u00fcm alanlar\u0131 i\u00e7in karanl\u0131\u011fa kar\u015f\u0131 \u00e7akan ilk k\u0131v\u0131lc\u0131m, ger\u00e7e\u011fe a\u00e7\u0131lan yolun e\u015fi\u011fidir. Nitekim uzun y\u0131llard\u0131r bu yoldaki aray\u0131\u015f\u0131m\u0131 s\u00fcrd\u00fcr\u00fcyorum; hayat\u0131n, insanlar\u0131n, kitaplar\u0131n yayd\u0131\u011f\u0131 \u0131\u015f\u0131kla ayd\u0131nlanman\u0131n umudunu ta\u015f\u0131yarak\u2026 <\/p>\n","protected":false},"excerpt":{"rendered":"<p>I\u015f\u0131k i\u00e7in Kutsal Kitap, Tanr\u0131\u2019n\u0131n ilk buyru\u011fudur diyor. Ben de \u015funu eklemek istiyorum: I\u015f\u0131k, hayat\u0131n t\u00fcm alanlar\u0131 i\u00e7in karanl\u0131\u011fa kar\u015f\u0131 \u00e7akan ilk k\u0131v\u0131lc\u0131m, ger\u00e7e\u011fe a\u00e7\u0131lan yolun<span class=\"excerpt-hellip\"> [\u2026]<\/span><\/p>\n","protected":false},"featured_media":0,"template":"","meta":{"_monsterinsights_skip_tracking":false,"_monsterinsights_sitenote_active":false,"_monsterinsights_sitenote_note":"","_monsterinsights_sitenote_category":0},"product_brand":[],"product_cat":[12777,12291],"product_tag":[],"class_list":{"0":"post-735439","1":"product","2":"type-product","3":"status-publish","5":"product_cat-deneme","6":"product_cat-edebiyat","7":"pa_cilt-ciltsiz","8":"pa_tur-kitap","9":"pa_yayinevi-favori-yayinlari","10":"pa_yazar-avram-ventura","12":"first","13":"instock","14":"sale","15":"shipping-taxable","16":"purchasable","17":"product-type-simple"},"_links":{"self":[{"href":"https:\/\/roveyayinevi.com.tr\/index.php\/wp-json\/wp\/v2\/product\/735439","targetHints":{"allow":["GET"]}}],"collection":[{"href":"https:\/\/roveyayinevi.com.tr\/index.php\/wp-json\/wp\/v2\/product"}],"about":[{"href":"https:\/\/roveyayinevi.com.tr\/index.php\/wp-json\/wp\/v2\/types\/product"}],"wp:attachment":[{"href":"https:\/\/roveyayinevi.com.tr\/index.php\/wp-json\/wp\/v2\/media?parent=735439"}],"wp:term":[{"taxonomy":"product_brand","embeddable":true,"href":"https:\/\/roveyayinevi.com.tr\/index.php\/wp-json\/wp\/v2\/product_brand?post=735439"},{"taxonomy":"product_cat","embeddable":true,"href":"https:\/\/roveyayinevi.com.tr\/index.php\/wp-json\/wp\/v2\/product_cat?post=735439"},{"taxonomy":"product_tag","embeddable":true,"href":"https:\/\/roveyayinevi.com.tr\/index.php\/wp-json\/wp\/v2\/product_tag?post=735439"}],"curies":[{"name":"wp","href":"https:\/\/api.w.org\/{rel}","templated":true}]}}