{"id":735438,"date":"2025-08-27T22:47:55","date_gmt":"2025-08-27T19:47:55","guid":{"rendered":"https:\/\/roveyayinevi.com.tr\/index.php\/urun\/vizildayan-insanlar-guvensiz-sinekler\/"},"modified":"2026-04-16T02:43:46","modified_gmt":"2026-04-15T23:43:46","slug":"vizildayan-insanlar-guvensiz-sinekler","status":"publish","type":"product","link":"https:\/\/roveyayinevi.com.tr\/index.php\/urun\/vizildayan-insanlar-guvensiz-sinekler\/","title":{"rendered":"V\u0131z\u0131ldayan \u0130nsanlar, G\u00fcvensiz Sinekler"},"content":{"rendered":"<p>Zor olan \u015fey yaln\u0131z olmak de\u011fildi; zor olan \u015fey, odan\u0131n en u\u00e7 k\u00f6\u015fesinde oturup, Allah\u2019\u0131n bir an i\u00e7in bile olsa bana kendini g\u00f6stermesini beklemekti. Yaln\u0131z olmak k\u00f6t\u00fc de\u011fildi ama tek ba\u015f\u0131na kendini e\u011flendirmeye ya da g\u00fcld\u00fcrmeye \u00e7al\u0131\u015fmak, enkaz\u0131n alt\u0131nda kalmaktan daha zordu. Bu y\u00fczden \u00e7o\u011fu gece, hep Allah\u2019\u0131n bana kendisini g\u00f6stermesini bekleyip onunla bir \u015feyler hakk\u0131nda dertle\u015fmek istemi\u015fimdir. \u015eunu bilmenizi isterim: Benim ihtiyac\u0131m olan \u015fey insanlar de\u011fildi, \u00e7\u00fcnk\u00fc biliyordum, onlar sadece i\u015flerine gelenleri duymak istiyordu fakat Allah\u2019\u0131n beni anlayaca\u011f\u0131na ve daha samimi olaca\u011f\u0131na babam\u0131n \u00fcst\u00fcne yemin edebilirim. Onunla sabaha kadar konu\u015fsam, i\u00e7imdeki iyilikleri ya da birilerine kin g\u00fctt\u00fc\u011f\u00fcm\u00fc anlatsam, yine de dinler ve yine de anlard\u0131. <\/p>\n","protected":false},"excerpt":{"rendered":"<p>Zor olan \u015fey yaln\u0131z olmak de\u011fildi; zor olan \u015fey, odan\u0131n en u\u00e7 k\u00f6\u015fesinde oturup, Allah\u2019\u0131n bir an i\u00e7in bile olsa bana kendini g\u00f6stermesini beklemekti. Yaln\u0131z olmak<span class=\"excerpt-hellip\"> [\u2026]<\/span><\/p>\n","protected":false},"featured_media":0,"template":"","meta":{"_monsterinsights_skip_tracking":false,"_monsterinsights_sitenote_active":false,"_monsterinsights_sitenote_note":"","_monsterinsights_sitenote_category":0},"product_brand":[],"product_cat":[18545,12291],"product_tag":[],"class_list":{"0":"post-735438","1":"product","2":"type-product","3":"status-publish","5":"product_cat-anlati","6":"product_cat-edebiyat","7":"pa_cilt-ciltsiz","8":"pa_tur-kitap","9":"pa_yayinevi-luna-yayinlari","10":"pa_yazar-saban-demir","12":"first","13":"instock","14":"sale","15":"shipping-taxable","16":"purchasable","17":"product-type-simple"},"_links":{"self":[{"href":"https:\/\/roveyayinevi.com.tr\/index.php\/wp-json\/wp\/v2\/product\/735438","targetHints":{"allow":["GET"]}}],"collection":[{"href":"https:\/\/roveyayinevi.com.tr\/index.php\/wp-json\/wp\/v2\/product"}],"about":[{"href":"https:\/\/roveyayinevi.com.tr\/index.php\/wp-json\/wp\/v2\/types\/product"}],"wp:attachment":[{"href":"https:\/\/roveyayinevi.com.tr\/index.php\/wp-json\/wp\/v2\/media?parent=735438"}],"wp:term":[{"taxonomy":"product_brand","embeddable":true,"href":"https:\/\/roveyayinevi.com.tr\/index.php\/wp-json\/wp\/v2\/product_brand?post=735438"},{"taxonomy":"product_cat","embeddable":true,"href":"https:\/\/roveyayinevi.com.tr\/index.php\/wp-json\/wp\/v2\/product_cat?post=735438"},{"taxonomy":"product_tag","embeddable":true,"href":"https:\/\/roveyayinevi.com.tr\/index.php\/wp-json\/wp\/v2\/product_tag?post=735438"}],"curies":[{"name":"wp","href":"https:\/\/api.w.org\/{rel}","templated":true}]}}