{"id":735437,"date":"2025-08-27T22:47:54","date_gmt":"2025-08-27T19:47:54","guid":{"rendered":"https:\/\/roveyayinevi.com.tr\/index.php\/urun\/domino-2\/"},"modified":"2026-04-11T14:03:25","modified_gmt":"2026-04-11T11:03:25","slug":"domino-2","status":"publish","type":"product","link":"https:\/\/roveyayinevi.com.tr\/index.php\/urun\/domino-2\/","title":{"rendered":"Domino"},"content":{"rendered":"<p>Vasat bir mafya dizisinin bir b\u00f6l\u00fcm\u00fcnde ortalama ka\u00e7 cinayet i\u015fleniyor? Evet, cinayeti, insan\u0131 \u00f6ld\u00fcrmeyi say\u0131lara indirgemek pek de iyi bir fikir de\u011fil. \u00c7\u00fcnk\u00fc hayat \u00e7o\u011fu y\u00f6nden, domino ta\u015flar\u0131ndan kurulmu\u015f karma\u015f\u0131k bir sisteme benzetilebilir. Bir cinayet sonsuz ihtimalin kap\u0131s\u0131n\u0131 aralayabilir, pek \u00e7o\u011funun sebebi olabilir. Pek \u00e7ok \u00f6l\u00fcm\u00fcn, tutsakl\u0131\u011f\u0131n, karma\u015f\u0131k ili\u015fkinin, a\u015fk\u0131n, dostlu\u011fun\u2026 Bir cinayet, maktul\u00fc \u00f6ld\u00fcr\u00fcrken pek \u00e7ok yeni do\u011fan\u0131n habercisiyse su\u00e7lu kimdir? Katil tek ba\u015f\u0131na cinayet i\u015flemez, i\u015fleyemez. B\u00fct\u00fcn bir domino sisteminde tek bir ta\u015ftan ibarettir o. Yaln\u0131zca yere \u00e7ak\u0131lmadan hemen \u00f6nce d\u00fcnyaya kanl\u0131 bir eser b\u0131rakmak ister. T\u0131pk\u0131 \u00f6nceki ta\u015f\u0131n ona yapt\u0131\u011f\u0131 gibi\u2026 Katillerin kurban olabildi\u011fini anlaman\u0131n katilleri aklamayaca\u011f\u0131 gibi onlar\u0131 yaln\u0131z i\u015fledikleri cinayetle hat\u0131rlamak da ta\u015flar\u0131n devrili\u015fine ivme katmaktan ba\u015fka bir i\u015fe yaramaz. Berrak zihinlerin temiz katilleri vicdan polisince yakalanmad\u0131k\u00e7a bedenin \u00f6ld\u00fcr\u00fclmesine sebep aramak nafile bir \u00e7abadan ibaret olacakt\u0131r. Bu fikirle kaleme al\u0131nan Domino, o ilk ta\u015f\u0131 devireni bulman\u0131n polisiye bir ifadesi olarak toplumsal y\u0131k\u0131mlar\u0131n tehlikeli faillerinden birinin kap\u0131s\u0131na dayan\u0131yor. Yazar\u0131n mesaj\u0131ysa olduk\u00e7a a\u00e7\u0131k ve ger\u00e7ek\u00e7i: Cinayet, romanlarda okudu\u011fumuz, dizilerde seyretti\u011fimiz kadar kolay olmamal\u0131. Nitekim ger\u00e7ekli\u011fini her nefeste hissetti\u011fimiz hayatlar\u0131m\u0131zda hi\u00e7 de kolay de\u011fil.<\/p>\n","protected":false},"excerpt":{"rendered":"<p>Vasat bir mafya dizisinin bir b\u00f6l\u00fcm\u00fcnde ortalama ka\u00e7 cinayet i\u015fleniyor? Evet, cinayeti, insan\u0131 \u00f6ld\u00fcrmeyi say\u0131lara indirgemek pek de iyi bir fikir de\u011fil. \u00c7\u00fcnk\u00fc hayat \u00e7o\u011fu y\u00f6nden,<span class=\"excerpt-hellip\"> [\u2026]<\/span><\/p>\n","protected":false},"featured_media":0,"template":"","meta":{"_monsterinsights_skip_tracking":false,"_monsterinsights_sitenote_active":false,"_monsterinsights_sitenote_note":"","_monsterinsights_sitenote_category":0},"product_brand":[],"product_cat":[12291,12711],"product_tag":[],"class_list":{"0":"post-735437","1":"product","2":"type-product","3":"status-publish","5":"product_cat-edebiyat","6":"product_cat-roman-oyku","7":"pa_cilt-ciltsiz","8":"pa_tur-kitap","9":"pa_yayinevi-luna-yayinlari","10":"pa_yazar-asli-furuncuoglu","12":"first","13":"instock","14":"sale","15":"shipping-taxable","16":"purchasable","17":"product-type-simple"},"_links":{"self":[{"href":"https:\/\/roveyayinevi.com.tr\/index.php\/wp-json\/wp\/v2\/product\/735437","targetHints":{"allow":["GET"]}}],"collection":[{"href":"https:\/\/roveyayinevi.com.tr\/index.php\/wp-json\/wp\/v2\/product"}],"about":[{"href":"https:\/\/roveyayinevi.com.tr\/index.php\/wp-json\/wp\/v2\/types\/product"}],"wp:attachment":[{"href":"https:\/\/roveyayinevi.com.tr\/index.php\/wp-json\/wp\/v2\/media?parent=735437"}],"wp:term":[{"taxonomy":"product_brand","embeddable":true,"href":"https:\/\/roveyayinevi.com.tr\/index.php\/wp-json\/wp\/v2\/product_brand?post=735437"},{"taxonomy":"product_cat","embeddable":true,"href":"https:\/\/roveyayinevi.com.tr\/index.php\/wp-json\/wp\/v2\/product_cat?post=735437"},{"taxonomy":"product_tag","embeddable":true,"href":"https:\/\/roveyayinevi.com.tr\/index.php\/wp-json\/wp\/v2\/product_tag?post=735437"}],"curies":[{"name":"wp","href":"https:\/\/api.w.org\/{rel}","templated":true}]}}