{"id":735430,"date":"2025-08-27T22:47:46","date_gmt":"2025-08-27T19:47:46","guid":{"rendered":"https:\/\/roveyayinevi.com.tr\/index.php\/urun\/cin-gulu\/"},"modified":"2026-04-16T02:43:45","modified_gmt":"2026-04-15T23:43:45","slug":"cin-gulu","status":"publish","type":"product","link":"https:\/\/roveyayinevi.com.tr\/index.php\/urun\/cin-gulu\/","title":{"rendered":"\u00c7in G\u00fcl\u00fc"},"content":{"rendered":"<p>Da\u011f ba\u015f\u0131nda bir evin var, radyo \u00e7ekmiyor C\u0131z\u0131rt\u0131n\u0131n i\u00e7inden duydu\u011fun kelimeleri kendi kendine m\u0131r\u0131ldan\u0131yorsun. M\u00fczi\u011fi kendi ba\u015f\u0131na dinlerken bu sese do\u011fru ilerledi\u011fini san\u0131yorsun ama m\u00fczi\u011fine sepet dolusuyla itiraz dileyen paparazziler bir da\u011f\u0131n tepesinden teleferikle iniyorlar. Konuyorlar evinin \u00e7at\u0131s\u0131na. Camlar\u0131n\u0131 karart\u0131yorlar makinalar\u0131yla, kapand\u0131\u011f\u0131n\u0131 sand\u0131\u011f\u0131n o h\u00e2lde bas\u0131na \u00e7\u0131k\u0131yorsun. Yaln\u0131zl\u0131k dedi\u011fin bir d\u00f6ng\u00fcdesin ve dinleyen yok bu sefer. Bir g\u00fcn pazara iniyorsun, surat\u0131nda fla\u015f patl\u0131yor. Ayn\u0131 \u015fark\u0131y\u0131 duyuyorsun ilk defa, g\u00fcveler c\u0131z\u0131rt\u0131yla doldurdu\u011fun sat\u0131rlardan kanatlan\u0131yorlar haberi<\/p>\n","protected":false},"excerpt":{"rendered":"<p>Da\u011f ba\u015f\u0131nda bir evin var, radyo \u00e7ekmiyor C\u0131z\u0131rt\u0131n\u0131n i\u00e7inden duydu\u011fun kelimeleri kendi kendine m\u0131r\u0131ldan\u0131yorsun. M\u00fczi\u011fi kendi ba\u015f\u0131na dinlerken bu sese do\u011fru ilerledi\u011fini san\u0131yorsun ama m\u00fczi\u011fine sepet<span class=\"excerpt-hellip\"> [\u2026]<\/span><\/p>\n","protected":false},"featured_media":0,"template":"","meta":{"_monsterinsights_skip_tracking":false,"_monsterinsights_sitenote_active":false,"_monsterinsights_sitenote_note":"","_monsterinsights_sitenote_category":0},"product_brand":[],"product_cat":[12291,12509],"product_tag":[],"class_list":{"0":"post-735430","1":"product","2":"type-product","3":"status-publish","5":"product_cat-edebiyat","6":"product_cat-siir","7":"pa_cilt-ciltsiz","8":"pa_tur-kitap","9":"pa_yayinevi-elpis-yayinlari","10":"pa_yazar-olivier-pagy","12":"first","13":"instock","14":"sale","15":"shipping-taxable","16":"purchasable","17":"product-type-simple"},"_links":{"self":[{"href":"https:\/\/roveyayinevi.com.tr\/index.php\/wp-json\/wp\/v2\/product\/735430","targetHints":{"allow":["GET"]}}],"collection":[{"href":"https:\/\/roveyayinevi.com.tr\/index.php\/wp-json\/wp\/v2\/product"}],"about":[{"href":"https:\/\/roveyayinevi.com.tr\/index.php\/wp-json\/wp\/v2\/types\/product"}],"wp:attachment":[{"href":"https:\/\/roveyayinevi.com.tr\/index.php\/wp-json\/wp\/v2\/media?parent=735430"}],"wp:term":[{"taxonomy":"product_brand","embeddable":true,"href":"https:\/\/roveyayinevi.com.tr\/index.php\/wp-json\/wp\/v2\/product_brand?post=735430"},{"taxonomy":"product_cat","embeddable":true,"href":"https:\/\/roveyayinevi.com.tr\/index.php\/wp-json\/wp\/v2\/product_cat?post=735430"},{"taxonomy":"product_tag","embeddable":true,"href":"https:\/\/roveyayinevi.com.tr\/index.php\/wp-json\/wp\/v2\/product_tag?post=735430"}],"curies":[{"name":"wp","href":"https:\/\/api.w.org\/{rel}","templated":true}]}}