{"id":735429,"date":"2025-08-27T22:47:38","date_gmt":"2025-08-27T19:47:38","guid":{"rendered":"https:\/\/roveyayinevi.com.tr\/index.php\/urun\/gahiji\/"},"modified":"2026-04-16T02:43:45","modified_gmt":"2026-04-15T23:43:45","slug":"gahiji","status":"publish","type":"product","link":"https:\/\/roveyayinevi.com.tr\/index.php\/urun\/gahiji\/","title":{"rendered":"Gahiji"},"content":{"rendered":"<p>Ak\u0131l hocam dedi\u011fi amcas\u0131 Tar\u0131k Ani\u2019nin izinden giderek ba\u015far\u0131l\u0131 bir antropolog olan T\u00fcrkan Ani\u2019nin hayat\u0131, amcas\u0131n\u0131n \u00f6l\u00fcm\u00fcnden sonra m\u00fcthi\u015f bir de\u011fi\u015fime u\u011frar. Cenazeye kat\u0131lmak i\u00e7in Makedonya\u2019ya giden T\u00fcrkan, amcas\u0131n\u0131n bah\u00e7esinde demir bir \u00e7ubuk ve kendisine yaz\u0131lan gizemli bir not bulur. Bu demir par\u00e7as\u0131, \u00e7ok iyi tan\u0131d\u0131\u011f\u0131 amcas\u0131n\u0131n hayat\u0131n\u0131n nas\u0131l \u00f6zeti olabilirdi ki? Bir de kitap b\u0131rak\u0131r ye\u011fenine Tar\u0131k Ani. Bu kitap, Kadim M\u0131s\u0131rl\u0131lar\u0131n yazm\u0131\u015f oldu\u011fu ve i\u00e7erisinde t\u0131ls\u0131ml\u0131 dualar\u0131n yer ald\u0131\u011f\u0131 \u00d6l\u00fcler Kitab\u0131\u2019d\u0131r. A\ufb00edilmek istedi\u011fi i\u00e7in bu kitab\u0131 T\u00fcrkan\u2019a b\u0131rakan amcas\u0131 nas\u0131l bir k\u00f6t\u00fcl\u00fck yapm\u0131\u015ft\u0131 da ruhunun ac\u0131 \u00e7ekece\u011fine inan\u0131yordu? Amcas\u0131n\u0131n odas\u0131nda buldu\u011fu kemik par\u00e7alar\u0131ndaki izleri de incelemesiyle T\u00fcrkan\u2019\u0131n i\u00e7ini merak, heyecan, korku kaplar ve amcas\u0131n\u0131n mezar\u0131n\u0131n a\u00e7\u0131lmas\u0131 gerekti\u011fine karar vererek d\u00f6n\u00fc\u015f\u00fc olmayan bir yola girer. \u00d6\u011frendikleri ve yapt\u0131klar\u0131 neticesinde T\u00fcrkan\u2019\u0131n hayat\u0131nda hi\u00e7bir \u015fey art\u0131k eskisi gibi olmayacakt\u0131r.<\/p>\n","protected":false},"excerpt":{"rendered":"<p>Ak\u0131l hocam dedi\u011fi amcas\u0131 Tar\u0131k Ani\u2019nin izinden giderek ba\u015far\u0131l\u0131 bir antropolog olan T\u00fcrkan Ani\u2019nin hayat\u0131, amcas\u0131n\u0131n \u00f6l\u00fcm\u00fcnden sonra m\u00fcthi\u015f bir de\u011fi\u015fime u\u011frar. Cenazeye kat\u0131lmak i\u00e7in Makedonya\u2019ya<span class=\"excerpt-hellip\"> [\u2026]<\/span><\/p>\n","protected":false},"featured_media":0,"template":"","meta":{"_monsterinsights_skip_tracking":false,"_monsterinsights_sitenote_active":false,"_monsterinsights_sitenote_note":"","_monsterinsights_sitenote_category":0},"product_brand":[],"product_cat":[12291,12711],"product_tag":[],"class_list":{"0":"post-735429","1":"product","2":"type-product","3":"status-publish","5":"product_cat-edebiyat","6":"product_cat-roman-oyku","7":"pa_cilt-ciltsiz","8":"pa_tur-kitap","9":"pa_yayinevi-elpis-yayinlari","10":"pa_yazar-aysegul-caz","12":"first","13":"instock","14":"sale","15":"shipping-taxable","16":"purchasable","17":"product-type-simple"},"_links":{"self":[{"href":"https:\/\/roveyayinevi.com.tr\/index.php\/wp-json\/wp\/v2\/product\/735429","targetHints":{"allow":["GET"]}}],"collection":[{"href":"https:\/\/roveyayinevi.com.tr\/index.php\/wp-json\/wp\/v2\/product"}],"about":[{"href":"https:\/\/roveyayinevi.com.tr\/index.php\/wp-json\/wp\/v2\/types\/product"}],"wp:attachment":[{"href":"https:\/\/roveyayinevi.com.tr\/index.php\/wp-json\/wp\/v2\/media?parent=735429"}],"wp:term":[{"taxonomy":"product_brand","embeddable":true,"href":"https:\/\/roveyayinevi.com.tr\/index.php\/wp-json\/wp\/v2\/product_brand?post=735429"},{"taxonomy":"product_cat","embeddable":true,"href":"https:\/\/roveyayinevi.com.tr\/index.php\/wp-json\/wp\/v2\/product_cat?post=735429"},{"taxonomy":"product_tag","embeddable":true,"href":"https:\/\/roveyayinevi.com.tr\/index.php\/wp-json\/wp\/v2\/product_tag?post=735429"}],"curies":[{"name":"wp","href":"https:\/\/api.w.org\/{rel}","templated":true}]}}