{"id":735428,"date":"2025-08-27T22:47:37","date_gmt":"2025-08-27T19:47:37","guid":{"rendered":"https:\/\/roveyayinevi.com.tr\/index.php\/urun\/kucuk-mutluluklar-kitabi\/"},"modified":"2026-04-12T02:50:21","modified_gmt":"2026-04-11T23:50:21","slug":"kucuk-mutluluklar-kitabi","status":"publish","type":"product","link":"https:\/\/roveyayinevi.com.tr\/index.php\/urun\/kucuk-mutluluklar-kitabi\/","title":{"rendered":"K\u00fc\u00e7\u00fck Mutluluklar Kitab\u0131"},"content":{"rendered":"<p>Ger\u00e7ekten ne istedi\u011fini bilenlerin, sab\u0131rl\u0131 ve kararl\u0131 olanlar\u0131n, sadeli\u011fi se\u00e7enlerin kar\u015f\u0131s\u0131nda mutluluk, bir tercih de\u011fil tav\u0131rd\u0131r.   A\u015fk\u0131m Kap\u0131\u015fmak, K\u00fc\u00e7\u00fck Mutluluklar Kitab\u0131\u2019nda kendini arayan bireye adeta s\u0131rda\u015f oluyor. Mutlulu\u011fun kendini sevmekle ba\u015flad\u0131\u011f\u0131n\u0131 s\u00f6yleyen yazar, insan\u0131n en iyi arkada\u015f\u0131n\u0131n da kendisi olabilece\u011fini vurguluyor.     \u201cYa\u015fam\u0131n iyi kadar k\u00f6t\u00fc, kolay kadar zor, mutluluk kadar ac\u0131, ne\u015fe kadar h\u00fcz\u00fcn, cesaret kadar korkulu yanlar\u0131na da tutunup kabul edebilmeliyiz.\u201d    Bu kitapta \u00f6z\u00fcnden uzakla\u015f\u0131p mutsuzlu\u011fa s\u00fcr\u00fcklenenlerin hik\u00e2yelerini bulacaks\u0131n\u0131z. Hayat\u0131n i\u00e7inden ger\u00e7ek\u00e7i \u00f6rneklerle yenilenen ve geni\u015fletilen K\u00fc\u00e7\u00fck Mutluluklar Kitab\u0131 belki de sizin ge\u00e7mi\u015f, bug\u00fcn, gelecek aras\u0131nda bir denge sa\u011flaman\u0131za ve ak\u0131\u015fa sayg\u0131 duyman\u0131za vesile olacak. <\/p>\n","protected":false},"excerpt":{"rendered":"<p>Ger\u00e7ekten ne istedi\u011fini bilenlerin, sab\u0131rl\u0131 ve kararl\u0131 olanlar\u0131n, sadeli\u011fi se\u00e7enlerin kar\u015f\u0131s\u0131nda mutluluk, bir tercih de\u011fil tav\u0131rd\u0131r. A\u015fk\u0131m Kap\u0131\u015fmak, K\u00fc\u00e7\u00fck Mutluluklar Kitab\u0131\u2019nda kendini arayan bireye adeta s\u0131rda\u015f<span class=\"excerpt-hellip\"> [\u2026]<\/span><\/p>\n","protected":false},"featured_media":0,"template":"","meta":{"_monsterinsights_skip_tracking":false,"_monsterinsights_sitenote_active":false,"_monsterinsights_sitenote_note":"","_monsterinsights_sitenote_category":0},"product_brand":[],"product_cat":[12364,12376],"product_tag":[],"class_list":{"0":"post-735428","1":"product","2":"type-product","3":"status-publish","5":"product_cat-genel-konular","6":"product_cat-kisisel-gelisim","7":"pa_cilt-ciltsiz","8":"pa_tur-kitap","9":"pa_yayinevi-nemesis-kitap","10":"pa_yazar-askim-kapismak","12":"first","13":"instock","14":"sale","15":"shipping-taxable","16":"purchasable","17":"product-type-simple"},"_links":{"self":[{"href":"https:\/\/roveyayinevi.com.tr\/index.php\/wp-json\/wp\/v2\/product\/735428","targetHints":{"allow":["GET"]}}],"collection":[{"href":"https:\/\/roveyayinevi.com.tr\/index.php\/wp-json\/wp\/v2\/product"}],"about":[{"href":"https:\/\/roveyayinevi.com.tr\/index.php\/wp-json\/wp\/v2\/types\/product"}],"wp:attachment":[{"href":"https:\/\/roveyayinevi.com.tr\/index.php\/wp-json\/wp\/v2\/media?parent=735428"}],"wp:term":[{"taxonomy":"product_brand","embeddable":true,"href":"https:\/\/roveyayinevi.com.tr\/index.php\/wp-json\/wp\/v2\/product_brand?post=735428"},{"taxonomy":"product_cat","embeddable":true,"href":"https:\/\/roveyayinevi.com.tr\/index.php\/wp-json\/wp\/v2\/product_cat?post=735428"},{"taxonomy":"product_tag","embeddable":true,"href":"https:\/\/roveyayinevi.com.tr\/index.php\/wp-json\/wp\/v2\/product_tag?post=735428"}],"curies":[{"name":"wp","href":"https:\/\/api.w.org\/{rel}","templated":true}]}}