{"id":735427,"date":"2025-08-27T22:47:36","date_gmt":"2025-08-27T19:47:36","guid":{"rendered":"https:\/\/roveyayinevi.com.tr\/index.php\/urun\/ipek-yolu\/"},"modified":"2026-04-16T02:43:45","modified_gmt":"2026-04-15T23:43:45","slug":"ipek-yolu","status":"publish","type":"product","link":"https:\/\/roveyayinevi.com.tr\/index.php\/urun\/ipek-yolu\/","title":{"rendered":"\u0130pek Yolu"},"content":{"rendered":"<p>\u0130pek Yolu bildi\u011finiz t\u00fcm tarihi ger\u00e7ekleri alt\u00fcst edecek.   D\u00fcnya tarihine y\u00f6n veren \u0130pek Yolu tam olarak nedir?Akla hemen \u00e7\u00f6l kumlar\u0131n\u0131n \u00fczerinde, \u00c7in&#8217;den Roma&#8217;ya yol alan bir deve kervan\u0131 geliyor. Ama ger\u00e7ek bundan daha farkl\u0131 ve ilgi \u00e7ekici. \u0130pek Yolu&#8217;nda Valerie Hansen bereketli ticaret rotalar\u0131na, k\u00fclt\u00fcrleraras\u0131 etkile\u015fime, \u0130pek Yolu ekonomisine ve arkeolojik \u015faheserlere dair bilinmeyenlere \u0131\u015f\u0131k tutuyor. Hansen, seyahat g\u00fczerg\u00e2h\u0131nda yer alan sekiz arkeolojik kaz\u0131 alan\u0131n\u0131 inceliyor. \u00c7angan\u2019dan Semarkand\u2019a kadar uzanan bu co\u011frafi ara\u015ft\u0131rmada t\u00fcccarlar\u0131n, hac\u0131lar\u0131n, gezginlerin i\u00e7 i\u00e7e ge\u00e7ti\u011fi kozmopolit topluluklar\u0131n izini s\u00fcr\u00fcyor. K\u00fclt\u00fcrel \u00e7e\u015fitlili\u011fin yan\u0131 s\u0131radini zenginliklere de de\u011finiyor.\u0130pek Yolu, orta\u00e7a\u011f \u00c7in ke\u015fi\u015flerinin g\u00fcnl\u00fcklerinden, hukuki belgelerden, kad\u0131nlar\u0131n kaleme ald\u0131\u011f\u0131 mektuplardan, kasaba tasvirlerinden, yasal ve dini d\u00f6k\u00fcmanlardan olu\u015fan zengin bir ar\u015fivden besleniyor.\u0130pek Yolu\u2019nun Mo\u011fol h\u00e2kimiyetinde oldu\u011fu d\u00f6neme dair belgelerle desteklenmi\u015ftir. <\/p>\n","protected":false},"excerpt":{"rendered":"<p>\u0130pek Yolu bildi\u011finiz t\u00fcm tarihi ger\u00e7ekleri alt\u00fcst edecek. D\u00fcnya tarihine y\u00f6n veren \u0130pek Yolu tam olarak nedir?Akla hemen \u00e7\u00f6l kumlar\u0131n\u0131n \u00fczerinde, \u00c7in&#8217;den Roma&#8217;ya yol alan bir<span class=\"excerpt-hellip\"> [\u2026]<\/span><\/p>\n","protected":false},"featured_media":0,"template":"","meta":{"_monsterinsights_skip_tracking":false,"_monsterinsights_sitenote_active":false,"_monsterinsights_sitenote_note":"","_monsterinsights_sitenote_category":0},"product_brand":[],"product_cat":[12370,12304],"product_tag":[],"class_list":{"0":"post-735427","1":"product","2":"type-product","3":"status-publish","5":"product_cat-arastirma-inceleme","6":"product_cat-tarih","7":"pa_cilt-ciltsiz","8":"pa_tur-kitap","9":"pa_yayinevi-nora-kitap","10":"pa_yazar-valerie-hansen","12":"first","13":"instock","14":"sale","15":"shipping-taxable","16":"purchasable","17":"product-type-simple"},"_links":{"self":[{"href":"https:\/\/roveyayinevi.com.tr\/index.php\/wp-json\/wp\/v2\/product\/735427","targetHints":{"allow":["GET"]}}],"collection":[{"href":"https:\/\/roveyayinevi.com.tr\/index.php\/wp-json\/wp\/v2\/product"}],"about":[{"href":"https:\/\/roveyayinevi.com.tr\/index.php\/wp-json\/wp\/v2\/types\/product"}],"wp:attachment":[{"href":"https:\/\/roveyayinevi.com.tr\/index.php\/wp-json\/wp\/v2\/media?parent=735427"}],"wp:term":[{"taxonomy":"product_brand","embeddable":true,"href":"https:\/\/roveyayinevi.com.tr\/index.php\/wp-json\/wp\/v2\/product_brand?post=735427"},{"taxonomy":"product_cat","embeddable":true,"href":"https:\/\/roveyayinevi.com.tr\/index.php\/wp-json\/wp\/v2\/product_cat?post=735427"},{"taxonomy":"product_tag","embeddable":true,"href":"https:\/\/roveyayinevi.com.tr\/index.php\/wp-json\/wp\/v2\/product_tag?post=735427"}],"curies":[{"name":"wp","href":"https:\/\/api.w.org\/{rel}","templated":true}]}}