{"id":735426,"date":"2025-08-27T22:47:35","date_gmt":"2025-08-27T19:47:35","guid":{"rendered":"https:\/\/roveyayinevi.com.tr\/index.php\/urun\/kardesime-mektuplar\/"},"modified":"2026-04-16T02:43:45","modified_gmt":"2026-04-15T23:43:45","slug":"kardesime-mektuplar","status":"publish","type":"product","link":"https:\/\/roveyayinevi.com.tr\/index.php\/urun\/kardesime-mektuplar\/","title":{"rendered":"Karde\u015fime Mektuplar"},"content":{"rendered":"<p>Edebiyat\u0131m\u0131z\u0131n ve fikir d\u00fcnyam\u0131z\u0131n, solu\u011fu hi\u00e7 kesilmemi\u015f, yank\u0131s\u0131 hi\u00e7 eksilmemi\u015f ve ba\u015fl\u0131 ba\u015f\u0131na ekol olu\u015fturmu\u015f isimlerinden Attil\u00e2 \u0130lhan\u2019\u0131n, karde\u015fi Cengiz \u0130lhan\u2019a 1951-1953 y\u0131llar\u0131nda \u0130stanbul ve Paris\u2019ten yazd\u0131\u011f\u0131 mektuplar, edebiyat tarihimize \u00f6nemli bir katk\u0131 sunuyor.\u00d6ncelikle, hen\u00fcz 20\u2019li ya\u015flardaki Attil\u00e2 \u0130lhan\u2019\u0131n gen\u00e7 bir sanat\u00e7\u0131 olarak portresi \u00e7\u0131k\u0131yor kar\u015f\u0131m\u0131za. \u201cKaptan\u201d olarak f\u0131rt\u0131nalar ve sert dalgalar aras\u0131nda alaca\u011f\u0131, f\u0131rt\u0131na estirip y\u00fcksek dalgalar yaratarak ilerledi\u011fi uzun yolu; benzersiz bir ayd\u0131n olarak yak\u0131n d\u00f6nem T\u00fcrkiye tarihine vuraca\u011f\u0131 damgay\u0131, daha 1950\u2019li y\u0131llar\u0131n ba\u015flar\u0131nda belirledi\u011fini, esteti\u011fini ve fikriyat\u0131n\u0131 ortaya koydu\u011funu g\u00f6r\u00fcyoruz.Sonradan \u00e7ok ba\u015far\u0131l\u0131 bir avukat olarak parlak meslek y\u0131llar\u0131 s\u00fcren ve 1974-1978 aras\u0131nda \u0130zmir Barosu Ba\u015fkanl\u0131\u011f\u0131 yapan Cengiz \u0130lhan\u2019a (1927-2011) karde\u015flik ve s\u0131k\u0131 dostluk ba\u011flar\u0131yla seslenmesinin yan\u0131 s\u0131ra, sanata dair yol g\u00f6stericili\u011fine, \u0131srarl\u0131 te\u015fviklerine, \u00f6nerilerine tan\u0131k oluyoruz.D\u00f6nemin \u0130stanbul ve Paris\u2019inden aktar\u0131lan manzaralar, Attil\u00e2 \u0130lhan\u2019\u0131n enerjisini, edebiyata dair kararl\u0131l\u0131\u011f\u0131n\u0131, ilgi alanlar\u0131n\u0131n geni\u015fli\u011fini, irade g\u00fcc\u00fcn\u00fc ve etraf\u0131na hep hafiften g\u00fcl\u00fcmseyerek bakan \u00e7ehresini belirginle\u015ftiriyor.<\/p>\n","protected":false},"excerpt":{"rendered":"<p>Edebiyat\u0131m\u0131z\u0131n ve fikir d\u00fcnyam\u0131z\u0131n, solu\u011fu hi\u00e7 kesilmemi\u015f, yank\u0131s\u0131 hi\u00e7 eksilmemi\u015f ve ba\u015fl\u0131 ba\u015f\u0131na ekol olu\u015fturmu\u015f isimlerinden Attil\u00e2 \u0130lhan\u2019\u0131n, karde\u015fi Cengiz \u0130lhan\u2019a 1951-1953 y\u0131llar\u0131nda \u0130stanbul ve Paris\u2019ten<span class=\"excerpt-hellip\"> [\u2026]<\/span><\/p>\n","protected":false},"featured_media":0,"template":"","meta":{"_monsterinsights_skip_tracking":false,"_monsterinsights_sitenote_active":false,"_monsterinsights_sitenote_note":"","_monsterinsights_sitenote_category":0},"product_brand":[],"product_cat":[12291,12509],"product_tag":[],"class_list":{"0":"post-735426","1":"product","2":"type-product","3":"status-publish","5":"product_cat-edebiyat","6":"product_cat-siir","7":"pa_cilt-ciltsiz","8":"pa_tur-kitap","9":"pa_yayinevi-kaynak-yayinlari","10":"pa_yazar-attila-ilhan","12":"first","13":"instock","14":"sale","15":"shipping-taxable","16":"purchasable","17":"product-type-simple"},"_links":{"self":[{"href":"https:\/\/roveyayinevi.com.tr\/index.php\/wp-json\/wp\/v2\/product\/735426","targetHints":{"allow":["GET"]}}],"collection":[{"href":"https:\/\/roveyayinevi.com.tr\/index.php\/wp-json\/wp\/v2\/product"}],"about":[{"href":"https:\/\/roveyayinevi.com.tr\/index.php\/wp-json\/wp\/v2\/types\/product"}],"wp:attachment":[{"href":"https:\/\/roveyayinevi.com.tr\/index.php\/wp-json\/wp\/v2\/media?parent=735426"}],"wp:term":[{"taxonomy":"product_brand","embeddable":true,"href":"https:\/\/roveyayinevi.com.tr\/index.php\/wp-json\/wp\/v2\/product_brand?post=735426"},{"taxonomy":"product_cat","embeddable":true,"href":"https:\/\/roveyayinevi.com.tr\/index.php\/wp-json\/wp\/v2\/product_cat?post=735426"},{"taxonomy":"product_tag","embeddable":true,"href":"https:\/\/roveyayinevi.com.tr\/index.php\/wp-json\/wp\/v2\/product_tag?post=735426"}],"curies":[{"name":"wp","href":"https:\/\/api.w.org\/{rel}","templated":true}]}}