{"id":735425,"date":"2025-08-27T22:47:34","date_gmt":"2025-08-27T19:47:34","guid":{"rendered":"https:\/\/roveyayinevi.com.tr\/index.php\/urun\/benim-duvardan-farkim-ne\/"},"modified":"2026-04-16T02:43:45","modified_gmt":"2026-04-15T23:43:45","slug":"benim-duvardan-farkim-ne","status":"publish","type":"product","link":"https:\/\/roveyayinevi.com.tr\/index.php\/urun\/benim-duvardan-farkim-ne\/","title":{"rendered":"Benim Duvardan Fark\u0131m Ne?"},"content":{"rendered":"<p>\u201cBir g\u00fcn biri \u00e7\u0131k\u0131p bitmeyen bir hik\u00e2ye yazacak.\u201dKendine \u2018Benim duvardan fark\u0131m ne?\u2019 diye sordun mu hi\u00e7?Dilek Yard\u0131mc\u0131, Benim Duvardan Fark\u0131m Ne? kitab\u0131nda \u00e7ocuklar\u0131 d\u00fc\u015f\u00fcnsel bir oyunda bulu\u015fturuyor; kendi hik\u00e2yelerini yazmaya ve ruh ikizlerini aramaya davet ediyor.  G\u00fcnl\u00fck hayat ko\u015fu\u015fturmas\u0131nda ka\u00e7\u0131rd\u0131\u011f\u0131m\u0131z \u201canlara\u201d, yitirdi\u011fimiz \u201cduygulara\u201d, erteledi\u011fimiz \u201cihtiya\u00e7lara\u201d dokunan yazar, birey merkezli \u201ck\u00fc\u00e7\u00fck\u201d d\u00fcnyalar\u0131m\u0131z\u0131n d\u0131\u015f\u0131nda kalan hemen her canl\u0131y\u0131 nas\u0131l da g\u00f6rmezden geldi\u011fimizi fark ettiriyor.Dostlu\u011fu ve dayan\u0131\u015fmay\u0131 \u00f6n planda tuttu\u011fu i\u00e7ten anlat\u0131s\u0131yla okurlar\u0131 i\u00e7sel bir yolculu\u011fa \u00e7\u0131karan roman, s\u00fcrpriz sonuyla d\u00fc\u015f\u00fcnd\u00fcr\u00fcyor: Evet, bazen de \u00f6\u011fretmenler \u00f6\u011frencilerinden \u00f6\u011frenirmi\u015f&#8230; Ayliz, zengin d\u00fc\u015f g\u00fcc\u00fcyle s\u0131n\u0131f arkada\u015flar\u0131ndan ayr\u0131\u015fan bir k\u0131zd\u0131r. Kedilerden, kar\u0131ncalardan, yapraklardan kurdu\u011fu renkli d\u00fcnyas\u0131, bir g\u00fcn otob\u00fcs dura\u011f\u0131nda kar\u015f\u0131la\u015ft\u0131\u011f\u0131 \u201ctip ikizi\u201d ile daha da renklenir. Ayliz, hayat\u0131n keyifli y\u00fcz\u00fcn\u00fc ke\u015ffetmi\u015ftir bir kere. Ne var ki mutlulu\u011fu uzun s\u00fcrmez. Tip ikizi ortadan kaybolunca i\u015fler iyice sarpa sarar. K\u00fc\u00e7\u00fck k\u0131z onu bulmak i\u00e7in etrafa bak\u0131nd\u0131k\u00e7a okula devaml\u0131 ge\u00e7 kal\u0131r. Bu durumdan rahats\u0131z olan \u00f6\u011fretmeni, \u00e7areyi yarat\u0131c\u0131 bir cezada bulur. Ba\u015flarda sevimsiz gibi g\u00f6r\u00fcnen bu ceza hi\u00e7 beklenmedik bir \u015fekilde Ayliz&#8217;in, \u00f6\u011fretmeni Engin Bey&#8217;in ve s\u0131n\u0131ftaki t\u00fcm \u00e7ocuklar\u0131n ya\u015fama bak\u0131\u015flar\u0131n\u0131 de\u011fi\u015ftirip onlar\u0131 ortak bir ama\u00e7ta birle\u015ftirecektir&#8230;   E\u011fitimci, yazar Dilek Yard\u0131mc\u0131, \u2018Bir insan\u0131 en iyi kim tan\u0131r?\u2019 sorusuna yan\u0131t arad\u0131\u011f\u0131 bu kitab\u0131nda, farkl\u0131l\u0131klar\u0131m\u0131za vurgu yaparak hi\u00e7 bilmedi\u011finiz y\u00f6nlerimizi ke\u015ffetmemiz i\u00e7in bizlere ilham veriyor.Benim Duvardan Fark\u0131m Ne?, kalpleri \u0131s\u0131tan hik\u00e2yesiyle \u00e7ocuklar\u0131n d\u00fcnyas\u0131ndaki \u201cben\u201d egemenli\u011fini \u201cbiz\u201de d\u00f6n\u00fc\u015ft\u00fcrmeyi ba\u015far\u0131yor. <\/p>\n","protected":false},"excerpt":{"rendered":"<p>\u201cBir g\u00fcn biri \u00e7\u0131k\u0131p bitmeyen bir hik\u00e2ye yazacak.\u201dKendine \u2018Benim duvardan fark\u0131m ne?\u2019 diye sordun mu hi\u00e7?Dilek Yard\u0131mc\u0131, Benim Duvardan Fark\u0131m Ne? kitab\u0131nda \u00e7ocuklar\u0131 d\u00fc\u015f\u00fcnsel bir oyunda<span class=\"excerpt-hellip\"> [\u2026]<\/span><\/p>\n","protected":false},"featured_media":0,"template":"","meta":{"_monsterinsights_skip_tracking":false,"_monsterinsights_sitenote_active":false,"_monsterinsights_sitenote_note":"","_monsterinsights_sitenote_category":0},"product_brand":[],"product_cat":[12275,12274],"product_tag":[],"class_list":{"0":"post-735425","1":"product","2":"type-product","3":"status-publish","5":"product_cat-6-12-yas-kitaplari","6":"product_cat-cocuk-ve-genclik-kitaplari","7":"pa_cilt-ciltsiz","8":"pa_tur-kitap","9":"pa_yayinevi-tudem-yayinlari","10":"pa_yazar-dilek-yardimci","12":"first","13":"instock","14":"sale","15":"shipping-taxable","16":"purchasable","17":"product-type-simple"},"_links":{"self":[{"href":"https:\/\/roveyayinevi.com.tr\/index.php\/wp-json\/wp\/v2\/product\/735425","targetHints":{"allow":["GET"]}}],"collection":[{"href":"https:\/\/roveyayinevi.com.tr\/index.php\/wp-json\/wp\/v2\/product"}],"about":[{"href":"https:\/\/roveyayinevi.com.tr\/index.php\/wp-json\/wp\/v2\/types\/product"}],"wp:attachment":[{"href":"https:\/\/roveyayinevi.com.tr\/index.php\/wp-json\/wp\/v2\/media?parent=735425"}],"wp:term":[{"taxonomy":"product_brand","embeddable":true,"href":"https:\/\/roveyayinevi.com.tr\/index.php\/wp-json\/wp\/v2\/product_brand?post=735425"},{"taxonomy":"product_cat","embeddable":true,"href":"https:\/\/roveyayinevi.com.tr\/index.php\/wp-json\/wp\/v2\/product_cat?post=735425"},{"taxonomy":"product_tag","embeddable":true,"href":"https:\/\/roveyayinevi.com.tr\/index.php\/wp-json\/wp\/v2\/product_tag?post=735425"}],"curies":[{"name":"wp","href":"https:\/\/api.w.org\/{rel}","templated":true}]}}