{"id":735424,"date":"2025-08-27T22:47:32","date_gmt":"2025-08-27T19:47:32","guid":{"rendered":"https:\/\/roveyayinevi.com.tr\/index.php\/urun\/yer-alti-su-alti-ciltli\/"},"modified":"2026-04-16T02:43:45","modified_gmt":"2026-04-15T23:43:45","slug":"yer-alti-su-alti-ciltli","status":"publish","type":"product","link":"https:\/\/roveyayinevi.com.tr\/index.php\/urun\/yer-alti-su-alti-ciltli\/","title":{"rendered":"Yer Alt\u0131 &#8211; Su Alt\u0131 (Ciltli)"},"content":{"rendered":"<p>D\u00fcnya \u00e7ap\u0131nda ilgi uyand\u0131ran Atlas&#8217;\u0131n yarat\u0131c\u0131lar\u0131 Aleksandra Mizieli\u0144ska ve Daniel Mizieli\u0144ski&#8217;den yine devasa ve yine g\u00f6z al\u0131c\u0131 bir kitap!    YER ALTI SU ALTI ile yerin alt\u0131na ve okyanusun derinliklerine gizlenmi\u015f muhte\u015fem yerleri g\u00f6rece\u011finiz, devasa kalamardan mavi balinaya muazzam canl\u0131larla tan\u0131\u015faca\u011f\u0131n\u0131z, gayzerlerin olu\u015fumu ya da d\u00fcnyan\u0131n en derin metro istasyonu gibi onlarca ilgin\u00e7 bilgiyle kar\u015f\u0131la\u015faca\u011f\u0131n\u0131z heyecan verici bir ke\u015fif yolculu\u011funa \u00e7\u0131kmaya haz\u0131rlan\u0131n!    Ak\u0131lalmaz (bu kelimeyi se\u00e7erek kulland\u0131k, l\u00fctfen \u00f6rnek sayfalara bir g\u00f6z at\u0131n) derecede detayl\u0131 \u00e7izimler e\u015fli\u011finde d\u00fcnyan\u0131n en derin madenine inecek, en y\u00fcksek volkan\u0131n\u0131n i\u00e7ine girecek ve dev solucanlarla tan\u0131\u015facaks\u0131n\u0131z. \u0130lk denizalt\u0131lardan derin sulardaki ya\u015fama, kaz\u0131c\u0131 hayvanlardan insan yap\u0131m\u0131 t\u00fcnellere&#8230; YER ALTI SU ALTI ile yery\u00fcz\u00fcne bamba\u015fka bir g\u00f6zle bakmaya ba\u015flayacaks\u0131n\u0131z.   Merakl\u0131 ka\u015fife not: \u00c7ift y\u00f6nl\u00fc bu kitab\u0131n belli bir \u00f6n ya da arka y\u00fcz\u00fc yok. \u0130ster YER ALTI taraf\u0131ndan ba\u015fla ve arkeologlarla eski uygarl\u0131klar\u0131n ya da dinozor fosillerinin pe\u015fine d\u00fc\u015f, istersen kitab\u0131 \u00e7evirip SU ALTI&#8217;na dal ve bilim insanlar\u0131yla birlikte Titanik enkaz\u0131n\u0131n etraf\u0131nda y\u00fcz. Se\u00e7imin ne olursa olsun, sana s\u00f6z veriyoruz, her sayfada \u015fa\u015f\u0131racaks\u0131n. <\/p>\n","protected":false},"excerpt":{"rendered":"<p>D\u00fcnya \u00e7ap\u0131nda ilgi uyand\u0131ran Atlas&#8217;\u0131n yarat\u0131c\u0131lar\u0131 Aleksandra Mizieli\u0144ska ve Daniel Mizieli\u0144ski&#8217;den yine devasa ve yine g\u00f6z al\u0131c\u0131 bir kitap! YER ALTI SU ALTI ile yerin alt\u0131na<span class=\"excerpt-hellip\"> [\u2026]<\/span><\/p>\n","protected":false},"featured_media":0,"template":"","meta":{"_monsterinsights_skip_tracking":false,"_monsterinsights_sitenote_active":false,"_monsterinsights_sitenote_note":"","_monsterinsights_sitenote_category":0},"product_brand":[],"product_cat":[12275,12274],"product_tag":[],"class_list":{"0":"post-735424","1":"product","2":"type-product","3":"status-publish","5":"product_cat-6-12-yas-kitaplari","6":"product_cat-cocuk-ve-genclik-kitaplari","7":"pa_cilt-ciltli","8":"pa_tur-kitap","9":"pa_yayinevi-domingo-yayinevi","10":"pa_yazar-aleksandra-mizielinska-daniel-mizielinski","12":"first","13":"instock","14":"sale","15":"shipping-taxable","16":"purchasable","17":"product-type-simple"},"_links":{"self":[{"href":"https:\/\/roveyayinevi.com.tr\/index.php\/wp-json\/wp\/v2\/product\/735424","targetHints":{"allow":["GET"]}}],"collection":[{"href":"https:\/\/roveyayinevi.com.tr\/index.php\/wp-json\/wp\/v2\/product"}],"about":[{"href":"https:\/\/roveyayinevi.com.tr\/index.php\/wp-json\/wp\/v2\/types\/product"}],"wp:attachment":[{"href":"https:\/\/roveyayinevi.com.tr\/index.php\/wp-json\/wp\/v2\/media?parent=735424"}],"wp:term":[{"taxonomy":"product_brand","embeddable":true,"href":"https:\/\/roveyayinevi.com.tr\/index.php\/wp-json\/wp\/v2\/product_brand?post=735424"},{"taxonomy":"product_cat","embeddable":true,"href":"https:\/\/roveyayinevi.com.tr\/index.php\/wp-json\/wp\/v2\/product_cat?post=735424"},{"taxonomy":"product_tag","embeddable":true,"href":"https:\/\/roveyayinevi.com.tr\/index.php\/wp-json\/wp\/v2\/product_tag?post=735424"}],"curies":[{"name":"wp","href":"https:\/\/api.w.org\/{rel}","templated":true}]}}