{"id":735421,"date":"2025-08-27T22:47:30","date_gmt":"2025-08-27T19:47:30","guid":{"rendered":"https:\/\/roveyayinevi.com.tr\/index.php\/urun\/iliski-bagimliligi-ve-narsist-tuzagi\/"},"modified":"2026-04-16T02:43:45","modified_gmt":"2026-04-15T23:43:45","slug":"iliski-bagimliligi-ve-narsist-tuzagi","status":"publish","type":"product","link":"https:\/\/roveyayinevi.com.tr\/index.php\/urun\/iliski-bagimliligi-ve-narsist-tuzagi\/","title":{"rendered":"\u0130li\u015fki Ba\u011f\u0131ml\u0131l\u0131\u011f\u0131 ve Narsist Tuza\u011f\u0131"},"content":{"rendered":"<p>Bize zarar veren insanlar\u0131 neden seviyoruz? \u201cBa\u015flang\u0131\u00e7ta toz pembe g\u00f6r\u00fcnen ili\u015fkilerin neden bir k\u00e2busa d\u00f6n\u00fc\u015ft\u00fc\u011f\u00fcn\u00fc anlamam\u0131z\u0131 sa\u011flayan kitap.\u201d Sab\u0131rl\u0131, c\u00f6mert ve \u00f6zverili insanlar neden genellikle bencil, de\u011fi\u015fime kapal\u0131, otoriter insanlara ba\u011flan\u0131r? Bizlere zarar veren ili\u015fkiler d\u00f6ng\u00fcs\u00fcn\u00fc nas\u0131l sonland\u0131rabilir ve duygusal manip\u00fclasyona kar\u015f\u0131 nas\u0131l korunabiliriz? Medeniyetin ba\u015flang\u0131c\u0131ndan beri erkekler ve kad\u0131nlar; g\u00f6rd\u00fckleri, hissettikleri ve d\u00fc\u015f\u00fcnd\u00fcklerinden \u00e7ok g\u00f6r\u00fcnmez g\u00fc\u00e7ler taraf\u0131ndan kar\u015f\u0131 konulmaz bir \u015fekilde romantik ili\u015fkilere \u00e7ekilir. Psikoterapist Ross Rosenberg, \u2018M\u0131knat\u0131s \u0130nsan Sendromu\u2019 kavram\u0131n\u0131 bu \u00e7ekimi a\u00e7\u0131klayabilmek ad\u0131na ortaya koymu\u015ftur. \u0130li\u015fki Ba\u011f\u0131ml\u0131l\u0131\u011f\u0131 ve Narsist Tuza\u011f\u0131\u2019n\u0131 okuyanlar, \u2018M\u0131knat\u0131s \u0130nsan Sendromu\u2019 kavram\u0131 \u00e7evresinde ger\u00e7ek a\u015fk\u0131 bulma hayallerini y\u0131karak onlar\u0131 inciten partnerlere neden umutsuzca \u00e2\u015f\u0131k olduklar\u0131n\u0131 daha iyi anlayacaklar.<\/p>\n","protected":false},"excerpt":{"rendered":"<p>Bize zarar veren insanlar\u0131 neden seviyoruz? \u201cBa\u015flang\u0131\u00e7ta toz pembe g\u00f6r\u00fcnen ili\u015fkilerin neden bir k\u00e2busa d\u00f6n\u00fc\u015ft\u00fc\u011f\u00fcn\u00fc anlamam\u0131z\u0131 sa\u011flayan kitap.\u201d Sab\u0131rl\u0131, c\u00f6mert ve \u00f6zverili insanlar neden genellikle bencil,<span class=\"excerpt-hellip\"> [\u2026]<\/span><\/p>\n","protected":false},"featured_media":0,"template":"","meta":{"_monsterinsights_skip_tracking":false,"_monsterinsights_sitenote_active":false,"_monsterinsights_sitenote_note":"","_monsterinsights_sitenote_category":0},"product_brand":[],"product_cat":[12358,12357],"product_tag":[],"class_list":{"0":"post-735421","1":"product","2":"type-product","3":"status-publish","5":"product_cat-genel-psikoloji","6":"product_cat-psikoloji","7":"pa_cilt-ciltsiz","8":"pa_tur-kitap","9":"pa_yayinevi-sola-unitas","10":"pa_yazar-ross-rosenberg","12":"first","13":"instock","14":"sale","15":"shipping-taxable","16":"purchasable","17":"product-type-simple"},"_links":{"self":[{"href":"https:\/\/roveyayinevi.com.tr\/index.php\/wp-json\/wp\/v2\/product\/735421","targetHints":{"allow":["GET"]}}],"collection":[{"href":"https:\/\/roveyayinevi.com.tr\/index.php\/wp-json\/wp\/v2\/product"}],"about":[{"href":"https:\/\/roveyayinevi.com.tr\/index.php\/wp-json\/wp\/v2\/types\/product"}],"wp:attachment":[{"href":"https:\/\/roveyayinevi.com.tr\/index.php\/wp-json\/wp\/v2\/media?parent=735421"}],"wp:term":[{"taxonomy":"product_brand","embeddable":true,"href":"https:\/\/roveyayinevi.com.tr\/index.php\/wp-json\/wp\/v2\/product_brand?post=735421"},{"taxonomy":"product_cat","embeddable":true,"href":"https:\/\/roveyayinevi.com.tr\/index.php\/wp-json\/wp\/v2\/product_cat?post=735421"},{"taxonomy":"product_tag","embeddable":true,"href":"https:\/\/roveyayinevi.com.tr\/index.php\/wp-json\/wp\/v2\/product_tag?post=735421"}],"curies":[{"name":"wp","href":"https:\/\/api.w.org\/{rel}","templated":true}]}}