{"id":735420,"date":"2025-08-27T22:47:29","date_gmt":"2025-08-27T19:47:29","guid":{"rendered":"https:\/\/roveyayinevi.com.tr\/index.php\/urun\/bediuzzaman-said-nursi-2\/"},"modified":"2026-04-16T02:43:45","modified_gmt":"2026-04-15T23:43:45","slug":"bediuzzaman-said-nursi-2","status":"publish","type":"product","link":"https:\/\/roveyayinevi.com.tr\/index.php\/urun\/bediuzzaman-said-nursi-2\/","title":{"rendered":"Bedi\u00fczzaman Said Nursi"},"content":{"rendered":"<p>Bu eserde yer alan ve uzun y\u0131llara dayanan Bedi\u00fczzaman Said Nursi ara\u015ft\u0131rmalar\u0131m\u0131z bir biyografi ve kronoloji \u00e7al\u0131\u015fmas\u0131 de\u011fildir. Bu eserle y\u0131llarca Bedi\u00fczzaman\u2019\u0131n hayat\u0131nda bilinmeyen veya yanl\u0131\u015f anla\u015f\u0131lan ve ezber bozan konular\u0131 i\u015flemeye \u00e7al\u0131\u015ft\u0131k. \u00d6zellikle yeni yeti\u015fen nesillere y\u0131llarca yanl\u0131\u015f bilinen do\u011frular\u0131 bilgi ve belgeler \u0131\u015f\u0131\u011f\u0131nda aktarma gayreti ve arzusu ile bu eseri yay\u0131nlama sorumlulu\u011funu \u00fcstlendik. Pe\u015fin h\u00fck\u00fcml\u00fc de\u011filiz belgelere dayanan tenkit ve g\u00f6r\u00fc\u015flere her zaman a\u00e7\u0131\u011f\u0131z. Yeni ara\u015ft\u0131rmac\u0131lar i\u00e7in bu \u00e7al\u0131\u015fman\u0131n ufuk a\u00e7\u0131c\u0131 ve yol g\u00f6sterici olmas\u0131 temennisi ile.<\/p>\n","protected":false},"excerpt":{"rendered":"<p>Bu eserde yer alan ve uzun y\u0131llara dayanan Bedi\u00fczzaman Said Nursi ara\u015ft\u0131rmalar\u0131m\u0131z bir biyografi ve kronoloji \u00e7al\u0131\u015fmas\u0131 de\u011fildir. Bu eserle y\u0131llarca Bedi\u00fczzaman\u2019\u0131n hayat\u0131nda bilinmeyen veya yanl\u0131\u015f<span class=\"excerpt-hellip\"> [\u2026]<\/span><\/p>\n","protected":false},"featured_media":0,"template":"","meta":{"_monsterinsights_skip_tracking":false,"_monsterinsights_sitenote_active":false,"_monsterinsights_sitenote_note":"","_monsterinsights_sitenote_category":0},"product_brand":[],"product_cat":[13946,12304],"product_tag":[],"class_list":{"0":"post-735420","1":"product","2":"type-product","3":"status-publish","5":"product_cat-biyografi-otobiyografi","6":"product_cat-tarih","7":"pa_cilt-ciltsiz","8":"pa_tur-kitap","9":"pa_yayinevi-foliant-yayinlari","10":"pa_yazar-mehmet-selim-mardin","12":"first","13":"instock","14":"sale","15":"shipping-taxable","16":"purchasable","17":"product-type-simple"},"_links":{"self":[{"href":"https:\/\/roveyayinevi.com.tr\/index.php\/wp-json\/wp\/v2\/product\/735420","targetHints":{"allow":["GET"]}}],"collection":[{"href":"https:\/\/roveyayinevi.com.tr\/index.php\/wp-json\/wp\/v2\/product"}],"about":[{"href":"https:\/\/roveyayinevi.com.tr\/index.php\/wp-json\/wp\/v2\/types\/product"}],"wp:attachment":[{"href":"https:\/\/roveyayinevi.com.tr\/index.php\/wp-json\/wp\/v2\/media?parent=735420"}],"wp:term":[{"taxonomy":"product_brand","embeddable":true,"href":"https:\/\/roveyayinevi.com.tr\/index.php\/wp-json\/wp\/v2\/product_brand?post=735420"},{"taxonomy":"product_cat","embeddable":true,"href":"https:\/\/roveyayinevi.com.tr\/index.php\/wp-json\/wp\/v2\/product_cat?post=735420"},{"taxonomy":"product_tag","embeddable":true,"href":"https:\/\/roveyayinevi.com.tr\/index.php\/wp-json\/wp\/v2\/product_tag?post=735420"}],"curies":[{"name":"wp","href":"https:\/\/api.w.org\/{rel}","templated":true}]}}