{"id":735417,"date":"2025-08-27T22:47:27","date_gmt":"2025-08-27T19:47:27","guid":{"rendered":"https:\/\/roveyayinevi.com.tr\/index.php\/urun\/mogolistan-devlet-ve-toplum\/"},"modified":"2026-04-16T02:43:45","modified_gmt":"2026-04-15T23:43:45","slug":"mogolistan-devlet-ve-toplum","status":"publish","type":"product","link":"https:\/\/roveyayinevi.com.tr\/index.php\/urun\/mogolistan-devlet-ve-toplum\/","title":{"rendered":"Mo\u011folistan Devlet ve Toplum"},"content":{"rendered":"<p>T\u00fcrkiye, Mo\u011folistan i\u00e7in \u00dc\u00e7\u00fcnc\u00fc Kom\u015fu \u00fclkedir.  T\u00fcrkiye i\u00e7in ise Mo\u011folistan, tarihsel karde\u015flik yan\u0131nda, ata topra\u011f\u0131na evsahipli\u011fi yapan bir \u00fclkedir. T\u00fcrklerin ilk yaz\u0131l\u0131 belgelerinin oldu\u011fu ve ilk T\u00fcrk devleti olan G\u00f6kt\u00fcrklerin kuruldu\u011fu topraklar \u015fimdiki Mo\u011folistan\u2019dad\u0131r. Bu a\u00e7\u0131dan, T\u00fcrkiye Mo\u011folistan ile duygusal ba\u011flar\u0131 olan bir \u00fclkedir. Ancak bu ba\u011f sadece duygusal de\u011fil, stratejik olarak da g\u00f6r\u00fclmelidir. Mo\u011folistan\u2019\u0131n \u201cdevlet ve toplum\u201d yap\u0131s\u0131 \u00fczerine T\u00fcrkiye\u2019de ara\u015ft\u0131rma say\u0131s\u0131 son derece azd\u0131r. Mo\u011folistan \u00fczerine T\u00fcrk\u00e7e \u00e7al\u0131\u015fmalar daha \u00e7ok tarihsel ba\u011flara ili\u015fkindir. Bir b\u00fct\u00fcn olarak Mo\u011folistan\u2019\u0131n devlet ve toplum yap\u0131s\u0131n\u0131 inceleyen ara\u015ft\u0131rma ise hi\u00e7 yoktur. Bu \u00e7al\u0131\u015fma, bu bo\u015flu\u011fu doldurmada \u00f6nc\u00fcd\u00fcr. Kitap analitik ve ayn\u0131 zamanda betimsel bir y\u00f6ntemle kaleme al\u0131nm\u0131\u015ft\u0131r. Mo\u011folistan\u2019\u0131n devlet ve toplum yap\u0131s\u0131n\u0131 analiz etmek ve anlamak iddias\u0131ndad\u0131r. Ayn\u0131 zamanda \u00f6nc\u00fc bir \u00e7al\u0131\u015fmad\u0131r. Ard\u0131ndan yap\u0131lacak \u00e7al\u0131\u015fmalara iz a\u00e7mak ama\u00e7lanm\u0131\u015ft\u0131r. <\/p>\n","protected":false},"excerpt":{"rendered":"<p>T\u00fcrkiye, Mo\u011folistan i\u00e7in \u00dc\u00e7\u00fcnc\u00fc Kom\u015fu \u00fclkedir. T\u00fcrkiye i\u00e7in ise Mo\u011folistan, tarihsel karde\u015flik yan\u0131nda, ata topra\u011f\u0131na evsahipli\u011fi yapan bir \u00fclkedir. T\u00fcrklerin ilk yaz\u0131l\u0131 belgelerinin oldu\u011fu ve ilk<span class=\"excerpt-hellip\"> [\u2026]<\/span><\/p>\n","protected":false},"featured_media":0,"template":"","meta":{"_monsterinsights_skip_tracking":false,"_monsterinsights_sitenote_active":false,"_monsterinsights_sitenote_note":"","_monsterinsights_sitenote_category":0},"product_brand":[],"product_cat":[12370,12304],"product_tag":[],"class_list":{"0":"post-735417","1":"product","2":"type-product","3":"status-publish","5":"product_cat-arastirma-inceleme","6":"product_cat-tarih","7":"pa_cilt-ciltsiz","8":"pa_tur-kitap","9":"pa_yayinevi-tiav","10":"pa_yazar-onur-ender-aslan","12":"first","13":"instock","14":"sale","15":"shipping-taxable","16":"purchasable","17":"product-type-simple"},"_links":{"self":[{"href":"https:\/\/roveyayinevi.com.tr\/index.php\/wp-json\/wp\/v2\/product\/735417","targetHints":{"allow":["GET"]}}],"collection":[{"href":"https:\/\/roveyayinevi.com.tr\/index.php\/wp-json\/wp\/v2\/product"}],"about":[{"href":"https:\/\/roveyayinevi.com.tr\/index.php\/wp-json\/wp\/v2\/types\/product"}],"wp:attachment":[{"href":"https:\/\/roveyayinevi.com.tr\/index.php\/wp-json\/wp\/v2\/media?parent=735417"}],"wp:term":[{"taxonomy":"product_brand","embeddable":true,"href":"https:\/\/roveyayinevi.com.tr\/index.php\/wp-json\/wp\/v2\/product_brand?post=735417"},{"taxonomy":"product_cat","embeddable":true,"href":"https:\/\/roveyayinevi.com.tr\/index.php\/wp-json\/wp\/v2\/product_cat?post=735417"},{"taxonomy":"product_tag","embeddable":true,"href":"https:\/\/roveyayinevi.com.tr\/index.php\/wp-json\/wp\/v2\/product_tag?post=735417"}],"curies":[{"name":"wp","href":"https:\/\/api.w.org\/{rel}","templated":true}]}}