{"id":735416,"date":"2025-08-27T22:47:26","date_gmt":"2025-08-27T19:47:26","guid":{"rendered":"https:\/\/roveyayinevi.com.tr\/index.php\/urun\/yerel-yonetimlerde-ve-mulki-idarede-kurullar-ve-toplantilar\/"},"modified":"2026-04-16T02:43:45","modified_gmt":"2026-04-15T23:43:45","slug":"yerel-yonetimlerde-ve-mulki-idarede-kurullar-ve-toplantilar","status":"publish","type":"product","link":"https:\/\/roveyayinevi.com.tr\/index.php\/urun\/yerel-yonetimlerde-ve-mulki-idarede-kurullar-ve-toplantilar\/","title":{"rendered":"Yerel Y\u00f6netimlerde ve M\u00fclki \u0130darede Kurullar ve Toplant\u0131lar"},"content":{"rendered":"<p>Genel olarak y\u00f6netimde, \u00f6zellikle de kamu y\u00f6netiminde kurul halinde \u00e7al\u0131\u015fmalar \u00f6nemli yer tutar. Bunun i\u00e7in geni\u015f zaman ayr\u0131lmaktad\u0131r. \u00dclkemizde kurullar\u0131n ve toplant\u0131lar\u0131n say\u0131s\u0131n\u0131n \u00e7ok oldu\u011fu da bilinen bir ger\u00e7ektir. Daha \u00f6nce m\u00fclki idare amirlerinin ba\u015fkanl\u0131k etti\u011fi kurullar konusunda \u00e7e\u015fitli \u00e7al\u0131\u015fmalar bulunmaktad\u0131r. Ancak g\u00fcncel geli\u015fmeleri i\u00e7erecek bi\u00e7imde ele alan \u00e7al\u0131\u015fmaya her zaman ihtiya\u00e7 duyulmaktad\u0131r. Yerel y\u00f6netimler a\u00e7\u0131s\u0131ndan belediye meclisi ve enc\u00fcmeni ile il genel meclisi ve il enc\u00fcmeni \u00fczerine yaz\u0131lm\u0131\u015f bir\u00e7ok kitap ve makale bulunmakla birlikte kurullar\u0131 b\u00fct\u00fcn olarak ele alan fazla \u00e7al\u0131\u015fma bulunmamaktad\u0131r. Mevzuattaki h\u0131zl\u0131 de\u011fi\u015fme, \u00f6zellikle 2004 y\u0131l\u0131ndan sonra yerel y\u00f6netim reformu ve 2018\u2019de Cumhurba\u015fkanl\u0131\u011f\u0131 H\u00fck\u00fcmet Sistemine ge\u00e7ilmesi dolay\u0131s\u0131yla g\u00fcncel \u00e7al\u0131\u015fmalara duyulan ihtiya\u00e7 ortadad\u0131r. Bu nedenle, kitapta hem yerel y\u00f6netimlerde hem de m\u00fclki idarede kurullar\u0131n topluca incelenmesi ama\u00e7lanm\u0131\u015ft\u0131r. Kurullar\u0131n tarihsel ge\u00e7mi\u015finden ve kurul halinde \u00e7al\u0131\u015fmalar\u0131n k\u0131sa bir de\u011ferlendirilmesinden sonra halen y\u00fcr\u00fcrl\u00fckteki mevzuatta yer alan g\u00fcncel kurullar tan\u0131t\u0131lmakta ve a\u00e7\u0131klanmaktad\u0131r. <\/p>\n","protected":false},"excerpt":{"rendered":"<p>Genel olarak y\u00f6netimde, \u00f6zellikle de kamu y\u00f6netiminde kurul halinde \u00e7al\u0131\u015fmalar \u00f6nemli yer tutar. Bunun i\u00e7in geni\u015f zaman ayr\u0131lmaktad\u0131r. \u00dclkemizde kurullar\u0131n ve toplant\u0131lar\u0131n say\u0131s\u0131n\u0131n \u00e7ok oldu\u011fu da<span class=\"excerpt-hellip\"> [\u2026]<\/span><\/p>\n","protected":false},"featured_media":0,"template":"","meta":{"_monsterinsights_skip_tracking":false,"_monsterinsights_sitenote_active":false,"_monsterinsights_sitenote_note":"","_monsterinsights_sitenote_category":0},"product_brand":[],"product_cat":[13590,12337],"product_tag":[],"class_list":{"0":"post-735416","1":"product","2":"type-product","3":"status-publish","5":"product_cat-arastirma-inceleme-politika-siyaset","6":"product_cat-politika-siyaset","7":"pa_cilt-ciltsiz","8":"pa_tur-kitap","9":"pa_yayinevi-tiav","10":"pa_yazar-enver-salihoglu","12":"first","13":"instock","14":"sale","15":"shipping-taxable","16":"purchasable","17":"product-type-simple"},"_links":{"self":[{"href":"https:\/\/roveyayinevi.com.tr\/index.php\/wp-json\/wp\/v2\/product\/735416","targetHints":{"allow":["GET"]}}],"collection":[{"href":"https:\/\/roveyayinevi.com.tr\/index.php\/wp-json\/wp\/v2\/product"}],"about":[{"href":"https:\/\/roveyayinevi.com.tr\/index.php\/wp-json\/wp\/v2\/types\/product"}],"wp:attachment":[{"href":"https:\/\/roveyayinevi.com.tr\/index.php\/wp-json\/wp\/v2\/media?parent=735416"}],"wp:term":[{"taxonomy":"product_brand","embeddable":true,"href":"https:\/\/roveyayinevi.com.tr\/index.php\/wp-json\/wp\/v2\/product_brand?post=735416"},{"taxonomy":"product_cat","embeddable":true,"href":"https:\/\/roveyayinevi.com.tr\/index.php\/wp-json\/wp\/v2\/product_cat?post=735416"},{"taxonomy":"product_tag","embeddable":true,"href":"https:\/\/roveyayinevi.com.tr\/index.php\/wp-json\/wp\/v2\/product_tag?post=735416"}],"curies":[{"name":"wp","href":"https:\/\/api.w.org\/{rel}","templated":true}]}}