{"id":735414,"date":"2025-08-27T22:47:24","date_gmt":"2025-08-27T19:47:24","guid":{"rendered":"https:\/\/roveyayinevi.com.tr\/index.php\/urun\/valilik-ve-kaymakamlik-birimleri-mevzuat-el-kitabi\/"},"modified":"2026-04-16T02:43:45","modified_gmt":"2026-04-15T23:43:45","slug":"valilik-ve-kaymakamlik-birimleri-mevzuat-el-kitabi","status":"publish","type":"product","link":"https:\/\/roveyayinevi.com.tr\/index.php\/urun\/valilik-ve-kaymakamlik-birimleri-mevzuat-el-kitabi\/","title":{"rendered":"Valilik ve Kaymakaml\u0131k Birimleri Mevzuat El Kitab\u0131"},"content":{"rendered":"<p>2000 y\u0131l\u0131nda kurulan T\u00fcrk \u0130dari Ara\u015ft\u0131rmalar Vakf\u0131, genelde kamu y\u00f6netimi, \u00f6zelde m\u00fclki idare \u00fczerinde yay\u0131nlara odaklanmaktad\u0131r. Bu ba\u011flamda valilik ve kaymakaml\u0131k birimlerinde \u00e7ok kullan\u0131lan mevzuat\u0131n bir araya geldi\u011fi bir yay\u0131n\u0131n el kitab\u0131 olarak faydal\u0131 olabilece\u011fi d\u00fc\u015f\u00fcn\u00fcld\u00fc. 2013 y\u0131l\u0131nda ilk \u00f6rne\u011fi \u00e7\u0131kan \u00e7al\u0131\u015fman\u0131n son d\u00f6nemde ortaya \u00e7\u0131kan geli\u015fmeler \u0131\u015f\u0131\u011f\u0131nda g\u00f6zden ge\u00e7irilmesi sa\u011fland\u0131. Bu ba\u011flamda, konuyla ilgili temel mevzuat\u0131n yer ald\u0131\u011f\u0131 bu \u00e7al\u0131\u015fma ortaya \u00e7\u0131kt\u0131. \u00c7apar, S. ve M. Uyar (Ed.) (2021)Valilik ve Kaymakaml\u0131k Birimleri Mevzuat El Kitab\u0131 (2021), Ankara: T\u0130AV Yay\u0131nlar\u0131. <\/p>\n","protected":false},"excerpt":{"rendered":"<p>2000 y\u0131l\u0131nda kurulan T\u00fcrk \u0130dari Ara\u015ft\u0131rmalar Vakf\u0131, genelde kamu y\u00f6netimi, \u00f6zelde m\u00fclki idare \u00fczerinde yay\u0131nlara odaklanmaktad\u0131r. Bu ba\u011flamda valilik ve kaymakaml\u0131k birimlerinde \u00e7ok kullan\u0131lan mevzuat\u0131n bir<span class=\"excerpt-hellip\"> [\u2026]<\/span><\/p>\n","protected":false},"featured_media":0,"template":"","meta":{"_monsterinsights_skip_tracking":false,"_monsterinsights_sitenote_active":false,"_monsterinsights_sitenote_note":"","_monsterinsights_sitenote_category":0},"product_brand":[],"product_cat":[15350,17583],"product_tag":[],"class_list":{"0":"post-735414","1":"product","2":"type-product","3":"status-publish","5":"product_cat-hukuk","6":"product_cat-kanun-ve-uygulama-kitaplari","7":"pa_cilt-ciltsiz","8":"pa_tur-kitap","9":"pa_yayinevi-tiav","10":"pa_yazar-selim-capar-muge-uyar","12":"first","13":"instock","14":"sale","15":"shipping-taxable","16":"purchasable","17":"product-type-simple"},"_links":{"self":[{"href":"https:\/\/roveyayinevi.com.tr\/index.php\/wp-json\/wp\/v2\/product\/735414","targetHints":{"allow":["GET"]}}],"collection":[{"href":"https:\/\/roveyayinevi.com.tr\/index.php\/wp-json\/wp\/v2\/product"}],"about":[{"href":"https:\/\/roveyayinevi.com.tr\/index.php\/wp-json\/wp\/v2\/types\/product"}],"wp:attachment":[{"href":"https:\/\/roveyayinevi.com.tr\/index.php\/wp-json\/wp\/v2\/media?parent=735414"}],"wp:term":[{"taxonomy":"product_brand","embeddable":true,"href":"https:\/\/roveyayinevi.com.tr\/index.php\/wp-json\/wp\/v2\/product_brand?post=735414"},{"taxonomy":"product_cat","embeddable":true,"href":"https:\/\/roveyayinevi.com.tr\/index.php\/wp-json\/wp\/v2\/product_cat?post=735414"},{"taxonomy":"product_tag","embeddable":true,"href":"https:\/\/roveyayinevi.com.tr\/index.php\/wp-json\/wp\/v2\/product_tag?post=735414"}],"curies":[{"name":"wp","href":"https:\/\/api.w.org\/{rel}","templated":true}]}}