{"id":735413,"date":"2025-08-27T22:47:23","date_gmt":"2025-08-27T19:47:23","guid":{"rendered":"https:\/\/roveyayinevi.com.tr\/index.php\/urun\/enerji-guvenligi-ve-iran\/"},"modified":"2026-04-16T02:43:45","modified_gmt":"2026-04-15T23:43:45","slug":"enerji-guvenligi-ve-iran","status":"publish","type":"product","link":"https:\/\/roveyayinevi.com.tr\/index.php\/urun\/enerji-guvenligi-ve-iran\/","title":{"rendered":"Enerji G\u00fcvenli\u011fi ve \u0130ran"},"content":{"rendered":"<p>\u0130ran\u2019\u0131n enerji g\u00fcvenli\u011fi daha \u00f6nce farkl\u0131 teoriler ve bak\u0131\u015f a\u00e7\u0131lar\u0131 ile ele al\u0131nm\u0131\u015f olsa da hi\u00e7bir \u00e7al\u0131\u015fmada Kopenhag Okulu\u2019nun sekt\u00f6rel analizi \u00e7er\u00e7evesinde bir yakla\u015f\u0131m ile analiz edilmemi\u015ftir. Bu \u00e7al\u0131\u015fman\u0131n amac\u0131, \u0130ran\u2019\u0131n enerji g\u00fcvenli\u011fini ele almak yan\u0131 s\u0131ra bu g\u00fcvenli\u011fi modern g\u00fcvenlik yakla\u015f\u0131mlardan biri olan Kopenhag Okulu\u2019nun ortaya koydu\u011fu teoriler \u00e7er\u00e7evesinde analiz etmektir. Bununla birlikte \u00e7al\u0131\u015fman\u0131n \u00fczerinde durdu\u011fu bir di\u011fer \u00f6nemli husus ise literat\u00fcrde \u201cenerji arz g\u00fcvenli\u011fi\u201d kavram\u0131n\u0131n \u201cenerji g\u00fcvenli\u011fi\u201d veya \u201cpazar g\u00fcvenli\u011fi\u201dolarak ifade edilebilecek kavram ile yer de\u011fi\u015ftirmi\u015f olmas\u0131d\u0131r.  \u00d6zellikle d\u00fcnya enerji sisteminin arz odakl\u0131 olmas\u0131ndan dolay\u0131 enerji g\u00fcvenli\u011fi kavram\u0131 zaman i\u00e7erisinde arz g\u00fcvenli\u011fi kavram\u0131n\u0131n \u00f6zellikleri ile \u00f6zde\u015ftirilmi\u015ftir.Ancak enerjinin talep g\u00fcvenli\u011fi boyutu g\u00f6z ard\u0131 edilmi\u015ftir. Bu \u00e7al\u0131\u015fmada \u00f6zellikle enerji g\u00fcvenli\u011fi kavram\u0131 i\u00e7erisinde talep g\u00fcvenli\u011fi boyutunun da \u00f6nemli oldu\u011fu ve enerji ihra\u00e7 eden \u00fclkeler i\u00e7in de bir enerji g\u00fcvenli\u011fi probleminin ortaya \u00e7\u0131kabilece\u011fi fikrine odaklan\u0131lmaktad\u0131r. <\/p>\n","protected":false},"excerpt":{"rendered":"<p>\u0130ran\u2019\u0131n enerji g\u00fcvenli\u011fi daha \u00f6nce farkl\u0131 teoriler ve bak\u0131\u015f a\u00e7\u0131lar\u0131 ile ele al\u0131nm\u0131\u015f olsa da hi\u00e7bir \u00e7al\u0131\u015fmada Kopenhag Okulu\u2019nun sekt\u00f6rel analizi \u00e7er\u00e7evesinde bir yakla\u015f\u0131m ile analiz<span class=\"excerpt-hellip\"> [\u2026]<\/span><\/p>\n","protected":false},"featured_media":0,"template":"","meta":{"_monsterinsights_skip_tracking":false,"_monsterinsights_sitenote_active":false,"_monsterinsights_sitenote_note":"","_monsterinsights_sitenote_category":0},"product_brand":[],"product_cat":[13590,12337],"product_tag":[],"class_list":{"0":"post-735413","1":"product","2":"type-product","3":"status-publish","5":"product_cat-arastirma-inceleme-politika-siyaset","6":"product_cat-politika-siyaset","7":"pa_cilt-ciltsiz","8":"pa_tur-kitap","9":"pa_yayinevi-tiav","10":"pa_yazar-ekber-kandemir","12":"first","13":"instock","14":"sale","15":"shipping-taxable","16":"purchasable","17":"product-type-simple"},"_links":{"self":[{"href":"https:\/\/roveyayinevi.com.tr\/index.php\/wp-json\/wp\/v2\/product\/735413","targetHints":{"allow":["GET"]}}],"collection":[{"href":"https:\/\/roveyayinevi.com.tr\/index.php\/wp-json\/wp\/v2\/product"}],"about":[{"href":"https:\/\/roveyayinevi.com.tr\/index.php\/wp-json\/wp\/v2\/types\/product"}],"wp:attachment":[{"href":"https:\/\/roveyayinevi.com.tr\/index.php\/wp-json\/wp\/v2\/media?parent=735413"}],"wp:term":[{"taxonomy":"product_brand","embeddable":true,"href":"https:\/\/roveyayinevi.com.tr\/index.php\/wp-json\/wp\/v2\/product_brand?post=735413"},{"taxonomy":"product_cat","embeddable":true,"href":"https:\/\/roveyayinevi.com.tr\/index.php\/wp-json\/wp\/v2\/product_cat?post=735413"},{"taxonomy":"product_tag","embeddable":true,"href":"https:\/\/roveyayinevi.com.tr\/index.php\/wp-json\/wp\/v2\/product_tag?post=735413"}],"curies":[{"name":"wp","href":"https:\/\/api.w.org\/{rel}","templated":true}]}}