{"id":735410,"date":"2025-08-27T22:47:20","date_gmt":"2025-08-27T19:47:20","guid":{"rendered":"https:\/\/roveyayinevi.com.tr\/index.php\/urun\/huzursuzluk\/"},"modified":"2026-04-16T02:43:44","modified_gmt":"2026-04-15T23:43:44","slug":"huzursuzluk","status":"publish","type":"product","link":"https:\/\/roveyayinevi.com.tr\/index.php\/urun\/huzursuzluk\/","title":{"rendered":"Huzursuzluk"},"content":{"rendered":"<p>\u201cUstaca i\u015flenmi\u015f s\u00fcr\u00fckleyici bir hik\u00e2ye. Okurlara bir arma\u011fan.\u201d Rafia Zakaria \u201cDerin kesen ince bir han\u00e7er bu kitap.\u201d Keija Parssinen Edebiyat\u0131m\u0131z\u0131n usta kalemi Z\u00fclf\u00fc Livaneli\u2019den g\u00fc\u00e7l\u00fc bir a\u015fk ve inan\u00e7 hik\u00e2yesi. \u00dcnl\u00fc edebiyat\u00e7\u0131 bu kez kalemini s\u0131n\u0131rboylar\u0131nda gezdiriyor. Ortado\u011fu\u2019daki sava\u015f\u0131n ve I\u015e\u0130D zulm\u00fcn\u00fcn en \u00e7ok etkiledi\u011fi insanlar\u0131n, Ezidi kad\u0131nlar\u0131n ve \u00e7ocuklar\u0131n ya\u015fad\u0131klar\u0131n\u0131 cesurca aktar\u0131yor. \u0130stanbul\u2019da gazetecilik yapan \u0130brahim, bir sabah, \u00e7ocukluk arkada\u015f\u0131 H\u00fcseyin\u2019in \u00f6l\u00fcm\u00fcn\u00fc haber masas\u0131nda buluyor. \u0130\u015fte bu \u00f6l\u00fcm, \u0130brahim\u2019i neredeyse t\u00fcm ba\u011flar\u0131n\u0131 kopard\u0131\u011f\u0131 k\u00f6klerine, Mardin\u2019e do\u011fru bir yolculu\u011fa \u00e7\u0131kar\u0131yor ve Meleknaz\u2019la tan\u0131\u015fmas\u0131n\u0131 sa\u011fl\u0131yor. \u0130brahim, \u00f6lm\u00fc\u015f arkada\u015f\u0131n\u0131n sevdas\u0131n\u0131 devral\u0131r gibi Meleknaz\u2019a \u00e2\u015f\u0131k oluyor ve giderek H\u00fcseyinle\u015fiyor. Huzursuzluk, bir yandan Ortado\u011fu\u2019nun en insafs\u0131z hallerini, sava\u015f\u0131, yoklu\u011fu, m\u00fclteci kamplar\u0131n\u0131 ve kad\u0131n d\u00fc\u015fmanl\u0131\u011f\u0131n\u0131 g\u00f6zler \u00f6n\u00fcne seriyor; di\u011fer yandan Mezopotamya topraklar\u0131n\u0131n ge\u00e7mi\u015fine ve bug\u00fcn\u00fcne empatik, sorgulay\u0131c\u0131 bir bak\u0131\u015f sunuyor. \u0130nsan do\u011fas\u0131 \u00fczerine destans\u0131 bir anlat\u0131 sunan Livaneli, as\u0131rlard\u0131r bu co\u011frafyada ya\u015fayan halklara, tarihlere, inan\u00e7lara ve hik\u00e2yelere ses veriyor. T\u00fcrkiye\u2019de yay\u0131mland\u0131\u011f\u0131 g\u00fcnden itibaren b\u00fcy\u00fck yank\u0131 uyand\u0131ran, \u00e7evirileriyle d\u00fcnya \u00e7ap\u0131nda okurlarla bulu\u015fan Huzursuzluk, son olarak \u0130ngilizceye \u00e7evrilerek yay\u0131nland\u0131\u011f\u0131 ABD\u2019de b\u00fcy\u00fck \u00f6vg\u00fcler ald\u0131.<\/p>\n","protected":false},"excerpt":{"rendered":"<p>\u201cUstaca i\u015flenmi\u015f s\u00fcr\u00fckleyici bir hik\u00e2ye. Okurlara bir arma\u011fan.\u201d Rafia Zakaria \u201cDerin kesen ince bir han\u00e7er bu kitap.\u201d Keija Parssinen Edebiyat\u0131m\u0131z\u0131n usta kalemi Z\u00fclf\u00fc Livaneli\u2019den g\u00fc\u00e7l\u00fc bir<span class=\"excerpt-hellip\"> [\u2026]<\/span><\/p>\n","protected":false},"featured_media":0,"template":"","meta":{"_monsterinsights_skip_tracking":false,"_monsterinsights_sitenote_active":false,"_monsterinsights_sitenote_note":"","_monsterinsights_sitenote_category":0},"product_brand":[],"product_cat":[12291,12711],"product_tag":[],"class_list":{"0":"post-735410","1":"product","2":"type-product","3":"status-publish","5":"product_cat-edebiyat","6":"product_cat-roman-oyku","7":"pa_cilt-ciltsiz","8":"pa_tur-kitap","9":"pa_yayinevi-inkilap-kitabevi","10":"pa_yazar-zulfu-livaneli","12":"first","13":"instock","14":"sale","15":"shipping-taxable","16":"purchasable","17":"product-type-simple"},"_links":{"self":[{"href":"https:\/\/roveyayinevi.com.tr\/index.php\/wp-json\/wp\/v2\/product\/735410","targetHints":{"allow":["GET"]}}],"collection":[{"href":"https:\/\/roveyayinevi.com.tr\/index.php\/wp-json\/wp\/v2\/product"}],"about":[{"href":"https:\/\/roveyayinevi.com.tr\/index.php\/wp-json\/wp\/v2\/types\/product"}],"wp:attachment":[{"href":"https:\/\/roveyayinevi.com.tr\/index.php\/wp-json\/wp\/v2\/media?parent=735410"}],"wp:term":[{"taxonomy":"product_brand","embeddable":true,"href":"https:\/\/roveyayinevi.com.tr\/index.php\/wp-json\/wp\/v2\/product_brand?post=735410"},{"taxonomy":"product_cat","embeddable":true,"href":"https:\/\/roveyayinevi.com.tr\/index.php\/wp-json\/wp\/v2\/product_cat?post=735410"},{"taxonomy":"product_tag","embeddable":true,"href":"https:\/\/roveyayinevi.com.tr\/index.php\/wp-json\/wp\/v2\/product_tag?post=735410"}],"curies":[{"name":"wp","href":"https:\/\/api.w.org\/{rel}","templated":true}]}}