{"id":735409,"date":"2025-08-27T22:47:19","date_gmt":"2025-08-27T19:47:19","guid":{"rendered":"https:\/\/roveyayinevi.com.tr\/index.php\/urun\/istanbulu-dinliyorum-gozlerim-kapali\/"},"modified":"2026-04-16T02:43:44","modified_gmt":"2026-04-15T23:43:44","slug":"istanbulu-dinliyorum-gozlerim-kapali","status":"publish","type":"product","link":"https:\/\/roveyayinevi.com.tr\/index.php\/urun\/istanbulu-dinliyorum-gozlerim-kapali\/","title":{"rendered":"\u0130stanbul&#8217;u Dinliyorum G\u00f6zlerim Kapal\u0131"},"content":{"rendered":"<p>Ben Orhan Veli, \u201cYaz\u0131k oldu S\u00fcleyman Efendiye\u201d M\u0131sra-i me\u015fhurunun m\u00fcbdii.. Duydum ki merak ediyormu\u015fsunuzHususi hayat\u0131m\u0131, Anlatay\u0131m: Evvela adam\u0131m, yani Sirk hayvan\u0131 falan de\u011filim. Burnum var, kula\u011f\u0131m var, Pek bi\u00e7imli olmamakla beraber. Evde otururum, Masa ba\u015f\u0131nda \u00e7al\u0131\u015f\u0131r\u0131m. Bir anne ile babadan d\u00fcnyaya geldim. Ne ba\u015f\u0131mda bulut gezdiririm, Ne s\u0131rt\u0131mda m\u00fchr-i n\u00fcb\u00fcvvet. Ne \u0130ngiliz k\u0131ral\u0131 kadar M\u00fctevaz\u0131y\u0131m, Ne de Cel\u00e2l Bayar\u2019\u0131n Ah\u0131r u\u015fa\u011f\u0131 gibi aristokrat. Ispana\u011f\u0131 \u00e7ok severim. Puf b\u00f6re\u011fine hele Bay\u0131l\u0131r\u0131m. Malda m\u00fclkte g\u00f6z\u00fcm yoktur. Vallahi yoktur.<\/p>\n","protected":false},"excerpt":{"rendered":"<p>Ben Orhan Veli, \u201cYaz\u0131k oldu S\u00fcleyman Efendiye\u201d M\u0131sra-i me\u015fhurunun m\u00fcbdii.. Duydum ki merak ediyormu\u015fsunuzHususi hayat\u0131m\u0131, Anlatay\u0131m: Evvela adam\u0131m, yani Sirk hayvan\u0131 falan de\u011filim. Burnum var, kula\u011f\u0131m<span class=\"excerpt-hellip\"> [\u2026]<\/span><\/p>\n","protected":false},"featured_media":0,"template":"","meta":{"_monsterinsights_skip_tracking":false,"_monsterinsights_sitenote_active":false,"_monsterinsights_sitenote_note":"","_monsterinsights_sitenote_category":0},"product_brand":[],"product_cat":[12291,12509],"product_tag":[],"class_list":{"0":"post-735409","1":"product","2":"type-product","3":"status-publish","5":"product_cat-edebiyat","6":"product_cat-siir","7":"pa_cilt-ciltsiz","8":"pa_tur-kitap","9":"pa_yayinevi-beste-yayinlari","10":"pa_yazar-orhan-veli-kanik","12":"first","13":"instock","14":"sale","15":"shipping-taxable","16":"purchasable","17":"product-type-simple"},"_links":{"self":[{"href":"https:\/\/roveyayinevi.com.tr\/index.php\/wp-json\/wp\/v2\/product\/735409","targetHints":{"allow":["GET"]}}],"collection":[{"href":"https:\/\/roveyayinevi.com.tr\/index.php\/wp-json\/wp\/v2\/product"}],"about":[{"href":"https:\/\/roveyayinevi.com.tr\/index.php\/wp-json\/wp\/v2\/types\/product"}],"wp:attachment":[{"href":"https:\/\/roveyayinevi.com.tr\/index.php\/wp-json\/wp\/v2\/media?parent=735409"}],"wp:term":[{"taxonomy":"product_brand","embeddable":true,"href":"https:\/\/roveyayinevi.com.tr\/index.php\/wp-json\/wp\/v2\/product_brand?post=735409"},{"taxonomy":"product_cat","embeddable":true,"href":"https:\/\/roveyayinevi.com.tr\/index.php\/wp-json\/wp\/v2\/product_cat?post=735409"},{"taxonomy":"product_tag","embeddable":true,"href":"https:\/\/roveyayinevi.com.tr\/index.php\/wp-json\/wp\/v2\/product_tag?post=735409"}],"curies":[{"name":"wp","href":"https:\/\/api.w.org\/{rel}","templated":true}]}}