{"id":735403,"date":"2025-08-27T22:47:13","date_gmt":"2025-08-27T19:47:13","guid":{"rendered":"https:\/\/roveyayinevi.com.tr\/index.php\/urun\/duvar-5\/"},"modified":"2026-04-16T02:43:44","modified_gmt":"2026-04-15T23:43:44","slug":"duvar-5","status":"publish","type":"product","link":"https:\/\/roveyayinevi.com.tr\/index.php\/urun\/duvar-5\/","title":{"rendered":"Duvar"},"content":{"rendered":"<p>Sedat Peker\u2019in, kendisinin de i\u00e7inde yer ald\u0131\u011f\u0131 Susurluk skandal\u0131ndan 25 y\u0131l sonra gelen if\u015fa ve itiraflar\u0131, T\u00fcrkiye\u2019nin \u2018mafya-siyaset-devlet\u2019 \u00fc\u00e7geni i\u00e7inde dipsiz bir batakl\u0131\u011fa d\u00f6n\u00fc\u015ft\u00fcr\u00fcld\u00fc\u011f\u00fcn\u00fc ortaya koydu. D\u00fcnya tarihinde g\u00f6r\u00fclmemi\u015f bir skandallar zinciriydi. Gazeteci cinayetindeki tetik\u00e7i aray\u0131\u015flar\u0131\u2026 Y\u00fcz milyonlarca dolarl\u0131k kara para transferleri\u2026 Kara para ile \u00e7\u00f6k\u00fclm\u00fc\u015f l\u00fcks otellerdeki siyasiler, b\u00fcrokratlar, mafya babalar\u0131 ve oligarklar\u2026 Sat\u0131l\u0131k mahkeme kararlar\u0131, adli t\u0131p kurumu raporlar\u0131\u2026 Milyonlarca dolarl\u0131k r\u00fc\u015fvet g\u00f6r\u00fc\u015fmelerinin ses kay\u0131tlar\u0131\u2026 Siyaset\u00e7i otomobillerinin bagajlar\u0131na y\u00fcklenen paralar\u2026 \u0130stanbul sokaklar\u0131nda kasalarla ta\u015f\u0131nan kala\u015fnikoflar\u2026 Devletin damarlar\u0131nda gezen milyar dolarl\u0131k uyu\u015fturucu\u2026 S\u0131n\u0131r \u00f6tesine ta\u015f\u0131nan silahlar\u2026 Onlarca isim, saymakla bitmeyen su\u00e7lar\u2026 Ve sonu\u00e7: Mafyan\u0131n devletle\u015fti\u011fi bir \u00fclke. \u0130ktidar susarak ve susturarak kurtulmay\u0131 denedi. Tek adam rejiminde b\u00fct\u00fcn denge ve denetleme organlar\u0131 yok edilmi\u015fti. Ne yarg\u0131 ne de Meclis harekete ge\u00e7ti. Ne var ki; hayat bo\u015fluk tan\u0131mad\u0131 ve elinizde tuttu\u011funuz bu eserin m\u00fcellifleri, Meclis\u2019in yapmad\u0131\u011f\u0131n\u0131 yapt\u0131. Deneyimli gazeteci ekibi titiz bir \u00e7al\u0131\u015fmayla, Peker\u2019in itiraflar\u0131n\u0131 en ince ayr\u0131nt\u0131s\u0131na kadar inceledi, zikredilen olaylar\u0131n tarihsel k\u00f6klerini ve ili\u015fkilerini de\u015fti. Sonunda ortaya, bir tu\u011fla \u00e7ekilse y\u0131k\u0131lmas\u0131 muhtemel olan kirli, kanl\u0131 duvar\u0131n, hayli kapsaml\u0131 ve g\u00fcncel bir portresi \u00e7\u0131kt\u0131. Ve bu kitap sadece okuyup, birbirimize dert yanmak i\u00e7in de\u011fil, o tu\u011flan\u0131n \u00e7ekilmesi i\u00e7in haz\u0131rland\u0131. <\/p>\n","protected":false},"excerpt":{"rendered":"<p>Sedat Peker\u2019in, kendisinin de i\u00e7inde yer ald\u0131\u011f\u0131 Susurluk skandal\u0131ndan 25 y\u0131l sonra gelen if\u015fa ve itiraflar\u0131, T\u00fcrkiye\u2019nin \u2018mafya-siyaset-devlet\u2019 \u00fc\u00e7geni i\u00e7inde dipsiz bir batakl\u0131\u011fa d\u00f6n\u00fc\u015ft\u00fcr\u00fcld\u00fc\u011f\u00fcn\u00fc ortaya koydu.<span class=\"excerpt-hellip\"> [\u2026]<\/span><\/p>\n","protected":false},"featured_media":0,"template":"","meta":{"_monsterinsights_skip_tracking":false,"_monsterinsights_sitenote_active":false,"_monsterinsights_sitenote_note":"","_monsterinsights_sitenote_category":0},"product_brand":[],"product_cat":[12337,14543],"product_tag":[],"class_list":{"0":"post-735403","1":"product","2":"type-product","3":"status-publish","5":"product_cat-politika-siyaset","6":"product_cat-turkiye-siyaseti-ve-politikasi","7":"pa_cilt-ciltsiz","8":"pa_tur-kitap","9":"pa_yayinevi-ileri-kitapligi","10":"pa_yazar-ahmet-sik","12":"first","13":"instock","14":"sale","15":"shipping-taxable","16":"purchasable","17":"product-type-simple"},"_links":{"self":[{"href":"https:\/\/roveyayinevi.com.tr\/index.php\/wp-json\/wp\/v2\/product\/735403","targetHints":{"allow":["GET"]}}],"collection":[{"href":"https:\/\/roveyayinevi.com.tr\/index.php\/wp-json\/wp\/v2\/product"}],"about":[{"href":"https:\/\/roveyayinevi.com.tr\/index.php\/wp-json\/wp\/v2\/types\/product"}],"wp:attachment":[{"href":"https:\/\/roveyayinevi.com.tr\/index.php\/wp-json\/wp\/v2\/media?parent=735403"}],"wp:term":[{"taxonomy":"product_brand","embeddable":true,"href":"https:\/\/roveyayinevi.com.tr\/index.php\/wp-json\/wp\/v2\/product_brand?post=735403"},{"taxonomy":"product_cat","embeddable":true,"href":"https:\/\/roveyayinevi.com.tr\/index.php\/wp-json\/wp\/v2\/product_cat?post=735403"},{"taxonomy":"product_tag","embeddable":true,"href":"https:\/\/roveyayinevi.com.tr\/index.php\/wp-json\/wp\/v2\/product_tag?post=735403"}],"curies":[{"name":"wp","href":"https:\/\/api.w.org\/{rel}","templated":true}]}}