{"id":735402,"date":"2025-08-27T22:47:12","date_gmt":"2025-08-27T19:47:12","guid":{"rendered":"https:\/\/roveyayinevi.com.tr\/index.php\/urun\/egitimde-etik-2\/"},"modified":"2026-04-16T02:43:44","modified_gmt":"2026-04-15T23:43:44","slug":"egitimde-etik-2","status":"publish","type":"product","link":"https:\/\/roveyayinevi.com.tr\/index.php\/urun\/egitimde-etik-2\/","title":{"rendered":"E\u011fitimde Etik"},"content":{"rendered":"<p>Okullar, toplumsal, siyasal ve ekonomik i\u015flevleriyle \u00f6nemli i\u015flevlere sahiptirler. Okullar\u0131n bu i\u015flevlerini ger\u00e7ekle\u015ftirilmesinde kurum i\u00e7i ili\u015fkilerin niteli\u011fi \u00f6nem kazanmaktad\u0131r. Bu niteliklerden biri olan \u201c etik\u201d konusu e\u011fitim \u00f6rg\u00fctlerinde yeri ve \u00f6nemi tart\u0131\u015f\u0131lamaz. \u00d6zellikle, \u00f6\u011fretmenlerin \u00f6\u011fretmenlerin \u00f6\u011frencilerle ili\u015fkilerinde \u201cetik\u201d konusu \u00f6\u011fretme-\u00f6\u011frenme s\u00fcrecinin etkilili\u011fi bak\u0131m\u0131ndan do\u011frudan etkisi oldu\u011fu unutulmamal\u0131d\u0131r.<\/p>\n","protected":false},"excerpt":{"rendered":"<p>Okullar, toplumsal, siyasal ve ekonomik i\u015flevleriyle \u00f6nemli i\u015flevlere sahiptirler. Okullar\u0131n bu i\u015flevlerini ger\u00e7ekle\u015ftirilmesinde kurum i\u00e7i ili\u015fkilerin niteli\u011fi \u00f6nem kazanmaktad\u0131r. Bu niteliklerden biri olan \u201c etik\u201d konusu<span class=\"excerpt-hellip\"> [\u2026]<\/span><\/p>\n","protected":false},"featured_media":0,"template":"","meta":{"_monsterinsights_skip_tracking":false,"_monsterinsights_sitenote_active":false,"_monsterinsights_sitenote_note":"","_monsterinsights_sitenote_category":0},"product_brand":[],"product_cat":[12573,12566],"product_tag":[],"class_list":{"0":"post-735402","1":"product","2":"type-product","3":"status-publish","5":"product_cat-akademik-kitaplar","6":"product_cat-egitim","7":"pa_cilt-ciltsiz","8":"pa_tur-kitap","9":"pa_yayinevi-egiten-kitap","10":"pa_yazar-hasan-gunes","12":"first","13":"instock","14":"sale","15":"shipping-taxable","16":"purchasable","17":"product-type-simple"},"_links":{"self":[{"href":"https:\/\/roveyayinevi.com.tr\/index.php\/wp-json\/wp\/v2\/product\/735402","targetHints":{"allow":["GET"]}}],"collection":[{"href":"https:\/\/roveyayinevi.com.tr\/index.php\/wp-json\/wp\/v2\/product"}],"about":[{"href":"https:\/\/roveyayinevi.com.tr\/index.php\/wp-json\/wp\/v2\/types\/product"}],"wp:attachment":[{"href":"https:\/\/roveyayinevi.com.tr\/index.php\/wp-json\/wp\/v2\/media?parent=735402"}],"wp:term":[{"taxonomy":"product_brand","embeddable":true,"href":"https:\/\/roveyayinevi.com.tr\/index.php\/wp-json\/wp\/v2\/product_brand?post=735402"},{"taxonomy":"product_cat","embeddable":true,"href":"https:\/\/roveyayinevi.com.tr\/index.php\/wp-json\/wp\/v2\/product_cat?post=735402"},{"taxonomy":"product_tag","embeddable":true,"href":"https:\/\/roveyayinevi.com.tr\/index.php\/wp-json\/wp\/v2\/product_tag?post=735402"}],"curies":[{"name":"wp","href":"https:\/\/api.w.org\/{rel}","templated":true}]}}