{"id":735398,"date":"2025-08-27T22:47:09","date_gmt":"2025-08-27T19:47:09","guid":{"rendered":"https:\/\/roveyayinevi.com.tr\/index.php\/urun\/kilit-denetim-konulari-sermaye-piyasalarinda-denetimin-riskli-alanlarinin-raporlanmasi\/"},"modified":"2026-04-16T02:43:44","modified_gmt":"2026-04-15T23:43:44","slug":"kilit-denetim-konulari-sermaye-piyasalarinda-denetimin-riskli-alanlarinin-raporlanmasi","status":"publish","type":"product","link":"https:\/\/roveyayinevi.com.tr\/index.php\/urun\/kilit-denetim-konulari-sermaye-piyasalarinda-denetimin-riskli-alanlarinin-raporlanmasi\/","title":{"rendered":"Kilit Denetim Konular\u0131 Sermaye Piyasalar\u0131nda Denetimin Riskli Alanlar\u0131n\u0131n Raporlanmas\u0131"},"content":{"rendered":"<p>\u0130\u00e7indekiler   1.      Birinci B\u00f6l\u00fcm \u2013 Ba\u011f\u0131ms\u0131z Denetim Kavram\u0131 ve T\u00fcrkiye\u2019deki Uygulamalar 2.      \u0130kinci B\u00f6l\u00fcm \u2013 Kilit Denetim Konular\u0131n\u0131n Ba\u011f\u0131ms\u0131z Denet\u00e7i Raporunda Bildirilmesi Standard\u0131 3.      \u00dc\u00e7\u00fcnc\u00fc B\u00f6l\u00fcm \u2013 Borsa \u0130stanbul\u2019da Kilit Denetim Konular\u0131n\u0131n Bildirilmesi 4.      Sonu\u00e7 ve De\u011ferlendirme <\/p>\n","protected":false},"excerpt":{"rendered":"<p>\u0130\u00e7indekiler 1. Birinci B\u00f6l\u00fcm \u2013 Ba\u011f\u0131ms\u0131z Denetim Kavram\u0131 ve T\u00fcrkiye\u2019deki Uygulamalar 2. \u0130kinci B\u00f6l\u00fcm \u2013 Kilit Denetim Konular\u0131n\u0131n Ba\u011f\u0131ms\u0131z Denet\u00e7i Raporunda Bildirilmesi Standard\u0131 3. \u00dc\u00e7\u00fcnc\u00fc B\u00f6l\u00fcm<span class=\"excerpt-hellip\"> [\u2026]<\/span><\/p>\n","protected":false},"featured_media":0,"template":"","meta":{"_monsterinsights_skip_tracking":false,"_monsterinsights_sitenote_active":false,"_monsterinsights_sitenote_note":"","_monsterinsights_sitenote_category":0},"product_brand":[],"product_cat":[17249,13043],"product_tag":[],"class_list":{"0":"post-735398","1":"product","2":"type-product","3":"status-publish","5":"product_cat-borsa-finans","6":"product_cat-ekonomi","7":"pa_cilt-ciltsiz","8":"pa_tur-kitap","9":"pa_yayinevi-gazi-kitabevi","10":"pa_yazar-nuray-demirel-arici","12":"first","13":"instock","14":"sale","15":"shipping-taxable","16":"purchasable","17":"product-type-simple"},"_links":{"self":[{"href":"https:\/\/roveyayinevi.com.tr\/index.php\/wp-json\/wp\/v2\/product\/735398","targetHints":{"allow":["GET"]}}],"collection":[{"href":"https:\/\/roveyayinevi.com.tr\/index.php\/wp-json\/wp\/v2\/product"}],"about":[{"href":"https:\/\/roveyayinevi.com.tr\/index.php\/wp-json\/wp\/v2\/types\/product"}],"wp:attachment":[{"href":"https:\/\/roveyayinevi.com.tr\/index.php\/wp-json\/wp\/v2\/media?parent=735398"}],"wp:term":[{"taxonomy":"product_brand","embeddable":true,"href":"https:\/\/roveyayinevi.com.tr\/index.php\/wp-json\/wp\/v2\/product_brand?post=735398"},{"taxonomy":"product_cat","embeddable":true,"href":"https:\/\/roveyayinevi.com.tr\/index.php\/wp-json\/wp\/v2\/product_cat?post=735398"},{"taxonomy":"product_tag","embeddable":true,"href":"https:\/\/roveyayinevi.com.tr\/index.php\/wp-json\/wp\/v2\/product_tag?post=735398"}],"curies":[{"name":"wp","href":"https:\/\/api.w.org\/{rel}","templated":true}]}}