{"id":735397,"date":"2025-08-27T22:47:08","date_gmt":"2025-08-27T19:47:08","guid":{"rendered":"https:\/\/roveyayinevi.com.tr\/index.php\/urun\/multi-sportif-arastirmalar-3-spor-bilimleri-alaninda-farkli-yaklasimlar\/"},"modified":"2026-04-16T02:43:44","modified_gmt":"2026-04-15T23:43:44","slug":"multi-sportif-arastirmalar-3-spor-bilimleri-alaninda-farkli-yaklasimlar","status":"publish","type":"product","link":"https:\/\/roveyayinevi.com.tr\/index.php\/urun\/multi-sportif-arastirmalar-3-spor-bilimleri-alaninda-farkli-yaklasimlar\/","title":{"rendered":"Multi Sportif Ara\u015ft\u0131rmalar-3 : Spor Bilimleri Alan\u0131nda Farkl\u0131 Yakla\u015f\u0131mlar"},"content":{"rendered":"<p>Kitap Tan\u0131t\u0131m Yaz\u0131s\u0131 :                                                                                                                        \u0130\u00e7indekiler   1.      B\u00f6l\u00fcm 1 \u2022 FUTBOL HAKEMLER\u0130 \u0130LE \u0130LG\u0130L\u0130 2000 YILI VE SONRASI YAPILMI\u015e L\u0130SANS\u00dcST\u00dc \u00c7ALI\u015eMALARIN ANAL\u0130Z\u0130 2.      B\u00f6l\u00fcm 2 \u2022 COV\u0130D 19\u2019UN SPOR ORGAN\u0130ZASYONLARINA ETK\u0130S\u0130 3.      B\u00f6l\u00fcm 3 \u2022 PS\u0130KOSOSYAL (PS\u0130KOLOJ\u0130K VE SOSYOLOJ\u0130K) BECER\u0130 ANTRENMANI: B\u0130R KAVRAMSALLA\u015eTIRMA DENEMES\u0130 4.      B\u00f6l\u00fcm 4 \u2022 SPORDA SANAL PAZARLAMA STRATEJ\u0130LER\u0130 5.      B\u00f6l\u00fcm 5 \u2022 PARAL\u0130MP\u0130K KI\u015e OYUNLARININ TAR\u0130HSEL SER\u00dcVEN\u0130 6.      B\u00f6l\u00fcm 6 \u2022 BAZI \u00dcLKELER\u0130N BEDEN E\u011e\u0130T\u0130M\u0130 \u00d6\u011eRET\u0130M PROGRAMLARININ TAR\u0130HSEL S\u00dcREC\u0130 7.      B\u00f6l\u00fcm 7 \u2022 SPOR EKONOM\u0130S\u0130 8.      B\u00f6l\u00fcm 8 \u2022 SPOR Y\u00d6NET\u0130M\u0130NE GENEL B\u0130R BAKI\u015e 9.      B\u00f6l\u00fcm 9 \u2022 L\u0130SE \u00d6\u011eRENC\u0130LER\u0130NDE F\u0130Z\u0130KSEL AKT\u0130V\u0130TE YETERL\u0130K D\u00dcZEY\u0130 VE V\u00dcCUT K\u00dcTLE \u0130NDEKS\u0130N\u0130N \u0130NCELENMES\u0130 VE \u0130L\u0130\u015eK\u0130LEND\u0130R\u0130LMES\u0130 10.  B\u00f6l\u00fcm 10 \u2022 BEDENSEL ENGELL\u0130LER \u0130\u00c7\u0130N ALTERNAT\u0130F B\u0130R SPOR: UYARLANMI\u015e E-SPOR <\/p>\n","protected":false},"excerpt":{"rendered":"<p>Kitap Tan\u0131t\u0131m Yaz\u0131s\u0131 : \u0130\u00e7indekiler 1. B\u00f6l\u00fcm 1 \u2022 FUTBOL HAKEMLER\u0130 \u0130LE \u0130LG\u0130L\u0130 2000 YILI VE SONRASI YAPILMI\u015e L\u0130SANS\u00dcST\u00dc \u00c7ALI\u015eMALARIN ANAL\u0130Z\u0130 2. B\u00f6l\u00fcm 2 \u2022 COV\u0130D<span class=\"excerpt-hellip\"> [\u2026]<\/span><\/p>\n","protected":false},"featured_media":0,"template":"","meta":{"_monsterinsights_skip_tracking":false,"_monsterinsights_sitenote_active":false,"_monsterinsights_sitenote_note":"","_monsterinsights_sitenote_category":0},"product_brand":[],"product_cat":[15563,15564],"product_tag":[],"class_list":{"0":"post-735397","1":"product","2":"type-product","3":"status-publish","5":"product_cat-hobi","6":"product_cat-spor","7":"pa_cilt-ciltsiz","8":"pa_tur-kitap","9":"pa_yayinevi-gazi-kitabevi","10":"pa_yazar-ali-tekin-yalin-aygun","12":"first","13":"instock","14":"sale","15":"shipping-taxable","16":"purchasable","17":"product-type-simple"},"_links":{"self":[{"href":"https:\/\/roveyayinevi.com.tr\/index.php\/wp-json\/wp\/v2\/product\/735397","targetHints":{"allow":["GET"]}}],"collection":[{"href":"https:\/\/roveyayinevi.com.tr\/index.php\/wp-json\/wp\/v2\/product"}],"about":[{"href":"https:\/\/roveyayinevi.com.tr\/index.php\/wp-json\/wp\/v2\/types\/product"}],"wp:attachment":[{"href":"https:\/\/roveyayinevi.com.tr\/index.php\/wp-json\/wp\/v2\/media?parent=735397"}],"wp:term":[{"taxonomy":"product_brand","embeddable":true,"href":"https:\/\/roveyayinevi.com.tr\/index.php\/wp-json\/wp\/v2\/product_brand?post=735397"},{"taxonomy":"product_cat","embeddable":true,"href":"https:\/\/roveyayinevi.com.tr\/index.php\/wp-json\/wp\/v2\/product_cat?post=735397"},{"taxonomy":"product_tag","embeddable":true,"href":"https:\/\/roveyayinevi.com.tr\/index.php\/wp-json\/wp\/v2\/product_tag?post=735397"}],"curies":[{"name":"wp","href":"https:\/\/api.w.org\/{rel}","templated":true}]}}