{"id":735395,"date":"2025-08-27T22:47:06","date_gmt":"2025-08-27T19:47:06","guid":{"rendered":"https:\/\/roveyayinevi.com.tr\/index.php\/urun\/ataturkun-liderlik-sirlari\/"},"modified":"2026-04-16T02:43:44","modified_gmt":"2026-04-15T23:43:44","slug":"ataturkun-liderlik-sirlari","status":"publish","type":"product","link":"https:\/\/roveyayinevi.com.tr\/index.php\/urun\/ataturkun-liderlik-sirlari\/","title":{"rendered":"Atat\u00fcrk&#8217;\u00fcn Liderlik S\u0131rlar\u0131"},"content":{"rendered":"<p>T\u00fcm insanlar\u0131n ki\u015filiklerini belirleyen, d\u00fc\u015f\u00fcn\u00fc\u015f ve eylemlerine temel olan kimi \u00f6zellikleri vard\u0131r. Ki\u015fiyi ba\u015fkalar\u0131ndan ay\u0131ran bu \u00f6zellikler, onun karakterini olu\u015fturur. Hele ki bu ki\u015fi yurdunun s\u00f6m\u00fcrgeci i\u015fgalden kurtulu\u015funu sa\u011flam\u0131\u015fsa, \u00fclkesinin ve ulusunun \u00e7a\u011fda\u015fla\u015fmas\u0131n\u0131n yolunu a\u00e7m\u0131\u015fsa, onun karakter \u00f6zelliklerini ara\u015ft\u0131rmak ve anlamaya \u00e7al\u0131\u015fmak daha da b\u00fcy\u00fck \u00f6nem kazan\u0131r.   Prof. Dr. Hikmet \u00d6zdemir bu kitab\u0131nda, Mustafa Kemal Atat\u00fcrk&#8217;\u00fcn tarihin g\u00f6rd\u00fc\u011f\u00fc en b\u00fcy\u00fck liderlerden biri olmas\u0131n\u0131 sa\u011flayan ki\u015filik \u00f6zelliklerini, liderlik s\u0131rlar\u0131n\u0131 ve d\u00fc\u015f\u00fcnce yap\u0131s\u0131n\u0131 irdeleyerek, b\u00fct\u00fcnl\u00fckl\u00fc bir Atat\u00fcrk portresi sunuyor. <\/p>\n","protected":false},"excerpt":{"rendered":"<p>T\u00fcm insanlar\u0131n ki\u015filiklerini belirleyen, d\u00fc\u015f\u00fcn\u00fc\u015f ve eylemlerine temel olan kimi \u00f6zellikleri vard\u0131r. Ki\u015fiyi ba\u015fkalar\u0131ndan ay\u0131ran bu \u00f6zellikler, onun karakterini olu\u015fturur. Hele ki bu ki\u015fi yurdunun s\u00f6m\u00fcrgeci<span class=\"excerpt-hellip\"> [\u2026]<\/span><\/p>\n","protected":false},"featured_media":0,"template":"","meta":{"_monsterinsights_skip_tracking":false,"_monsterinsights_sitenote_active":false,"_monsterinsights_sitenote_note":"","_monsterinsights_sitenote_category":0},"product_brand":[],"product_cat":[12530,12304],"product_tag":[],"class_list":{"0":"post-735395","1":"product","2":"type-product","3":"status-publish","5":"product_cat-mustafa-kemal-ataturk","6":"product_cat-tarih","7":"pa_cilt-ciltsiz","8":"pa_tur-kitap","9":"pa_yayinevi-cumhuriyet-kitaplari","10":"pa_yazar-hikmet-ozdemir","12":"first","13":"instock","14":"sale","15":"shipping-taxable","16":"purchasable","17":"product-type-simple"},"_links":{"self":[{"href":"https:\/\/roveyayinevi.com.tr\/index.php\/wp-json\/wp\/v2\/product\/735395","targetHints":{"allow":["GET"]}}],"collection":[{"href":"https:\/\/roveyayinevi.com.tr\/index.php\/wp-json\/wp\/v2\/product"}],"about":[{"href":"https:\/\/roveyayinevi.com.tr\/index.php\/wp-json\/wp\/v2\/types\/product"}],"wp:attachment":[{"href":"https:\/\/roveyayinevi.com.tr\/index.php\/wp-json\/wp\/v2\/media?parent=735395"}],"wp:term":[{"taxonomy":"product_brand","embeddable":true,"href":"https:\/\/roveyayinevi.com.tr\/index.php\/wp-json\/wp\/v2\/product_brand?post=735395"},{"taxonomy":"product_cat","embeddable":true,"href":"https:\/\/roveyayinevi.com.tr\/index.php\/wp-json\/wp\/v2\/product_cat?post=735395"},{"taxonomy":"product_tag","embeddable":true,"href":"https:\/\/roveyayinevi.com.tr\/index.php\/wp-json\/wp\/v2\/product_tag?post=735395"}],"curies":[{"name":"wp","href":"https:\/\/api.w.org\/{rel}","templated":true}]}}