{"id":735394,"date":"2025-08-27T22:47:05","date_gmt":"2025-08-27T19:47:05","guid":{"rendered":"https:\/\/roveyayinevi.com.tr\/index.php\/urun\/super-kosucu\/"},"modified":"2026-04-16T02:43:44","modified_gmt":"2026-04-15T23:43:44","slug":"super-kosucu","status":"publish","type":"product","link":"https:\/\/roveyayinevi.com.tr\/index.php\/urun\/super-kosucu\/","title":{"rendered":"S\u00fcper Ko\u015fucu"},"content":{"rendered":"<p>Elif \u00c7okko\u015far&#8217;la tan\u0131\u015fmaya&#8230; pardon, ko\u015fmaya haz\u0131r m\u0131s\u0131n\u0131z? \u00d6d\u00fcll\u00fc yazar G\u00fczin \u00d6zt\u00fcrk, \u201cTek Ba\u015f\u0131ma Okuyorum!\u201d koleksiyonuna eklenen S\u00fcper Ko\u015fucu&#8217;da azmin, tutkunun ve kararl\u0131l\u0131\u011f\u0131n bir hortum kadar etkili olabilece\u011fini mizah\u0131n g\u00fcc\u00fcyle ve kendine has ritmik \u00fcslubuyla anlat\u0131yor. K\u00fc\u00e7\u00fck Elif&#8217;in b\u00fcy\u00fck hayalini umut y\u00fckl\u00fc bir \u00f6yk\u00fcye d\u00f6n\u00fc\u015ft\u00fcren yazar, her \u00e7ocu\u011fun, yeteneklerini geli\u015ftirebilmesi i\u00e7in b\u00fcy\u00fcklerinin y\u00f6nlendirmesine ve y\u00fcreklendirmesine gereksinim duyaca\u011f\u0131n\u0131 hat\u0131rlat\u0131yor. Duygular\u0131n\u0131 ve isteklerini ifade etmekte zorlananlara cesaret a\u015f\u0131layan kitap, kendini ger\u00e7ekle\u015ftirme yolunda \u00e7ocuklara m\u00fcthi\u015f bir g\u00fcd\u00fclenme sa\u011fl\u0131yor. Elif, ger\u00e7ekten \u00e7ok ama \u00e7ok h\u0131zl\u0131 ko\u015fuyor. \u00d6yle ki, babas\u0131 izin vermese bile Elif kendini bu tutkusundan bir t\u00fcrl\u00fc al\u0131koyam\u0131yor. Hatta ondan gizlice yar\u0131\u015fmalara kat\u0131l\u0131yor ve \u00f6nlenemez h\u0131z\u0131yla kasaba sakinlerini de i\u00e7ine katt\u0131\u011f\u0131 b\u00fcy\u00fck hortumlar olu\u015fturuyor. B\u00fcy\u00fcy\u00fcnce olimpiyatlara kat\u0131lmak arzusuyla yan\u0131p tutu\u015fan Elif&#8217;in hayallerinden vazge\u00e7meye hi\u00e7 ama hi\u00e7 niyeti yok. Hem de sakinli\u011fi ve \u00fc\u015fenge\u00e7li\u011fiyle nam salm\u0131\u015f babas\u0131 Sakin Bey&#8217;e ra\u011fmen. Ta ki bir g\u00fcn&#8230;Hedefe giden yolda irade g\u00fcc\u00fcn\u00fcn ve kararl\u0131 duru\u015fun \u00f6nemine de\u011finen S\u00fcper Ko\u015fucu, gelece\u011fe d\u00f6n\u00fck ad\u0131mlar atan \u00e7ocuklar\u0131n, ebeveynleri ile aras\u0131ndaki uyuma ve kar\u015f\u0131l\u0131kl\u0131 sayg\u0131ya dikkat \u00e7ekiyor. H\u0131z\u0131yla yaratt\u0131\u011f\u0131 hortumlarda leziz \u00e7ay partileri d\u00fczenlenen Elif&#8217;in azim dolu \u00f6yk\u00fcs\u00fc, ko\u015ftura ko\u015ftura okunacak kadar e\u011flenceli, hayallerinin pe\u015finden ko\u015facak \u00e7ocuklara ilham verecek kadar da sevimli&#8230;<\/p>\n","protected":false},"excerpt":{"rendered":"<p>Elif \u00c7okko\u015far&#8217;la tan\u0131\u015fmaya&#8230; pardon, ko\u015fmaya haz\u0131r m\u0131s\u0131n\u0131z? \u00d6d\u00fcll\u00fc yazar G\u00fczin \u00d6zt\u00fcrk, \u201cTek Ba\u015f\u0131ma Okuyorum!\u201d koleksiyonuna eklenen S\u00fcper Ko\u015fucu&#8217;da azmin, tutkunun ve kararl\u0131l\u0131\u011f\u0131n bir hortum kadar etkili<span class=\"excerpt-hellip\"> [\u2026]<\/span><\/p>\n","protected":false},"featured_media":0,"template":"","meta":{"_monsterinsights_skip_tracking":false,"_monsterinsights_sitenote_active":false,"_monsterinsights_sitenote_note":"","_monsterinsights_sitenote_category":0},"product_brand":[],"product_cat":[12275,12274],"product_tag":[],"class_list":{"0":"post-735394","1":"product","2":"type-product","3":"status-publish","5":"product_cat-6-12-yas-kitaplari","6":"product_cat-cocuk-ve-genclik-kitaplari","7":"pa_cilt-ciltsiz","8":"pa_tur-kitap","9":"pa_yayinevi-tudem-yayinlari","10":"pa_yazar-guzin-ozturk","12":"first","13":"instock","14":"sale","15":"shipping-taxable","16":"purchasable","17":"product-type-simple"},"_links":{"self":[{"href":"https:\/\/roveyayinevi.com.tr\/index.php\/wp-json\/wp\/v2\/product\/735394","targetHints":{"allow":["GET"]}}],"collection":[{"href":"https:\/\/roveyayinevi.com.tr\/index.php\/wp-json\/wp\/v2\/product"}],"about":[{"href":"https:\/\/roveyayinevi.com.tr\/index.php\/wp-json\/wp\/v2\/types\/product"}],"wp:attachment":[{"href":"https:\/\/roveyayinevi.com.tr\/index.php\/wp-json\/wp\/v2\/media?parent=735394"}],"wp:term":[{"taxonomy":"product_brand","embeddable":true,"href":"https:\/\/roveyayinevi.com.tr\/index.php\/wp-json\/wp\/v2\/product_brand?post=735394"},{"taxonomy":"product_cat","embeddable":true,"href":"https:\/\/roveyayinevi.com.tr\/index.php\/wp-json\/wp\/v2\/product_cat?post=735394"},{"taxonomy":"product_tag","embeddable":true,"href":"https:\/\/roveyayinevi.com.tr\/index.php\/wp-json\/wp\/v2\/product_tag?post=735394"}],"curies":[{"name":"wp","href":"https:\/\/api.w.org\/{rel}","templated":true}]}}