{"id":735392,"date":"2025-08-27T22:47:03","date_gmt":"2025-08-27T19:47:03","guid":{"rendered":"https:\/\/roveyayinevi.com.tr\/index.php\/urun\/kinali-cicekler\/"},"modified":"2026-04-16T02:43:44","modified_gmt":"2026-04-15T23:43:44","slug":"kinali-cicekler","status":"publish","type":"product","link":"https:\/\/roveyayinevi.com.tr\/index.php\/urun\/kinali-cicekler\/","title":{"rendered":"K\u0131nal\u0131 \u00c7i\u00e7ekler"},"content":{"rendered":"<p>Hayallerin y\u00fck\u00fc ne kadar a\u011f\u0131rd\u0131r bir kad\u0131n\u0131n omuzlar\u0131nda?   1950\u2019li y\u0131llar\u0131n Hindistan\u2019\u0131ndaki \u00fccra bir k\u00f6yde, daha \u00e7ocuk ya\u015fta sevmedi\u011fi bir adamla zorla evlendirilen Lakshmi, ona hayat\u0131 zindan eden e\u015finden ka\u00e7may\u0131 ve bir g\u00fcn ku\u015flar kadar \u00f6zg\u00fcr olmay\u0131 akl\u0131na koymu\u015ftur. Annesine ve ondan \u00f6nceki t\u00fcm kad\u0131nlara kader olan bu y\u0131k\u0131c\u0131 d\u00fczeni bozmaya kararl\u0131d\u0131r. Nihayet bir g\u00fcn, yan\u0131na sadece hayallerini alarak yal\u0131n ayak \u00e7ekip gider ve kendini Jaipur\u2019daki Pembe \u015eehir\u2019de bulur. Kay\u0131nvalidesinden \u00f6\u011frendi\u011fi becerilerle hayat kad\u0131nlar\u0131na k\u0131na yakmaya, hasta kad\u0131nlara \u015fifa olmaya ba\u015flar. \u00c7ok ge\u00e7meden de zengin ve soylu bir mimar olan Samir\u2019le kesi\u015fir yollar\u0131. Bu yak\u0131\u015f\u0131kl\u0131 adam\u0131n deste\u011fi sayesinde \u00fcnl\u00fc bir k\u0131na sanat\u00e7\u0131s\u0131 olarak nam\u0131 sosyeteye kadar ula\u015f\u0131r. \u00dcst s\u0131n\u0131fa mensup t\u00fcm bu zengin ve g\u00f6steri\u015fli kad\u0131nlar\u0131n evlerine girip s\u0131rlar\u0131na vak\u0131f olurken, kendi saklad\u0131\u011f\u0131 s\u0131rlarla beraber Samir\u2019e besledi\u011fi a\u015fk\u0131 da daha derinlere g\u00f6mmeye \u00e7al\u0131\u015f\u0131r. \u00d6te yandan \u00fcn\u00fcne \u00fcn, servetine servet katarak hayalleriyle \u00f6rd\u00fc\u011f\u00fc merdivenleri \u00e7\u0131k\u0131yor olsa da kalbinin bir k\u00f6\u015fesinde ailesine yeniden kavu\u015fabilece\u011fi g\u00fcn\u00fc hasretle beklemektedir. Ne var ki g\u00fcn\u00fcn birinde kap\u0131s\u0131n\u0131n \u00f6n\u00fcnde biten \u00e7ok sevdi\u011fi annesiyle babas\u0131 de\u011fil, en b\u00fcy\u00fck k\u00e2busu yani elinden can\u0131n\u0131 zor kurtard\u0131\u011f\u0131 kocas\u0131 Hari\u2019dir. \u00dcstelik yan\u0131nda Lakshmi\u2019nin daha \u00f6nce hi\u00e7 g\u00f6rmedi\u011fi ama karde\u015fi oldu\u011funu iddia eden bir k\u0131zla \u00e7\u0131kagelmi\u015ftir. Art\u0131k hi\u00e7bir \u015feyin eskisi gibi olamayaca\u011f\u0131n\u0131 anlayan Lakshmi bildi\u011fi, al\u0131\u015ft\u0131\u011f\u0131 hayat ve kurdu\u011fu t\u00fcm hayaller par\u00e7alanmak \u00fczereyken ger\u00e7ek sevginin, ba\u011fl\u0131l\u0131\u011f\u0131n ve kad\u0131n olman\u0131n g\u00fcc\u00fcn\u00fcn ne demek oldu\u011funu yeniden ke\u015ffetmek zorunda kalacakt\u0131r. Alka Joshi\u2019nin de\u011ferli kaleminde hayat bulan K\u0131nal\u0131 \u00c7i\u00e7ekler, hayallerine y\u00fcrekten inanan bir kad\u0131n\u0131n g\u00fc\u00e7l\u00fc m\u00fccadelesini g\u00f6zler \u00f6n\u00fcne seriyor. <\/p>\n","protected":false},"excerpt":{"rendered":"<p>Hayallerin y\u00fck\u00fc ne kadar a\u011f\u0131rd\u0131r bir kad\u0131n\u0131n omuzlar\u0131nda? 1950\u2019li y\u0131llar\u0131n Hindistan\u2019\u0131ndaki \u00fccra bir k\u00f6yde, daha \u00e7ocuk ya\u015fta sevmedi\u011fi bir adamla zorla evlendirilen Lakshmi, ona hayat\u0131 zindan<span class=\"excerpt-hellip\"> [\u2026]<\/span><\/p>\n","protected":false},"featured_media":0,"template":"","meta":{"_monsterinsights_skip_tracking":false,"_monsterinsights_sitenote_active":false,"_monsterinsights_sitenote_note":"","_monsterinsights_sitenote_category":0},"product_brand":[],"product_cat":[12291,12711],"product_tag":[],"class_list":{"0":"post-735392","1":"product","2":"type-product","3":"status-publish","5":"product_cat-edebiyat","6":"product_cat-roman-oyku","7":"pa_cilt-ciltsiz","8":"pa_tur-kitap","9":"pa_yayinevi-arkadya-yayinlari","10":"pa_yazar-alka-joshi","12":"first","13":"instock","14":"sale","15":"shipping-taxable","16":"purchasable","17":"product-type-simple"},"_links":{"self":[{"href":"https:\/\/roveyayinevi.com.tr\/index.php\/wp-json\/wp\/v2\/product\/735392","targetHints":{"allow":["GET"]}}],"collection":[{"href":"https:\/\/roveyayinevi.com.tr\/index.php\/wp-json\/wp\/v2\/product"}],"about":[{"href":"https:\/\/roveyayinevi.com.tr\/index.php\/wp-json\/wp\/v2\/types\/product"}],"wp:attachment":[{"href":"https:\/\/roveyayinevi.com.tr\/index.php\/wp-json\/wp\/v2\/media?parent=735392"}],"wp:term":[{"taxonomy":"product_brand","embeddable":true,"href":"https:\/\/roveyayinevi.com.tr\/index.php\/wp-json\/wp\/v2\/product_brand?post=735392"},{"taxonomy":"product_cat","embeddable":true,"href":"https:\/\/roveyayinevi.com.tr\/index.php\/wp-json\/wp\/v2\/product_cat?post=735392"},{"taxonomy":"product_tag","embeddable":true,"href":"https:\/\/roveyayinevi.com.tr\/index.php\/wp-json\/wp\/v2\/product_tag?post=735392"}],"curies":[{"name":"wp","href":"https:\/\/api.w.org\/{rel}","templated":true}]}}