{"id":735390,"date":"2025-08-27T22:47:00","date_gmt":"2025-08-27T19:47:00","guid":{"rendered":"https:\/\/roveyayinevi.com.tr\/index.php\/urun\/odamda-inek-var\/"},"modified":"2026-04-16T02:43:44","modified_gmt":"2026-04-15T23:43:44","slug":"odamda-inek-var","status":"publish","type":"product","link":"https:\/\/roveyayinevi.com.tr\/index.php\/urun\/odamda-inek-var\/","title":{"rendered":"Odamda \u0130nek Var"},"content":{"rendered":"<p>Yunus Nadi \u015eiir \u00d6d\u00fcl\u00fc sahibi \u015fair ve \u00e7evirmen Nazmi A\u011f\u0131l, bu kez \u00e7ocuklar\u0131n dilinden onlar\u0131n duygu d\u00fcnyalar\u0131na sesleniyor. G\u00fcndelik hayat\u0131n i\u00e7indeki muzip detaylar\u0131, \u00e7ocuksu merak ve ne\u015feyle dizelerine yans\u0131tan \u015fair, \u00e7a\u011fda\u015f \u00e7ocuk \u015fiirine h\u0131nz\u0131r bir bak\u0131\u015f at\u0131yor. Yediden yetmi\u015fe her ya\u015ftan okurun keyifle okuyaca\u011f\u0131 \u015fiirler, ill\u00fcstrat\u00f6r Sezen Aksu Ta\u015fy\u00fcrek\u2019in resimleriyle ne\u015fesine ne\u015fe kat\u0131yor. <\/p>\n","protected":false},"excerpt":{"rendered":"<p>Yunus Nadi \u015eiir \u00d6d\u00fcl\u00fc sahibi \u015fair ve \u00e7evirmen Nazmi A\u011f\u0131l, bu kez \u00e7ocuklar\u0131n dilinden onlar\u0131n duygu d\u00fcnyalar\u0131na sesleniyor. G\u00fcndelik hayat\u0131n i\u00e7indeki muzip detaylar\u0131, \u00e7ocuksu merak ve<span class=\"excerpt-hellip\"> [\u2026]<\/span><\/p>\n","protected":false},"featured_media":0,"template":"","meta":{"_monsterinsights_skip_tracking":false,"_monsterinsights_sitenote_active":false,"_monsterinsights_sitenote_note":"","_monsterinsights_sitenote_category":0},"product_brand":[],"product_cat":[12275,12274],"product_tag":[],"class_list":{"0":"post-735390","1":"product","2":"type-product","3":"status-publish","5":"product_cat-6-12-yas-kitaplari","6":"product_cat-cocuk-ve-genclik-kitaplari","7":"pa_cilt-ciltsiz","8":"pa_tur-kitap","9":"pa_yayinevi-kirmizi-kedi-yayinevi","10":"pa_yazar-nazmi-agil","12":"first","13":"instock","14":"sale","15":"shipping-taxable","16":"purchasable","17":"product-type-simple"},"_links":{"self":[{"href":"https:\/\/roveyayinevi.com.tr\/index.php\/wp-json\/wp\/v2\/product\/735390","targetHints":{"allow":["GET"]}}],"collection":[{"href":"https:\/\/roveyayinevi.com.tr\/index.php\/wp-json\/wp\/v2\/product"}],"about":[{"href":"https:\/\/roveyayinevi.com.tr\/index.php\/wp-json\/wp\/v2\/types\/product"}],"wp:attachment":[{"href":"https:\/\/roveyayinevi.com.tr\/index.php\/wp-json\/wp\/v2\/media?parent=735390"}],"wp:term":[{"taxonomy":"product_brand","embeddable":true,"href":"https:\/\/roveyayinevi.com.tr\/index.php\/wp-json\/wp\/v2\/product_brand?post=735390"},{"taxonomy":"product_cat","embeddable":true,"href":"https:\/\/roveyayinevi.com.tr\/index.php\/wp-json\/wp\/v2\/product_cat?post=735390"},{"taxonomy":"product_tag","embeddable":true,"href":"https:\/\/roveyayinevi.com.tr\/index.php\/wp-json\/wp\/v2\/product_tag?post=735390"}],"curies":[{"name":"wp","href":"https:\/\/api.w.org\/{rel}","templated":true}]}}