{"id":735389,"date":"2025-08-27T22:46:59","date_gmt":"2025-08-27T19:46:59","guid":{"rendered":"https:\/\/roveyayinevi.com.tr\/index.php\/urun\/turnikede-zaman\/"},"modified":"2026-04-16T02:43:44","modified_gmt":"2026-04-15T23:43:44","slug":"turnikede-zaman","status":"publish","type":"product","link":"https:\/\/roveyayinevi.com.tr\/index.php\/urun\/turnikede-zaman\/","title":{"rendered":"Turnikede Zaman"},"content":{"rendered":"<p>\u201c\u00c7aresizli\u011fin, dibe vurmu\u015f derinli\u011finde,\u00c7\u0131rp\u0131nan benim elimAma sen, nas\u0131l bildin y\u00fczmeyi?Mil \u00e7ekilmi\u015f g\u00f6zlerle,G\u00fcne\u015fi \u00f6ks\u00fcz bak\u0131\u015flarda saklarken ben.\u201d\u00d6zden Ece, g\u00fcne\u015fi \u00f6ks\u00fcz bak\u0131\u015flarda saklayan \u015fair! Hem \u015fiirleri hem de k\u0131sa \u00f6yk\u00fclerini toplad\u0131\u011f\u0131 ilk kitab\u0131yla bizlerle \u015fimdi. Elinizde tutmu\u015f oldu\u011funuz kitap, y\u0131llar\u0131n birikimine dayan\u0131yor. \u015eayet s\u0131cak bir dost selam\u0131na benzer \u00f6yk\u00fcler, i\u00e7inde hem isyan\u0131 hem a\u015fk\u0131, hem kavgay\u0131 hem umudu bar\u0131nd\u0131ran \u015fiirler okumak istiyorsan\u0131z, do\u011fru yerdesiniz.<\/p>\n","protected":false},"excerpt":{"rendered":"<p>\u201c\u00c7aresizli\u011fin, dibe vurmu\u015f derinli\u011finde,\u00c7\u0131rp\u0131nan benim elimAma sen, nas\u0131l bildin y\u00fczmeyi?Mil \u00e7ekilmi\u015f g\u00f6zlerle,G\u00fcne\u015fi \u00f6ks\u00fcz bak\u0131\u015flarda saklarken ben.\u201d\u00d6zden Ece, g\u00fcne\u015fi \u00f6ks\u00fcz bak\u0131\u015flarda saklayan \u015fair! Hem \u015fiirleri hem de<span class=\"excerpt-hellip\"> [\u2026]<\/span><\/p>\n","protected":false},"featured_media":0,"template":"","meta":{"_monsterinsights_skip_tracking":false,"_monsterinsights_sitenote_active":false,"_monsterinsights_sitenote_note":"","_monsterinsights_sitenote_category":0},"product_brand":[],"product_cat":[12291,12509],"product_tag":[],"class_list":{"0":"post-735389","1":"product","2":"type-product","3":"status-publish","5":"product_cat-edebiyat","6":"product_cat-siir","7":"pa_cilt-ciltsiz","8":"pa_tur-kitap","9":"pa_yayinevi-karina-yayinevi","10":"pa_yazar-ozden-ece","12":"first","13":"instock","14":"sale","15":"shipping-taxable","16":"purchasable","17":"product-type-simple"},"_links":{"self":[{"href":"https:\/\/roveyayinevi.com.tr\/index.php\/wp-json\/wp\/v2\/product\/735389","targetHints":{"allow":["GET"]}}],"collection":[{"href":"https:\/\/roveyayinevi.com.tr\/index.php\/wp-json\/wp\/v2\/product"}],"about":[{"href":"https:\/\/roveyayinevi.com.tr\/index.php\/wp-json\/wp\/v2\/types\/product"}],"wp:attachment":[{"href":"https:\/\/roveyayinevi.com.tr\/index.php\/wp-json\/wp\/v2\/media?parent=735389"}],"wp:term":[{"taxonomy":"product_brand","embeddable":true,"href":"https:\/\/roveyayinevi.com.tr\/index.php\/wp-json\/wp\/v2\/product_brand?post=735389"},{"taxonomy":"product_cat","embeddable":true,"href":"https:\/\/roveyayinevi.com.tr\/index.php\/wp-json\/wp\/v2\/product_cat?post=735389"},{"taxonomy":"product_tag","embeddable":true,"href":"https:\/\/roveyayinevi.com.tr\/index.php\/wp-json\/wp\/v2\/product_tag?post=735389"}],"curies":[{"name":"wp","href":"https:\/\/api.w.org\/{rel}","templated":true}]}}