{"id":735388,"date":"2025-08-27T22:46:58","date_gmt":"2025-08-27T19:46:58","guid":{"rendered":"https:\/\/roveyayinevi.com.tr\/index.php\/urun\/mubessirat-mujdeli-haberler\/"},"modified":"2026-04-16T02:43:43","modified_gmt":"2026-04-15T23:43:43","slug":"mubessirat-mujdeli-haberler","status":"publish","type":"product","link":"https:\/\/roveyayinevi.com.tr\/index.php\/urun\/mubessirat-mujdeli-haberler\/","title":{"rendered":"M\u00fcbe\u015f\u015firat &#8211; M\u00fcjdeli Haberler"},"content":{"rendered":"<p>\u0130lahi azaptan kurtulaca\u011f\u0131m\u0131z\u0131 \u00fcmit etmek ya da ilahi adalet gere\u011fi azaba \u00e7arpt\u0131r\u0131lmaktan korkmak. \u0130\u015fte ikisi aras\u0131nda gidip gelen ki\u015fidir M\u00fcsl\u00fcman.Havf ve reca aras\u0131nda bulunmak, inanc\u0131m\u0131z\u0131n gere\u011fidir.Elinizdeki bu eser, &#8220;Kolayla\u015ft\u0131r\u0131n, zorla\u015ft\u0131rmay\u0131n, m\u00fcjdeleyin, nefret ettirmeyin&#8221; (Buhari-\u0130lim,12) hadis-i \u015ferifini rehber alarak; m\u00fcjdeli haber aktar\u0131p \u00fcmitvar olman\u0131z\u0131 kolayla\u015ft\u0131rmak, size huzur, saadet, \u015fevk vermek, hayata daha g\u00fczel bir pencereden bakman\u0131z\u0131 sa\u011flamak, karamsar, k\u00f6t\u00fcmser olmaktan sizi uzakla\u015ft\u0131rmak i\u00e7in haz\u0131rland\u0131.Bu kitab\u0131 okuyunca, Allah Te\u00e2l\u00e2&#8217;n\u0131n sizi ba\u011f\u0131\u015flamas\u0131 hususundaki \u00fcmidiniz daha da artacak, huzur bulacak, y\u00fcre\u011finiz ferahlayacak, Allah (cc)&#8217;a ve Res\u00fbl\u00fc (sav)&#8217;e olan sevginiz \u00e7o\u011falacak.\u00d6yle ya, cennetler biz M\u00fcsl\u00fcmanlar i\u00e7in yarat\u0131ld\u0131.&#8221;Rabbinizden olan ma\u011ffirete, geni\u015fli\u011fi g\u00f6klerle yerler kadar olan cennete ko\u015fun&#8230;&#8221; (Ali \u0130mran,133)O h\u00e2lde size iyi okumalar&#8230;<\/p>\n","protected":false},"excerpt":{"rendered":"<p>\u0130lahi azaptan kurtulaca\u011f\u0131m\u0131z\u0131 \u00fcmit etmek ya da ilahi adalet gere\u011fi azaba \u00e7arpt\u0131r\u0131lmaktan korkmak. \u0130\u015fte ikisi aras\u0131nda gidip gelen ki\u015fidir M\u00fcsl\u00fcman.Havf ve reca aras\u0131nda bulunmak, inanc\u0131m\u0131z\u0131n gere\u011fidir.Elinizdeki<span class=\"excerpt-hellip\"> [\u2026]<\/span><\/p>\n","protected":false},"featured_media":0,"template":"","meta":{"_monsterinsights_skip_tracking":false,"_monsterinsights_sitenote_active":false,"_monsterinsights_sitenote_note":"","_monsterinsights_sitenote_category":0},"product_brand":[],"product_cat":[12718,12719],"product_tag":[],"class_list":{"0":"post-735388","1":"product","2":"type-product","3":"status-publish","5":"product_cat-din","6":"product_cat-islam","7":"pa_cilt-ciltsiz","8":"pa_tur-kitap","9":"pa_yayinevi-karina-yayinevi","10":"pa_yazar-ali-osman-keles","12":"first","13":"instock","14":"sale","15":"shipping-taxable","16":"purchasable","17":"product-type-simple"},"_links":{"self":[{"href":"https:\/\/roveyayinevi.com.tr\/index.php\/wp-json\/wp\/v2\/product\/735388","targetHints":{"allow":["GET"]}}],"collection":[{"href":"https:\/\/roveyayinevi.com.tr\/index.php\/wp-json\/wp\/v2\/product"}],"about":[{"href":"https:\/\/roveyayinevi.com.tr\/index.php\/wp-json\/wp\/v2\/types\/product"}],"wp:attachment":[{"href":"https:\/\/roveyayinevi.com.tr\/index.php\/wp-json\/wp\/v2\/media?parent=735388"}],"wp:term":[{"taxonomy":"product_brand","embeddable":true,"href":"https:\/\/roveyayinevi.com.tr\/index.php\/wp-json\/wp\/v2\/product_brand?post=735388"},{"taxonomy":"product_cat","embeddable":true,"href":"https:\/\/roveyayinevi.com.tr\/index.php\/wp-json\/wp\/v2\/product_cat?post=735388"},{"taxonomy":"product_tag","embeddable":true,"href":"https:\/\/roveyayinevi.com.tr\/index.php\/wp-json\/wp\/v2\/product_tag?post=735388"}],"curies":[{"name":"wp","href":"https:\/\/api.w.org\/{rel}","templated":true}]}}