{"id":735387,"date":"2025-08-27T22:46:57","date_gmt":"2025-08-27T19:46:57","guid":{"rendered":"https:\/\/roveyayinevi.com.tr\/index.php\/urun\/gizemli-tarih-oyunu-3-0-hitit-gunesi\/"},"modified":"2026-04-16T02:43:43","modified_gmt":"2026-04-15T23:43:43","slug":"gizemli-tarih-oyunu-3-0-hitit-gunesi","status":"publish","type":"product","link":"https:\/\/roveyayinevi.com.tr\/index.php\/urun\/gizemli-tarih-oyunu-3-0-hitit-gunesi\/","title":{"rendered":"Gizemli Tarih Oyunu 3.0 &#8211; Hitit G\u00fcne\u015fi"},"content":{"rendered":"<p>Ufuk\u2019un ba\u015f\u0131 bu kez bir hacker\u2019la derttedir. Kim oldu\u011funu bilmedi\u011fi biri, oyuna vir\u00fcs g\u00f6nderip t\u00fcm Hitit G\u00fcne\u015flerini Ra\u2019n\u0131n G\u00f6z\u00fc\u2019yle de\u011fi\u015ftirmektedir. S\u0131n\u0131f arkada\u015flar\u0131 Ufuk\u2019la dalga ge\u00e7erken G\u00f6k\u00e7e, oyunu kurtarmak i\u00e7in elinden geleni yapmaktad\u0131r. Bu teknolojik sava\u015f\u0131n kazanan\u0131 kim olacakt\u0131r, Ufuk mu yoksa D\u00fcnyan\u0131n Lordu Aten mi? Gizemli Tarih Oyunu serisinin \u00fc\u00e7\u00fcnc\u00fc ve son kitab\u0131 Hitit G\u00fcne\u015fi, Ankara Anadolu Medeniyetler M\u00fczesi\u2019nden ba\u015flay\u0131p k\u0131talar aras\u0131 bir maceraya davet ediyor.  <\/p>\n","protected":false},"excerpt":{"rendered":"<p>Ufuk\u2019un ba\u015f\u0131 bu kez bir hacker\u2019la derttedir. Kim oldu\u011funu bilmedi\u011fi biri, oyuna vir\u00fcs g\u00f6nderip t\u00fcm Hitit G\u00fcne\u015flerini Ra\u2019n\u0131n G\u00f6z\u00fc\u2019yle de\u011fi\u015ftirmektedir. S\u0131n\u0131f arkada\u015flar\u0131 Ufuk\u2019la dalga ge\u00e7erken G\u00f6k\u00e7e,<span class=\"excerpt-hellip\"> [\u2026]<\/span><\/p>\n","protected":false},"featured_media":0,"template":"","meta":{"_monsterinsights_skip_tracking":false,"_monsterinsights_sitenote_active":false,"_monsterinsights_sitenote_note":"","_monsterinsights_sitenote_category":0},"product_brand":[],"product_cat":[12275,12274],"product_tag":[],"class_list":{"0":"post-735387","1":"product","2":"type-product","3":"status-publish","5":"product_cat-6-12-yas-kitaplari","6":"product_cat-cocuk-ve-genclik-kitaplari","7":"pa_cilt-ciltsiz","8":"pa_tur-kitap","9":"pa_yayinevi-kirmizi-kedi-yayinevi","10":"pa_yazar-demet-ekmekcioglu","12":"first","13":"instock","14":"sale","15":"shipping-taxable","16":"purchasable","17":"product-type-simple"},"_links":{"self":[{"href":"https:\/\/roveyayinevi.com.tr\/index.php\/wp-json\/wp\/v2\/product\/735387","targetHints":{"allow":["GET"]}}],"collection":[{"href":"https:\/\/roveyayinevi.com.tr\/index.php\/wp-json\/wp\/v2\/product"}],"about":[{"href":"https:\/\/roveyayinevi.com.tr\/index.php\/wp-json\/wp\/v2\/types\/product"}],"wp:attachment":[{"href":"https:\/\/roveyayinevi.com.tr\/index.php\/wp-json\/wp\/v2\/media?parent=735387"}],"wp:term":[{"taxonomy":"product_brand","embeddable":true,"href":"https:\/\/roveyayinevi.com.tr\/index.php\/wp-json\/wp\/v2\/product_brand?post=735387"},{"taxonomy":"product_cat","embeddable":true,"href":"https:\/\/roveyayinevi.com.tr\/index.php\/wp-json\/wp\/v2\/product_cat?post=735387"},{"taxonomy":"product_tag","embeddable":true,"href":"https:\/\/roveyayinevi.com.tr\/index.php\/wp-json\/wp\/v2\/product_tag?post=735387"}],"curies":[{"name":"wp","href":"https:\/\/api.w.org\/{rel}","templated":true}]}}