{"id":735386,"date":"2025-08-27T22:46:56","date_gmt":"2025-08-27T19:46:56","guid":{"rendered":"https:\/\/roveyayinevi.com.tr\/index.php\/urun\/duzensiz-savaslar\/"},"modified":"2026-04-16T02:43:43","modified_gmt":"2026-04-15T23:43:43","slug":"duzensiz-savaslar","status":"publish","type":"product","link":"https:\/\/roveyayinevi.com.tr\/index.php\/urun\/duzensiz-savaslar\/","title":{"rendered":"D\u00fczensiz Sava\u015flar"},"content":{"rendered":"<p>G\u00fcn\u00fcm\u00fcz d\u00fczensiz sava\u015flar\u0131nda de\u011fi\u015fen de\u011ferler ve modern ileti\u015fim olanaklar\u0131 uluslararas\u0131 sistemin m\u00fccadeleyi hakl\u0131 g\u00f6rmesini; felsefi a\u00e7\u0131dan adil, siyasi a\u00e7\u0131dan etik, hukuki a\u00e7\u0131dan yasal, toplumsal a\u00e7\u0131dan me\u015fru ve kamu vicdan\u0131na uygun, ahlaki a\u00e7\u0131dan ilkeler ve de\u011ferlerle uyumlu, bireysel psikoloji a\u00e7\u0131s\u0131ndan insani ve vicdani bulunmas\u0131n\u0131 gerektirmektedir. \u00dcretilecek yeni stratejiler bu y\u00fcksek etkili parametreleri dikkate almak zorundad\u0131r. Bu kitap, doktrinle\u015fme s\u00fcrecindeki d\u00fczensiz sava\u015flar\u0131n kuram\u0131n\u0131 anlatma \u00e7abas\u0131 i\u00e7inde olan didaktik bir eserdir ve \u00fc\u00e7 maksatla kaleme al\u0131nm\u0131\u015ft\u0131r: Siyasi, askeri ve akademik literat\u00fcre katk\u0131da bulunmak; d\u00fczensiz sava\u015f formlar\u0131na ili\u015fkin kavram karma\u015fas\u0131na \u00e7\u00f6z\u00fcm \u00fcretmek ve do\u011fas\u0131 gere\u011fi g\u00f6rece gizli ve \u00f6rt\u00fcl\u00fc y\u00fcr\u00fct\u00fclen bu m\u00fccadele t\u00fcr\u00fc hakk\u0131nda g\u00fcvenlik kurumlar\u0131n\u0131, siyasi karar al\u0131c\u0131lar\u0131, i\u00e7 ve d\u0131\u015f g\u00fcvenlik b\u00fcrokrasisi mensuplar\u0131n\u0131, akademisyenleri ve konuyla ilgilenen okurlar\u0131 anla\u015f\u0131labilir bir dille bilgilendirmektir. <\/p>\n","protected":false},"excerpt":{"rendered":"<p>G\u00fcn\u00fcm\u00fcz d\u00fczensiz sava\u015flar\u0131nda de\u011fi\u015fen de\u011ferler ve modern ileti\u015fim olanaklar\u0131 uluslararas\u0131 sistemin m\u00fccadeleyi hakl\u0131 g\u00f6rmesini; felsefi a\u00e7\u0131dan adil, siyasi a\u00e7\u0131dan etik, hukuki a\u00e7\u0131dan yasal, toplumsal a\u00e7\u0131dan me\u015fru<span class=\"excerpt-hellip\"> [\u2026]<\/span><\/p>\n","protected":false},"featured_media":0,"template":"","meta":{"_monsterinsights_skip_tracking":false,"_monsterinsights_sitenote_active":false,"_monsterinsights_sitenote_note":"","_monsterinsights_sitenote_category":0},"product_brand":[],"product_cat":[13590,12337],"product_tag":[],"class_list":{"0":"post-735386","1":"product","2":"type-product","3":"status-publish","5":"product_cat-arastirma-inceleme-politika-siyaset","6":"product_cat-politika-siyaset","7":"pa_cilt-ciltsiz","8":"pa_tur-kitap","9":"pa_yayinevi-kirmizi-kedi-yayinevi","10":"pa_yazar-ethem-buyukisik","12":"first","13":"instock","14":"sale","15":"shipping-taxable","16":"purchasable","17":"product-type-simple"},"_links":{"self":[{"href":"https:\/\/roveyayinevi.com.tr\/index.php\/wp-json\/wp\/v2\/product\/735386","targetHints":{"allow":["GET"]}}],"collection":[{"href":"https:\/\/roveyayinevi.com.tr\/index.php\/wp-json\/wp\/v2\/product"}],"about":[{"href":"https:\/\/roveyayinevi.com.tr\/index.php\/wp-json\/wp\/v2\/types\/product"}],"wp:attachment":[{"href":"https:\/\/roveyayinevi.com.tr\/index.php\/wp-json\/wp\/v2\/media?parent=735386"}],"wp:term":[{"taxonomy":"product_brand","embeddable":true,"href":"https:\/\/roveyayinevi.com.tr\/index.php\/wp-json\/wp\/v2\/product_brand?post=735386"},{"taxonomy":"product_cat","embeddable":true,"href":"https:\/\/roveyayinevi.com.tr\/index.php\/wp-json\/wp\/v2\/product_cat?post=735386"},{"taxonomy":"product_tag","embeddable":true,"href":"https:\/\/roveyayinevi.com.tr\/index.php\/wp-json\/wp\/v2\/product_tag?post=735386"}],"curies":[{"name":"wp","href":"https:\/\/api.w.org\/{rel}","templated":true}]}}