{"id":735381,"date":"2025-08-27T22:46:50","date_gmt":"2025-08-27T19:46:50","guid":{"rendered":"https:\/\/roveyayinevi.com.tr\/index.php\/urun\/haziran-kalsin\/"},"modified":"2026-04-16T02:43:43","modified_gmt":"2026-04-15T23:43:43","slug":"haziran-kalsin","status":"publish","type":"product","link":"https:\/\/roveyayinevi.com.tr\/index.php\/urun\/haziran-kalsin\/","title":{"rendered":"Haziran Kals\u0131n"},"content":{"rendered":"<p>G\u00fcn do\u011fumu efsunlu bir and\u0131r Yelde\u011firmeni\u2019nde. K\u0131rdaki horozlar\u0131n vazifesini burada mart\u0131lar \u00fcstlenir. Her daim a\u00e7 olan kar\u0131nlar\u0131n\u0131 doyurman\u0131n tela\u015f\u0131ndan m\u0131d\u0131r yoksa g\u00fcne\u015fe yapt\u0131klar\u0131 bir serenat m\u0131 bilinmez, \u00e7at\u0131lar\u0131n \u00fczerinde avaz avaz d\u00f6nmeye ba\u015flarlar ilkin. Semtin yeni sakinlerine kalk borusu olan bu \u00e7\u0131\u011fl\u0131klar, zamanla sabah uykular\u0131n\u0131 mayalayan tatl\u0131 bir ezgiye d\u00f6n\u00fc\u015f\u00fcr. G\u00fcne\u015fin ilk \u0131\u015f\u0131klar\u0131 denize \u00e7\u0131kan sokaklara vurur \u00f6nce. Suyun durgun y\u00fczeyinden yans\u0131yan par\u0131lt\u0131 binalar\u0131 ba\u015ftan a\u015fa\u011f\u0131 y\u0131kar, gecenin zifirinde i\u015flenmi\u015f g\u00fcnahlar\u0131 s\u00fcp\u00fcren \u00e7\u00f6p\u00e7\u00fclerin \u00f6n\u00fcn\u00fc ayd\u0131nlat\u0131r. Geceyi avlanarak ge\u00e7irmi\u015f kediler yorgun bedenlerini g\u00fcne\u015fin s\u0131ca\u011f\u0131na b\u0131rakacaklar\u0131 bir k\u00f6\u015fe ararlarken, yeni uyanan k\u00f6pekler kahvalt\u0131lar\u0131n\u0131 yapmak \u00fczere \u00e7\u00f6p tenekelerine do\u011fru rahvan y\u00fcr\u00fcrler. \u201c\u0130\u00e7inden Monet resimlerinin ge\u00e7ti\u011fi, gramofonda h\u00fcz\u00fcnl\u00fc \u015fark\u0131lar\u0131n \u00e7al\u0131nd\u0131\u011f\u0131 ve sayfalarda \u0130stanbul, a\u015fk ve sanat\u0131n hissedildi\u011fi incelikli bir ilk roman. Tarihi bir apartmanda ya\u015fayan \u00fc\u00e7 ku\u015fak \u0130stanbullunun d\u00fcnyas\u0131\u2026 Bir tek g\u00fcne ne \u00e7ok \u00f6m\u00fcr s\u0131\u011farm\u0131\u015f me\u011fer\u2026\u201d \u2013 H\u00fclya Soy\u015fekerci \u201cSinematografik bir anlat\u0131ma sahip olan Haziran Kals\u0131n roman\u0131 hemen her sat\u0131rda siyah beyaz bir T\u00fcrk filmi izliyormu\u015fuz havas\u0131 yarat\u0131yor.\u201d \u2013 Serkan Parlak<\/p>\n","protected":false},"excerpt":{"rendered":"<p>G\u00fcn do\u011fumu efsunlu bir and\u0131r Yelde\u011firmeni\u2019nde. K\u0131rdaki horozlar\u0131n vazifesini burada mart\u0131lar \u00fcstlenir. Her daim a\u00e7 olan kar\u0131nlar\u0131n\u0131 doyurman\u0131n tela\u015f\u0131ndan m\u0131d\u0131r yoksa g\u00fcne\u015fe yapt\u0131klar\u0131 bir serenat m\u0131<span class=\"excerpt-hellip\"> [\u2026]<\/span><\/p>\n","protected":false},"featured_media":0,"template":"","meta":{"_monsterinsights_skip_tracking":false,"_monsterinsights_sitenote_active":false,"_monsterinsights_sitenote_note":"","_monsterinsights_sitenote_category":0},"product_brand":[],"product_cat":[12291,12711],"product_tag":[],"class_list":{"0":"post-735381","1":"product","2":"type-product","3":"status-publish","5":"product_cat-edebiyat","6":"product_cat-roman-oyku","7":"pa_cilt-ciltsiz","8":"pa_tur-kitap","9":"pa_yayinevi-eksik-parca-yayinlari","10":"pa_yazar-burak-ihsan","12":"first","13":"instock","14":"sale","15":"shipping-taxable","16":"purchasable","17":"product-type-simple"},"_links":{"self":[{"href":"https:\/\/roveyayinevi.com.tr\/index.php\/wp-json\/wp\/v2\/product\/735381","targetHints":{"allow":["GET"]}}],"collection":[{"href":"https:\/\/roveyayinevi.com.tr\/index.php\/wp-json\/wp\/v2\/product"}],"about":[{"href":"https:\/\/roveyayinevi.com.tr\/index.php\/wp-json\/wp\/v2\/types\/product"}],"wp:attachment":[{"href":"https:\/\/roveyayinevi.com.tr\/index.php\/wp-json\/wp\/v2\/media?parent=735381"}],"wp:term":[{"taxonomy":"product_brand","embeddable":true,"href":"https:\/\/roveyayinevi.com.tr\/index.php\/wp-json\/wp\/v2\/product_brand?post=735381"},{"taxonomy":"product_cat","embeddable":true,"href":"https:\/\/roveyayinevi.com.tr\/index.php\/wp-json\/wp\/v2\/product_cat?post=735381"},{"taxonomy":"product_tag","embeddable":true,"href":"https:\/\/roveyayinevi.com.tr\/index.php\/wp-json\/wp\/v2\/product_tag?post=735381"}],"curies":[{"name":"wp","href":"https:\/\/api.w.org\/{rel}","templated":true}]}}