{"id":735380,"date":"2025-08-27T22:46:49","date_gmt":"2025-08-27T19:46:49","guid":{"rendered":"https:\/\/roveyayinevi.com.tr\/index.php\/urun\/gupegunduz-hirsiz-gibi\/"},"modified":"2026-04-16T02:43:43","modified_gmt":"2026-04-15T23:43:43","slug":"gupegunduz-hirsiz-gibi","status":"publish","type":"product","link":"https:\/\/roveyayinevi.com.tr\/index.php\/urun\/gupegunduz-hirsiz-gibi\/","title":{"rendered":"G\u00fcpeg\u00fcnd\u00fcz H\u0131rs\u0131z Gibi"},"content":{"rendered":"<p>Son y\u0131llarda, tekno-bilimsel ilerlemeler d\u00fcnyam\u0131z\u0131 t\u00fcm\u00fcyle d\u00f6n\u00fc\u015ft\u00fcrd\u00fc ve neredeyse tan\u0131nmayacak kadar de\u011fi\u015ftirdi. B\u00fcy\u00fck teknolojilerin cesur yeni d\u00fcnyas\u0131nda, her yenilik dalgas\u0131n\u0131n ard\u0131ndan, kendimizi tuhaf bir bi\u00e7imde, Marx\u2019\u0131n \u201ckat\u0131 olan her \u015fey buharla\u015f\u0131yor\u201d \u015feklindeki me\u015fhur \u00f6ng\u00f6r\u00fcs\u00fcn\u00fcn ger\u00e7ekle\u015fmesine do\u011fru yakla\u015f\u0131rken buluyoruz. \u0130\u015fin otomasyonu, paran\u0131n sanalla\u015ft\u0131r\u0131lmas\u0131, s\u0131n\u0131f topluluklar\u0131n\u0131n da\u011f\u0131lmas\u0131, maddi olmayan entelekt\u00fcel eme\u011fin y\u00fckseli\u015fi, cinsiyet kal\u0131plar\u0131n\u0131n alt\u00fcst olu\u015fu ve iklim krizi gibi s\u00fcre\u00e7lerle birlikte k\u00fcresel kapitalist yap\u0131 her zamankinden daha h\u0131zl\u0131 \u015fekilde par\u00e7alanmaya ba\u015flad\u0131, ve art\u0131k tamamen yok olman\u0131n e\u015fi\u011finde. Peki ard\u0131ndan ne gelecek? Sonu gelmez toplumsal-teknolojik \u00e7alkant\u0131 zemininde, herhangi bir hakiki de\u011fi\u015fim nas\u0131l ger\u00e7ekle\u015febilir? Slavoj \u017di\u017eek, b\u00f6yle bir ba\u011flamda, b\u00fcy\u00fck bir toplumsal zaferin olamayaca\u011f\u0131n\u0131 savunuyor. Kal\u0131c\u0131 devrim, g\u00fcpeg\u00fcnd\u00fcz h\u0131rs\u0131z gibi, hemen g\u00f6z\u00fcm\u00fcz\u00fcn \u00f6n\u00fcnde belirivermektedir. Yapmam\u0131z gereken uyan\u0131p onu g\u00f6rmek. G\u00fcpeg\u00fcnd\u00fcz H\u0131rs\u0131z Gibi, g\u00fcn\u00fcm\u00fcz\u00fcn teknolojik ve bilimsel ilerlemelerinin ortaya \u00e7\u0131kard\u0131\u011f\u0131 radikal olas\u0131l\u0131klarla tehlikeleri ve bunlar\u0131n hepimiz i\u00e7in heyecan verici etkilerini ayd\u0131nlat\u0131yor. \u201cSlavoj \u017di\u017eek\u2019in m\u00fckemmel kitab\u0131 insanl\u0131\u011fa sadece hakiki felsefenin yapabilece\u011fi \u015fekilde hizmet ediyor.\u201d Yanis Varoufakis<\/p>\n","protected":false},"excerpt":{"rendered":"<p>Son y\u0131llarda, tekno-bilimsel ilerlemeler d\u00fcnyam\u0131z\u0131 t\u00fcm\u00fcyle d\u00f6n\u00fc\u015ft\u00fcrd\u00fc ve neredeyse tan\u0131nmayacak kadar de\u011fi\u015ftirdi. B\u00fcy\u00fck teknolojilerin cesur yeni d\u00fcnyas\u0131nda, her yenilik dalgas\u0131n\u0131n ard\u0131ndan, kendimizi tuhaf bir bi\u00e7imde, Marx\u2019\u0131n<span class=\"excerpt-hellip\"> [\u2026]<\/span><\/p>\n","protected":false},"featured_media":0,"template":"","meta":{"_monsterinsights_skip_tracking":false,"_monsterinsights_sitenote_active":false,"_monsterinsights_sitenote_note":"","_monsterinsights_sitenote_category":0},"product_brand":[],"product_cat":[12388,13555],"product_tag":[],"class_list":{"0":"post-735380","1":"product","2":"type-product","3":"status-publish","5":"product_cat-felsefe","6":"product_cat-genel-felsefe","7":"pa_cilt-ciltsiz","8":"pa_tur-kitap","9":"pa_yayinevi-eksik-parca-yayinlari","10":"pa_yazar-slavoj-zizek","12":"first","13":"instock","14":"sale","15":"shipping-taxable","16":"purchasable","17":"product-type-simple"},"_links":{"self":[{"href":"https:\/\/roveyayinevi.com.tr\/index.php\/wp-json\/wp\/v2\/product\/735380","targetHints":{"allow":["GET"]}}],"collection":[{"href":"https:\/\/roveyayinevi.com.tr\/index.php\/wp-json\/wp\/v2\/product"}],"about":[{"href":"https:\/\/roveyayinevi.com.tr\/index.php\/wp-json\/wp\/v2\/types\/product"}],"wp:attachment":[{"href":"https:\/\/roveyayinevi.com.tr\/index.php\/wp-json\/wp\/v2\/media?parent=735380"}],"wp:term":[{"taxonomy":"product_brand","embeddable":true,"href":"https:\/\/roveyayinevi.com.tr\/index.php\/wp-json\/wp\/v2\/product_brand?post=735380"},{"taxonomy":"product_cat","embeddable":true,"href":"https:\/\/roveyayinevi.com.tr\/index.php\/wp-json\/wp\/v2\/product_cat?post=735380"},{"taxonomy":"product_tag","embeddable":true,"href":"https:\/\/roveyayinevi.com.tr\/index.php\/wp-json\/wp\/v2\/product_tag?post=735380"}],"curies":[{"name":"wp","href":"https:\/\/api.w.org\/{rel}","templated":true}]}}