{"id":735376,"date":"2025-08-27T22:46:45","date_gmt":"2025-08-27T19:46:45","guid":{"rendered":"https:\/\/roveyayinevi.com.tr\/index.php\/urun\/heidegger-almanyadan-bir-usta\/"},"modified":"2026-04-16T02:43:43","modified_gmt":"2026-04-15T23:43:43","slug":"heidegger-almanyadan-bir-usta","status":"publish","type":"product","link":"https:\/\/roveyayinevi.com.tr\/index.php\/urun\/heidegger-almanyadan-bir-usta\/","title":{"rendered":"Heidegger &#8211; Almanya&#8217;dan Bir Usta"},"content":{"rendered":"<p>Martin Heidegger, 20. y\u00fczy\u0131l\u0131n en etkili filozoflar\u0131n\u0131n ba\u015f\u0131nda gelir. O olmaks\u0131z\u0131n Sartre\u2019dan, Foucault\u2019dan ya da Frankfurt Okulundan da bahsetmenin kolay olmayaca\u011f\u0131, \u00fczerinde hemfikir olunan bir g\u00f6r\u00fc\u015ft\u00fcr. Buna kar\u015f\u0131l\u0131k, Hitler y\u00f6netimiyle kurdu\u011fu ili\u015fki Heidegger\u2019i ayn\u0131 zamanda en sert ele\u015ftirilerin de merkezine oturtmu\u015ftur. R\u00fcdiger Safranski\u2019nin elinizde tuttu\u011funuz \u00e7al\u0131\u015fmas\u0131, Heidegger\u2019in ya\u015fam\u0131n\u0131 onun felsefi geli\u015fimi, dostluklar\u0131, h\u0131rslar\u0131, geri \u00e7ekilmeleri ve y\u00fczy\u0131l\u0131n olaylar\u0131 temelinde ortaya koyuyor. Kitapta Heidegger\u2019in Herakleitos, Platon, Kant gibi filozoflar \u00fczerinden ger\u00e7ekle\u015fen felsefi geli\u015fiminin, Almanya\u2019n\u0131n I. D\u00fcnya Sava\u015f\u0131 yenilgisi sonras\u0131 muhafazak\u00e2rl\u0131\u011fa olan trajik y\u00f6nelimi paralelinde anlat\u0131lmas\u0131 Heidegger\u2019e ili\u015fkin \u00e7ok y\u00f6nl\u00fc ve b\u00fct\u00fcnsel bir kavray\u0131\u015f imk\u00e2n\u0131 sunuyor. Safranski\u2019nin \u00e7al\u0131\u015fmas\u0131n\u0131n belki de en \u00f6zg\u00fcn yan\u0131, Heidegger\u2019in hayat\u0131n\u0131n ve felsefesinin \u00e2deta Almanya\u2019n\u0131n hik\u00e2yesinin, iyi ve k\u00f6t\u00fc, ihti\u015fam ve k\u00f6rl\u00fck gibi i\u00e7 i\u00e7e ge\u00e7mi\u015f \u00f6zelliklerini ta\u015f\u0131d\u0131\u011f\u0131n\u0131 yetkinlikle ortaya koyabilmesi. <\/p>\n","protected":false},"excerpt":{"rendered":"<p>Martin Heidegger, 20. y\u00fczy\u0131l\u0131n en etkili filozoflar\u0131n\u0131n ba\u015f\u0131nda gelir. O olmaks\u0131z\u0131n Sartre\u2019dan, Foucault\u2019dan ya da Frankfurt Okulundan da bahsetmenin kolay olmayaca\u011f\u0131, \u00fczerinde hemfikir olunan bir g\u00f6r\u00fc\u015ft\u00fcr.<span class=\"excerpt-hellip\"> [\u2026]<\/span><\/p>\n","protected":false},"featured_media":0,"template":"","meta":{"_monsterinsights_skip_tracking":false,"_monsterinsights_sitenote_active":false,"_monsterinsights_sitenote_note":"","_monsterinsights_sitenote_category":0},"product_brand":[],"product_cat":[14009,12291],"product_tag":[],"class_list":{"0":"post-735376","1":"product","2":"type-product","3":"status-publish","5":"product_cat-biyografi-otobiyografi-edebiyat","6":"product_cat-edebiyat","7":"pa_cilt-ciltsiz","8":"pa_tur-kitap","9":"pa_yayinevi-alfa-yayinlari","10":"pa_yazar-rudiger-safranski","12":"first","13":"instock","14":"sale","15":"shipping-taxable","16":"purchasable","17":"product-type-simple"},"_links":{"self":[{"href":"https:\/\/roveyayinevi.com.tr\/index.php\/wp-json\/wp\/v2\/product\/735376","targetHints":{"allow":["GET"]}}],"collection":[{"href":"https:\/\/roveyayinevi.com.tr\/index.php\/wp-json\/wp\/v2\/product"}],"about":[{"href":"https:\/\/roveyayinevi.com.tr\/index.php\/wp-json\/wp\/v2\/types\/product"}],"wp:attachment":[{"href":"https:\/\/roveyayinevi.com.tr\/index.php\/wp-json\/wp\/v2\/media?parent=735376"}],"wp:term":[{"taxonomy":"product_brand","embeddable":true,"href":"https:\/\/roveyayinevi.com.tr\/index.php\/wp-json\/wp\/v2\/product_brand?post=735376"},{"taxonomy":"product_cat","embeddable":true,"href":"https:\/\/roveyayinevi.com.tr\/index.php\/wp-json\/wp\/v2\/product_cat?post=735376"},{"taxonomy":"product_tag","embeddable":true,"href":"https:\/\/roveyayinevi.com.tr\/index.php\/wp-json\/wp\/v2\/product_tag?post=735376"}],"curies":[{"name":"wp","href":"https:\/\/api.w.org\/{rel}","templated":true}]}}