{"id":735375,"date":"2025-08-27T22:46:44","date_gmt":"2025-08-27T19:46:44","guid":{"rendered":"https:\/\/roveyayinevi.com.tr\/index.php\/urun\/ninemin-mutfagi\/"},"modified":"2026-04-16T02:43:43","modified_gmt":"2026-04-15T23:43:43","slug":"ninemin-mutfagi","status":"publish","type":"product","link":"https:\/\/roveyayinevi.com.tr\/index.php\/urun\/ninemin-mutfagi\/","title":{"rendered":"Ninemin Mutfa\u011f\u0131"},"content":{"rendered":"<p>Demir ve Derin birbirini \u00e7ok seven ama ara s\u0131ra \u00e7eki\u015fen sevimli iki karde\u015f. Yaz tatili maceralar\u0131na da her sene bir yenisi ekleniyor. \u00dcstelik bu yaz Hacer Nine\u2019nin enfes b\u00f6rekleriyle bir yemek yar\u0131\u015fmas\u0131na kat\u0131lmas\u0131yla heyecan ikiye katlan\u0131yor\u2026 Kalbinizi \u0131s\u0131tacak unsurlarla \u00f6r\u00fcl\u00fc bu hik\u00e2yede Demir ve Derin karde\u015flerle her \u015feyin do\u011fal oldu\u011fu k\u00f6y ya\u015fant\u0131s\u0131n\u0131 ve Hacer Nine\u2019nin mutfa\u011f\u0131n\u0131 tan\u0131ma f\u0131rsat\u0131 bulacaks\u0131n\u0131z.Arkada\u015fl\u0131k, yard\u0131mla\u015fma, sayg\u0131, sevgi, g\u00fcven gibi erdemlerin yan\u0131 s\u0131ra \u015f\u0131mar\u0131kl\u0131k, kendini be\u011fenmi\u015flik, karamsarl\u0131k, merak gibi kavramlar\u0131n neler getirip neler g\u00f6t\u00fcrece\u011fini e\u011flenceli bir \u015fekilde \u00f6\u011frenecek, kitab\u0131n sonunda sizi bekleyen bir de s\u00fcrprizle kar\u015f\u0131la\u015facaks\u0131n\u0131z!<\/p>\n","protected":false},"excerpt":{"rendered":"<p>Demir ve Derin birbirini \u00e7ok seven ama ara s\u0131ra \u00e7eki\u015fen sevimli iki karde\u015f. Yaz tatili maceralar\u0131na da her sene bir yenisi ekleniyor. \u00dcstelik bu yaz Hacer<span class=\"excerpt-hellip\"> [\u2026]<\/span><\/p>\n","protected":false},"featured_media":0,"template":"","meta":{"_monsterinsights_skip_tracking":false,"_monsterinsights_sitenote_active":false,"_monsterinsights_sitenote_note":"","_monsterinsights_sitenote_category":0},"product_brand":[],"product_cat":[12275,12274],"product_tag":[],"class_list":{"0":"post-735375","1":"product","2":"type-product","3":"status-publish","5":"product_cat-6-12-yas-kitaplari","6":"product_cat-cocuk-ve-genclik-kitaplari","7":"pa_cilt-ciltsiz","8":"pa_tur-kitap","9":"pa_yayinevi-buyulu-fener-yayinlari","10":"pa_yazar-merve-bascumali","12":"first","13":"instock","14":"sale","15":"shipping-taxable","16":"purchasable","17":"product-type-simple"},"_links":{"self":[{"href":"https:\/\/roveyayinevi.com.tr\/index.php\/wp-json\/wp\/v2\/product\/735375","targetHints":{"allow":["GET"]}}],"collection":[{"href":"https:\/\/roveyayinevi.com.tr\/index.php\/wp-json\/wp\/v2\/product"}],"about":[{"href":"https:\/\/roveyayinevi.com.tr\/index.php\/wp-json\/wp\/v2\/types\/product"}],"wp:attachment":[{"href":"https:\/\/roveyayinevi.com.tr\/index.php\/wp-json\/wp\/v2\/media?parent=735375"}],"wp:term":[{"taxonomy":"product_brand","embeddable":true,"href":"https:\/\/roveyayinevi.com.tr\/index.php\/wp-json\/wp\/v2\/product_brand?post=735375"},{"taxonomy":"product_cat","embeddable":true,"href":"https:\/\/roveyayinevi.com.tr\/index.php\/wp-json\/wp\/v2\/product_cat?post=735375"},{"taxonomy":"product_tag","embeddable":true,"href":"https:\/\/roveyayinevi.com.tr\/index.php\/wp-json\/wp\/v2\/product_tag?post=735375"}],"curies":[{"name":"wp","href":"https:\/\/api.w.org\/{rel}","templated":true}]}}