{"id":735374,"date":"2025-08-27T22:46:43","date_gmt":"2025-08-27T19:46:43","guid":{"rendered":"https:\/\/roveyayinevi.com.tr\/index.php\/urun\/5-parasiz-silikon-vadisi\/"},"modified":"2026-04-16T02:43:43","modified_gmt":"2026-04-15T23:43:43","slug":"5-parasiz-silikon-vadisi","status":"publish","type":"product","link":"https:\/\/roveyayinevi.com.tr\/index.php\/urun\/5-parasiz-silikon-vadisi\/","title":{"rendered":"5 Paras\u0131z Silikon Vadisi"},"content":{"rendered":"<p>Y\u0131llar boyu \u00e7aresiz hissettim. Reddedildim. Surat\u0131ma kapand\u0131 kap\u0131lar. Be\u015f paras\u0131z kald\u0131m. Depresyonla cebelle\u015ftim. Dipteydim. \u015eimdi ise \u2018Silikon Vadisi\u2019nde keyif ald\u0131\u011f\u0131m bir ya\u015fam, anlaml\u0131 buldu\u011fum bir kariyer s\u00fcrd\u00fcr\u00fcyorum ve T\u00fcrkiye\u2019de kurdu\u011fum marka milyonlarca ki\u015fiye ula\u015f\u0131yor. Biliyorum ki hepimizin \u201cdipte\u201d hissetti\u011fi zamanlar oluyor veya olacak. Ama t\u00fcnelin sonunda bir \u0131\u015f\u0131k var. \u0130nan\u0131n bana. Gelin, birlikte y\u00fcr\u00fcyelim bu t\u00fcnelde. Birlikte ula\u015fal\u0131m o \u0131\u015f\u0131\u011fa\u2026 Yazar Emre \u015eimdi\u2019nin kariyer yolculu\u011funu anlatt\u0131\u011f\u0131 kitab\u0131nda kar\u015f\u0131la\u015ft\u0131\u011f\u0131 zorluklar\u0131 ve \u201cbu art\u0131k\u201d son dedi\u011finde nas\u0131l ba\u015ftan ba\u015flad\u0131\u011f\u0131n\u0131 okuyacaks\u0131n\u0131z. Elma Yay\u0131nevi son kitab\u0131yla keyifli ve anlaml\u0131 bir ya\u015fam isteyen herkese sesleniyor.Keyifli okumalar\u2026<\/p>\n","protected":false},"excerpt":{"rendered":"<p>Y\u0131llar boyu \u00e7aresiz hissettim. Reddedildim. Surat\u0131ma kapand\u0131 kap\u0131lar. Be\u015f paras\u0131z kald\u0131m. Depresyonla cebelle\u015ftim. Dipteydim. \u015eimdi ise \u2018Silikon Vadisi\u2019nde keyif ald\u0131\u011f\u0131m bir ya\u015fam, anlaml\u0131 buldu\u011fum bir kariyer<span class=\"excerpt-hellip\"> [\u2026]<\/span><\/p>\n","protected":false},"featured_media":0,"template":"","meta":{"_monsterinsights_skip_tracking":false,"_monsterinsights_sitenote_active":false,"_monsterinsights_sitenote_note":"","_monsterinsights_sitenote_category":0},"product_brand":[],"product_cat":[12364,12376],"product_tag":[],"class_list":{"0":"post-735374","1":"product","2":"type-product","3":"status-publish","5":"product_cat-genel-konular","6":"product_cat-kisisel-gelisim","7":"pa_cilt-ciltsiz","8":"pa_tur-kitap","9":"pa_yayinevi-elma-yayinevi","10":"pa_yazar-emre-simdi","12":"first","13":"instock","14":"sale","15":"shipping-taxable","16":"purchasable","17":"product-type-simple"},"_links":{"self":[{"href":"https:\/\/roveyayinevi.com.tr\/index.php\/wp-json\/wp\/v2\/product\/735374","targetHints":{"allow":["GET"]}}],"collection":[{"href":"https:\/\/roveyayinevi.com.tr\/index.php\/wp-json\/wp\/v2\/product"}],"about":[{"href":"https:\/\/roveyayinevi.com.tr\/index.php\/wp-json\/wp\/v2\/types\/product"}],"wp:attachment":[{"href":"https:\/\/roveyayinevi.com.tr\/index.php\/wp-json\/wp\/v2\/media?parent=735374"}],"wp:term":[{"taxonomy":"product_brand","embeddable":true,"href":"https:\/\/roveyayinevi.com.tr\/index.php\/wp-json\/wp\/v2\/product_brand?post=735374"},{"taxonomy":"product_cat","embeddable":true,"href":"https:\/\/roveyayinevi.com.tr\/index.php\/wp-json\/wp\/v2\/product_cat?post=735374"},{"taxonomy":"product_tag","embeddable":true,"href":"https:\/\/roveyayinevi.com.tr\/index.php\/wp-json\/wp\/v2\/product_tag?post=735374"}],"curies":[{"name":"wp","href":"https:\/\/api.w.org\/{rel}","templated":true}]}}