{"id":735373,"date":"2025-08-27T22:46:42","date_gmt":"2025-08-27T19:46:42","guid":{"rendered":"https:\/\/roveyayinevi.com.tr\/index.php\/urun\/geceyarisi-kuleleri-zaman-carki-13\/"},"modified":"2026-04-16T02:43:43","modified_gmt":"2026-04-15T23:43:43","slug":"geceyarisi-kuleleri-zaman-carki-13","status":"publish","type":"product","link":"https:\/\/roveyayinevi.com.tr\/index.php\/urun\/geceyarisi-kuleleri-zaman-carki-13\/","title":{"rendered":"Geceyar\u0131s\u0131 Kuleleri &#8211; Zaman \u00c7ark\u0131 13"},"content":{"rendered":"<p>\u201cZaman \u00c7ark\u0131 d\u00f6ner, \u00c7a\u011flar gelip ge\u00e7er, efsanele\u015fen an\u0131lar b\u0131rak\u0131r ard\u0131nda. Efsaneler solarak mit olur ve onlar\u0131 do\u011furan \u00c7a\u011f yeniden geldi\u011finde mitler bile unutulur.\u201dFantastik edebiyat\u0131n devi Robert Jordan\u2019\u0131n kaleminden \u00e7\u0131kan Zaman \u00c7ark\u0131 destan\u0131 d\u00fcnya \u00e7ap\u0131nda milyonlar\u0131n hayal g\u00fcc\u00fcnde yer etti. Ayr\u0131nt\u0131l\u0131 d\u00fcnyas\u0131, en ince detay\u0131na kadar d\u00fc\u015f\u00fcn\u00fclm\u00fc\u015f b\u00fcy\u00fc sistemi, g\u00f6n\u00fcllere taht kuran karakterleri Zaman \u00c7ark\u0131\u2019n\u0131n okurlar taraf\u0131ndan bu kadar sevilmesinin sadece birka\u00e7 sebebi. Zaman \u00c7ark\u0131\u2019n\u0131n etkileri, Patrick Rothfuss, Brandon Sanderson, Brent Weeks gibi g\u00fcn\u00fcm\u00fcz\u00fcn en b\u00fcy\u00fck fantastik yazarlar\u0131n\u0131n eserlerinde g\u00f6r\u00fclebilir.   Son \u00e7ok yak\u0131nd\u0131. G\u00f6lge\u2019nin ordular\u0131 Afet\u2019ten \u00e7\u0131kmaya ba\u015flam\u0131\u015ft\u0131. Rand al\u2019Thor\u2019un Karanl\u0131k Varl\u0131k\u2019la verece\u011fi nihai sava\u015fta iki \u00e7ocukluk arkada\u015f\u0131n\u0131n yard\u0131m\u0131na ihtiyac\u0131 vard\u0131, yoksa sava\u015f\u0131 kaybedece\u011fi kesindi.   Ge\u00e7mi\u015fin hayaletleri Perrin\u2019in pe\u015findeydi. Perrin\u2019in bunlardan kurtulmas\u0131 i\u00e7in gereken ipu\u00e7lar\u0131n\u0131 kurt hakk\u0131nda g\u00f6rd\u00fc\u011f\u00fc d\u00fc\u015fte aramas\u0131 ve i\u00e7indeki kurda h\u00e2kim olmas\u0131 gerekiyordu.   Bu s\u0131rada Mat kendini hayat\u0131n\u0131n en zor m\u00fccadelesine haz\u0131rl\u0131yordu. Aelfinn ile Eelfinn onun akl\u0131n\u0131 kar\u0131\u015ft\u0131rm\u0131\u015f ve zihnine ba\u015fka insanlar\u0131n an\u0131lar\u0131ndan par\u00e7alar koymu\u015ftu. Mat yarat\u0131klarla olan bu son y\u00fczle\u015fmesinde her \u015feyin bitece\u011fini umuyordu fakat \u00c7ark\u2019\u0131n ne dokuyaca\u011f\u0131n\u0131 bilmek imk\u00e2ns\u0131zd\u0131.   Ejderha, bir kez daha zaman\u0131n r\u00fczg\u00e2rlar\u0131nda havalanacak.   \u201cD\u00fcnyas\u0131 geni\u015f, detaylar\u0131 yo\u011fun, karakterleri ikna edici muazzam bir kahramanl\u0131k fantazyas\u0131.\u201d \u2013L. Sprague de Camp   \u201cZaman \u00c7ark\u0131 kitaplar\u0131 hayat\u0131mda bir d\u00f6n\u00fcm noktas\u0131.\u201d \u2013Robin Hobb <\/p>\n","protected":false},"excerpt":{"rendered":"<p>\u201cZaman \u00c7ark\u0131 d\u00f6ner, \u00c7a\u011flar gelip ge\u00e7er, efsanele\u015fen an\u0131lar b\u0131rak\u0131r ard\u0131nda. Efsaneler solarak mit olur ve onlar\u0131 do\u011furan \u00c7a\u011f yeniden geldi\u011finde mitler bile unutulur.\u201dFantastik edebiyat\u0131n devi Robert<span class=\"excerpt-hellip\"> [\u2026]<\/span><\/p>\n","protected":false},"featured_media":0,"template":"","meta":{"_monsterinsights_skip_tracking":false,"_monsterinsights_sitenote_active":false,"_monsterinsights_sitenote_note":"","_monsterinsights_sitenote_category":0},"product_brand":[],"product_cat":[12291,14777],"product_tag":[],"class_list":{"0":"post-735373","1":"product","2":"type-product","3":"status-publish","5":"product_cat-edebiyat","6":"product_cat-fantastik","7":"pa_cilt-ciltsiz","8":"pa_tur-kitap","9":"pa_yayinevi-ithaki-yayinlari","10":"pa_yazar-robert-jordan-brandon-sanderson","12":"first","13":"instock","14":"sale","15":"shipping-taxable","16":"purchasable","17":"product-type-simple"},"_links":{"self":[{"href":"https:\/\/roveyayinevi.com.tr\/index.php\/wp-json\/wp\/v2\/product\/735373","targetHints":{"allow":["GET"]}}],"collection":[{"href":"https:\/\/roveyayinevi.com.tr\/index.php\/wp-json\/wp\/v2\/product"}],"about":[{"href":"https:\/\/roveyayinevi.com.tr\/index.php\/wp-json\/wp\/v2\/types\/product"}],"wp:attachment":[{"href":"https:\/\/roveyayinevi.com.tr\/index.php\/wp-json\/wp\/v2\/media?parent=735373"}],"wp:term":[{"taxonomy":"product_brand","embeddable":true,"href":"https:\/\/roveyayinevi.com.tr\/index.php\/wp-json\/wp\/v2\/product_brand?post=735373"},{"taxonomy":"product_cat","embeddable":true,"href":"https:\/\/roveyayinevi.com.tr\/index.php\/wp-json\/wp\/v2\/product_cat?post=735373"},{"taxonomy":"product_tag","embeddable":true,"href":"https:\/\/roveyayinevi.com.tr\/index.php\/wp-json\/wp\/v2\/product_tag?post=735373"}],"curies":[{"name":"wp","href":"https:\/\/api.w.org\/{rel}","templated":true}]}}