{"id":735372,"date":"2025-08-27T22:46:41","date_gmt":"2025-08-27T19:46:41","guid":{"rendered":"https:\/\/roveyayinevi.com.tr\/index.php\/urun\/antolojiya-edebiyata-kurdi-ii\/"},"modified":"2026-04-16T02:43:43","modified_gmt":"2026-04-15T23:43:43","slug":"antolojiya-edebiyata-kurdi-ii","status":"publish","type":"product","link":"https:\/\/roveyayinevi.com.tr\/index.php\/urun\/antolojiya-edebiyata-kurdi-ii\/","title":{"rendered":"Antolojiya Edebiyata Kurdi &#8211; II"},"content":{"rendered":"<p>Antolojiya Edebiyata Kurd\u00ee, bi v\u00ee be\u015f\u00ea xwe y\u00ea duwem\u00een, asoya Ziman \u00fb Edeba Kurd\u00ee berfirehtir dike. Di v\u00ee be\u015f\u00ee de reng\u00een\u00ee \u00fb pirdengiya edebiyata kurd\u00ee \u015f\u00eanbertir dibe \u00fb yekcar vediguheze okyan\u00fbseke edebiyat\u00ea ya k\u00fbr \u00fb b\u00eabin\u00ee; ji rohilat\u00ea wel\u00eat bigire heya roavay\u00ea wel\u00eat; \u00e7i bakur \u00fb \u00e7i j\u00ee ba\u015f\u00fbr; r\u00fbpel\u00ean antolojiy\u00ea; bi niv\u00ees\u00ean zaravay\u00ean kurd\u00ee y\u00ean, kurmanc\u00ee, dumil\u00ee \u00fb soran\u00ee t\u00ean dagirtin. Agahiy\u00ean ku di nav\u00ea de ne, me hildide ser mil\u00ean xwe \u00fb me dibe li nav wel\u00eat \u00fb carina j\u00ee sirg\u00fbniy\u00ea vedini\u015f\u00eene; geh dike m\u00eavan\u00ea xemg\u00een\u00ee \u00fb end\u00ee\u015fey\u00ea, geh j\u00ee y\u00ea k\u00eafxwe\u015f\u00ee \u00fb henek\u00ea.Antolojiya Edebiyata Kurd\u00ee &#8211; II, j\u00ee d\u00ea m\u00eena cild\u00ea yekem\u00een dewsa valah\u00ee \u00fb k\u00eamaniy\u00ean ku hene tij\u00ee bike, d\u00ea qel\u00ee\u015f \u00fb bir\u00een\u00ean ku li ser dil\u00ea ziman \u00fb edeba kurd\u00ee veb\u00fbne, bi h\u00eaza zan\u00een, niv\u00eesar, \u00e7\u00eerok, \u015fih\u00eer \u00fb p\u00ean\u00fbs\u015for\u00ean ku di nava xwe de hewandiye, bicebir\u00eene.<\/p>\n","protected":false},"excerpt":{"rendered":"<p>Antolojiya Edebiyata Kurd\u00ee, bi v\u00ee be\u015f\u00ea xwe y\u00ea duwem\u00een, asoya Ziman \u00fb Edeba Kurd\u00ee berfirehtir dike. Di v\u00ee be\u015f\u00ee de reng\u00een\u00ee \u00fb pirdengiya edebiyata kurd\u00ee \u015f\u00eanbertir<span class=\"excerpt-hellip\"> [\u2026]<\/span><\/p>\n","protected":false},"featured_media":0,"template":"","meta":{"_monsterinsights_skip_tracking":false,"_monsterinsights_sitenote_active":false,"_monsterinsights_sitenote_note":"","_monsterinsights_sitenote_category":0},"product_brand":[],"product_cat":[13072,12291],"product_tag":[],"class_list":{"0":"post-735372","1":"product","2":"type-product","3":"status-publish","5":"product_cat-arastirma-inceleme-referans","6":"product_cat-edebiyat","7":"pa_cilt-ciltsiz","8":"pa_tur-kitap","9":"pa_yayinevi-sel-yayincilik","10":"pa_yazar-mehmed-uzun","12":"first","13":"instock","14":"sale","15":"shipping-taxable","16":"purchasable","17":"product-type-simple"},"_links":{"self":[{"href":"https:\/\/roveyayinevi.com.tr\/index.php\/wp-json\/wp\/v2\/product\/735372","targetHints":{"allow":["GET"]}}],"collection":[{"href":"https:\/\/roveyayinevi.com.tr\/index.php\/wp-json\/wp\/v2\/product"}],"about":[{"href":"https:\/\/roveyayinevi.com.tr\/index.php\/wp-json\/wp\/v2\/types\/product"}],"wp:attachment":[{"href":"https:\/\/roveyayinevi.com.tr\/index.php\/wp-json\/wp\/v2\/media?parent=735372"}],"wp:term":[{"taxonomy":"product_brand","embeddable":true,"href":"https:\/\/roveyayinevi.com.tr\/index.php\/wp-json\/wp\/v2\/product_brand?post=735372"},{"taxonomy":"product_cat","embeddable":true,"href":"https:\/\/roveyayinevi.com.tr\/index.php\/wp-json\/wp\/v2\/product_cat?post=735372"},{"taxonomy":"product_tag","embeddable":true,"href":"https:\/\/roveyayinevi.com.tr\/index.php\/wp-json\/wp\/v2\/product_tag?post=735372"}],"curies":[{"name":"wp","href":"https:\/\/api.w.org\/{rel}","templated":true}]}}