{"id":735371,"date":"2025-08-27T22:46:40","date_gmt":"2025-08-27T19:46:40","guid":{"rendered":"https:\/\/roveyayinevi.com.tr\/index.php\/urun\/firtina-toplaniyor-zaman-carki-12\/"},"modified":"2026-04-16T02:43:43","modified_gmt":"2026-04-15T23:43:43","slug":"firtina-toplaniyor-zaman-carki-12","status":"publish","type":"product","link":"https:\/\/roveyayinevi.com.tr\/index.php\/urun\/firtina-toplaniyor-zaman-carki-12\/","title":{"rendered":"F\u0131rt\u0131na Toplan\u0131yor &#8211; Zaman \u00c7ark\u0131 12"},"content":{"rendered":"<p>\u201cZaman \u00c7ark\u0131 d\u00f6ner, \u00c7a\u011flar gelip ge\u00e7er, efsanele\u015fen an\u0131lar b\u0131rak\u0131r ard\u0131nda. Efsaneler solarak mit olur ve onlar\u0131 do\u011furan \u00c7a\u011f yeniden geldi\u011finde mitler bile unutulur.\u201dFantastik edebiyat\u0131n devi Robert Jordan\u2019\u0131n kaleminden \u00e7\u0131kan Zaman \u00c7ark\u0131 destan\u0131 d\u00fcnya \u00e7ap\u0131nda milyonlar\u0131n hayal g\u00fcc\u00fcnde yer etti. Ayr\u0131nt\u0131l\u0131 d\u00fcnyas\u0131, en ince detay\u0131na kadar d\u00fc\u015f\u00fcn\u00fclm\u00fc\u015f b\u00fcy\u00fc sistemi, g\u00f6n\u00fcllere taht kuran karakterleri Zaman \u00c7ark\u0131\u2019n\u0131n okurlar taraf\u0131ndan bu kadar sevilmesinin sadece birka\u00e7 sebebi. Zaman \u00c7ark\u0131\u2019n\u0131n etkileri, Patrick Rothfuss, Brandon Sanderson, Brent Weeks gibi g\u00fcn\u00fcm\u00fcz\u00fcn en b\u00fcy\u00fck fantastik yazarlar\u0131n\u0131n eserlerinde g\u00f6r\u00fclebilir.   Tarmon Gai\u2019don kap\u0131dayd\u0131 ama insanl\u0131k bu sava\u015fa haz\u0131r de\u011fildi. Rand, krall\u0131klar\u0131 ve birlikleri nihai sava\u015fa kar\u015f\u0131 bir araya getirmeye \u00e7abal\u0131yordu. Bu s\u0131rada Rand\u2019\u0131n \u00e7evresindekiler Yenidendo\u011fan Ejder\u2019in y\u00fcre\u011finde yay\u0131lmakta olan tehlikeli karanl\u0131\u011f\u0131n fark\u0131ndayd\u0131.   Seanchan sald\u0131r\u0131s\u0131n\u0131n eli kula\u011f\u0131nda oldu\u011funu bilen Egwene, bir yandan Aes Sedailerin par\u00e7alara ayr\u0131lm\u0131\u015f fraksiyonlar\u0131n\u0131 bir araya getirmeye, di\u011fer yandansa artan umutsuzlu\u011fu ve g\u00fcvensizli\u011fi bast\u0131rmak i\u00e7in liderli\u011fini kan\u0131tlamaya u\u011fra\u015f\u0131yordu. Verece\u011fi m\u00fccadele Beyaz Kule\u2019nin gelece\u011fini belirleyecekti \u2013 ve belki de, d\u00fcnyan\u0131n gelece\u011fini\u2026   Ejderha, bir kez daha zaman\u0131n r\u00fczg\u00e2rlar\u0131nda havalanacak.   \u201cZaman \u00c7ark\u0131, fantastik edebiyat\u0131n yeniden tan\u0131mlanmas\u0131n\u0131 sa\u011flad\u0131.\u201d \u2013George R. R. Martin   \u201cRobert Jordan \u00f6yle b\u00fcy\u00fck bir romanc\u0131 ki ben dahil bir jenerasyonu k\u00f6k\u00fcnden etkiledi. Ona ne kadar te\u015fekk\u00fcr etsem az.\u201d \u2013Peter V. Brett <\/p>\n","protected":false},"excerpt":{"rendered":"<p>\u201cZaman \u00c7ark\u0131 d\u00f6ner, \u00c7a\u011flar gelip ge\u00e7er, efsanele\u015fen an\u0131lar b\u0131rak\u0131r ard\u0131nda. Efsaneler solarak mit olur ve onlar\u0131 do\u011furan \u00c7a\u011f yeniden geldi\u011finde mitler bile unutulur.\u201dFantastik edebiyat\u0131n devi Robert<span class=\"excerpt-hellip\"> [\u2026]<\/span><\/p>\n","protected":false},"featured_media":0,"template":"","meta":{"_monsterinsights_skip_tracking":false,"_monsterinsights_sitenote_active":false,"_monsterinsights_sitenote_note":"","_monsterinsights_sitenote_category":0},"product_brand":[],"product_cat":[12291,14777],"product_tag":[],"class_list":{"0":"post-735371","1":"product","2":"type-product","3":"status-publish","5":"product_cat-edebiyat","6":"product_cat-fantastik","7":"pa_cilt-ciltsiz","8":"pa_tur-kitap","9":"pa_yayinevi-ithaki-yayinlari","10":"pa_yazar-robert-jordan-brandon-sanderson","12":"first","13":"instock","14":"sale","15":"shipping-taxable","16":"purchasable","17":"product-type-simple"},"_links":{"self":[{"href":"https:\/\/roveyayinevi.com.tr\/index.php\/wp-json\/wp\/v2\/product\/735371","targetHints":{"allow":["GET"]}}],"collection":[{"href":"https:\/\/roveyayinevi.com.tr\/index.php\/wp-json\/wp\/v2\/product"}],"about":[{"href":"https:\/\/roveyayinevi.com.tr\/index.php\/wp-json\/wp\/v2\/types\/product"}],"wp:attachment":[{"href":"https:\/\/roveyayinevi.com.tr\/index.php\/wp-json\/wp\/v2\/media?parent=735371"}],"wp:term":[{"taxonomy":"product_brand","embeddable":true,"href":"https:\/\/roveyayinevi.com.tr\/index.php\/wp-json\/wp\/v2\/product_brand?post=735371"},{"taxonomy":"product_cat","embeddable":true,"href":"https:\/\/roveyayinevi.com.tr\/index.php\/wp-json\/wp\/v2\/product_cat?post=735371"},{"taxonomy":"product_tag","embeddable":true,"href":"https:\/\/roveyayinevi.com.tr\/index.php\/wp-json\/wp\/v2\/product_tag?post=735371"}],"curies":[{"name":"wp","href":"https:\/\/api.w.org\/{rel}","templated":true}]}}