{"id":735370,"date":"2025-08-27T22:46:38","date_gmt":"2025-08-27T19:46:38","guid":{"rendered":"https:\/\/roveyayinevi.com.tr\/index.php\/urun\/antolojiya-edebiyata-kurdi-i\/"},"modified":"2026-04-16T02:43:43","modified_gmt":"2026-04-15T23:43:43","slug":"antolojiya-edebiyata-kurdi-i","status":"publish","type":"product","link":"https:\/\/roveyayinevi.com.tr\/index.php\/urun\/antolojiya-edebiyata-kurdi-i\/","title":{"rendered":"Antolojiya Edebiyata Kurd\u00ee &#8211; I"},"content":{"rendered":"<p>Heke meriv rew\u015fa ziman\u00ea kurd\u00ee ya sedsala b\u00eestem\u00een b\u00eene ber \u00e7avan; hing\u00ea meriv dib\u00eene \u00fb t\u00eadigihe ku p\u00earg\u00ee gelek\u00ee asteng\u00ee, qedexe \u00fb zordariy\u00ea hatiye, tev\u00ee v\u00ea yek\u00ea j\u00ee meriv l\u00ea dinih\u00eare ku niv\u00eeskar \u00fb \u015fah\u00eer\u00ean kurd\u00ee, di her \u015fert \u00fb merc\u00ee de, b\u00earawest, di nava geremol \u00fb dijwar\u00ee; di bin gef \u00fb tehd\u00eed\u00ean hew\u00e7end giran y\u00ean serdestan de her berhem afiandine \u00fb her weha n\u00ee\u015fan dane ku ziman\u00ea kurd\u00ee bi q\u00eema xwe t\u00ea \u00fb ew ne k\u00eam\u00ee ziman\u00ean c\u00eeran \u00fb biyanan e.Uzun, di destp\u00eaka sirg\u00fbniya xwe de, wext\u00ea ku yek ji ger\u00eenendey\u00ean kovara Kurdistan Press\u00ea ye, hewcedar\u00ee bi lihevkomkirina niv\u00eeskar\u00ean kurd y\u00ean her par\u00e7ey\u00ee \u00fb bi danas\u00eena wan, berhem \u00fb xebat\u00ean wan y\u00ean edeb\u00ee aniye \u00fb dest bi xebat\u00ea kiriye. Her ku \u00e7\u00fbye ev xebata danas\u00een\u00ea qulipiye ser fikreke k\u00fbr \u00fb qeh\u00eemtir. Pi\u015ft\u00ee tevlib\u00fbna xebata \u00e7end sal\u00ean din, ev antoloj\u00ee hatiye p\u00ea. Ev xebata d\u00fbr \u00fb dir\u00eaj, di tar\u00eexa n\u00eaz ya Edebiyata Kurd\u00ee de, gav \u00fb tevgereke gelek\u00ee berbi\u00e7avtir\u00een e, ji bo ziman \u00fb edebiyateke kevnare dikare bibe hereketeke gelek\u00ee n\u00fb \u00fb n\u00fbjen.Antolojiya Edebiyata Kurd\u00ee, ne bi ten\u00ea berhem\u00ean niv\u00eeskar \u00fb \u015fah\u00eer\u00ean kurd dide nas\u00een, her weha ew bi her away\u00ee pirek\u00ea di navbera niv\u00eeskar, \u015fah\u00eer \u00fb xwendey\u00ean kurd de ava dike \u00fb wan her n\u00eaz\u00eek\u00ea hev\u00fbdu dike.<\/p>\n","protected":false},"excerpt":{"rendered":"<p>Heke meriv rew\u015fa ziman\u00ea kurd\u00ee ya sedsala b\u00eestem\u00een b\u00eene ber \u00e7avan; hing\u00ea meriv dib\u00eene \u00fb t\u00eadigihe ku p\u00earg\u00ee gelek\u00ee asteng\u00ee, qedexe \u00fb zordariy\u00ea hatiye, tev\u00ee v\u00ea<span class=\"excerpt-hellip\"> [\u2026]<\/span><\/p>\n","protected":false},"featured_media":0,"template":"","meta":{"_monsterinsights_skip_tracking":false,"_monsterinsights_sitenote_active":false,"_monsterinsights_sitenote_note":"","_monsterinsights_sitenote_category":0},"product_brand":[],"product_cat":[13072,12291],"product_tag":[],"class_list":{"0":"post-735370","1":"product","2":"type-product","3":"status-publish","5":"product_cat-arastirma-inceleme-referans","6":"product_cat-edebiyat","7":"pa_cilt-ciltsiz","8":"pa_tur-kitap","9":"pa_yayinevi-sel-yayincilik","10":"pa_yazar-mehmed-uzun","12":"first","13":"instock","14":"sale","15":"shipping-taxable","16":"purchasable","17":"product-type-simple"},"_links":{"self":[{"href":"https:\/\/roveyayinevi.com.tr\/index.php\/wp-json\/wp\/v2\/product\/735370","targetHints":{"allow":["GET"]}}],"collection":[{"href":"https:\/\/roveyayinevi.com.tr\/index.php\/wp-json\/wp\/v2\/product"}],"about":[{"href":"https:\/\/roveyayinevi.com.tr\/index.php\/wp-json\/wp\/v2\/types\/product"}],"wp:attachment":[{"href":"https:\/\/roveyayinevi.com.tr\/index.php\/wp-json\/wp\/v2\/media?parent=735370"}],"wp:term":[{"taxonomy":"product_brand","embeddable":true,"href":"https:\/\/roveyayinevi.com.tr\/index.php\/wp-json\/wp\/v2\/product_brand?post=735370"},{"taxonomy":"product_cat","embeddable":true,"href":"https:\/\/roveyayinevi.com.tr\/index.php\/wp-json\/wp\/v2\/product_cat?post=735370"},{"taxonomy":"product_tag","embeddable":true,"href":"https:\/\/roveyayinevi.com.tr\/index.php\/wp-json\/wp\/v2\/product_tag?post=735370"}],"curies":[{"name":"wp","href":"https:\/\/api.w.org\/{rel}","templated":true}]}}