{"id":735368,"date":"2025-08-27T22:46:36","date_gmt":"2025-08-27T19:46:36","guid":{"rendered":"https:\/\/roveyayinevi.com.tr\/index.php\/urun\/destpeka-edebiyata-kurdi\/"},"modified":"2026-04-16T02:43:43","modified_gmt":"2026-04-15T23:43:43","slug":"destpeka-edebiyata-kurdi","status":"publish","type":"product","link":"https:\/\/roveyayinevi.com.tr\/index.php\/urun\/destpeka-edebiyata-kurdi\/","title":{"rendered":"Destp\u00eaka Edebiyata Kurd\u00ee"},"content":{"rendered":"<p>Wel\u00ea dixuye \u00fb t\u00ea zan\u00een ku xebat \u00fb tevger\u00ean edeb\u00ee y\u00ean Mehmed Uzun, bi qas\u00ee romanniv\u00eeseriy\u00ea di war\u00ea l\u00eager\u00een \u00fb l\u00eakol\u00een\u00ean edebiyat \u00fb \u00e7anda kurd\u00ee de j\u00ee berbi\u00e7av in. Destp\u00eaka Edebiyata Kurd\u00ee, di war\u00ea l\u00eakol\u00een\u00ean edebiyata kurd\u00ee de gaveke h\u00fbr \u00fb k\u00fbr \u00fb n\u00fbjen e.Mehmed Uzun di v\u00ea kurtel\u00eager\u00ea de, li ser edebiyat, niv\u00eeskar \u00fb \u015fah\u00eer\u00ean her\u00e7ar par\u00e7ey\u00ean kurdistan\u00ea y\u00ean xuyay\u00ee \u00fb nexuyay\u00ee ne radiweste \u00fb bi zimanek\u00ee sade \u00fb herikbar y\u00ea edeb\u00ee qala wan, xebat\u00ean wan \u00fb berhem\u00ean wan dike. Edebiyata Kurd\u00ee mixabin ku gelek\u00ee wext her \u00ea\u015f \u00fb azar ki\u015fandiye \u00fb b\u00eagav maye, l\u00ea bel\u00ea tev\u00ee v\u00ea yek\u00ea hem\u00fb kesp \u00fb kosp, keft \u00fb left\u00ean hew\u00e7end dijwar dane pey xwe \u00fb heya roja me hatiye \u00fb h\u00eaviyeke xurt bi xwe re aniye.Destp\u00eaka Edebiyata Kurd\u00ee, heye ku m\u00eena berhemeke kin \u00fb kurt bixuye; l\u00ea bel\u00ea ew bi naverok \u00fb agahiy\u00ean ku di nava xwe de hewandiye, h\u00eaja \u00fb balk\u00ea\u015f \u00fb dagirtiye. Ew d\u00ea bi van taybetmendiy\u00ean xwe her tim rewacdar be \u00fb herweha ew d\u00ea r\u00ea li ber niv\u00eesar \u00fb xebat\u00ean akadem\u00eek y\u00ean edebiyata kurd\u00ee veke.<\/p>\n","protected":false},"excerpt":{"rendered":"<p>Wel\u00ea dixuye \u00fb t\u00ea zan\u00een ku xebat \u00fb tevger\u00ean edeb\u00ee y\u00ean Mehmed Uzun, bi qas\u00ee romanniv\u00eeseriy\u00ea di war\u00ea l\u00eager\u00een \u00fb l\u00eakol\u00een\u00ean edebiyat \u00fb \u00e7anda kurd\u00ee de<span class=\"excerpt-hellip\"> [\u2026]<\/span><\/p>\n","protected":false},"featured_media":0,"template":"","meta":{"_monsterinsights_skip_tracking":false,"_monsterinsights_sitenote_active":false,"_monsterinsights_sitenote_note":"","_monsterinsights_sitenote_category":0},"product_brand":[],"product_cat":[13072,12291],"product_tag":[],"class_list":{"0":"post-735368","1":"product","2":"type-product","3":"status-publish","5":"product_cat-arastirma-inceleme-referans","6":"product_cat-edebiyat","7":"pa_cilt-ciltsiz","8":"pa_tur-kitap","9":"pa_yayinevi-sel-yayincilik","10":"pa_yazar-mehmed-uzun","12":"first","13":"instock","14":"sale","15":"shipping-taxable","16":"purchasable","17":"product-type-simple"},"_links":{"self":[{"href":"https:\/\/roveyayinevi.com.tr\/index.php\/wp-json\/wp\/v2\/product\/735368","targetHints":{"allow":["GET"]}}],"collection":[{"href":"https:\/\/roveyayinevi.com.tr\/index.php\/wp-json\/wp\/v2\/product"}],"about":[{"href":"https:\/\/roveyayinevi.com.tr\/index.php\/wp-json\/wp\/v2\/types\/product"}],"wp:attachment":[{"href":"https:\/\/roveyayinevi.com.tr\/index.php\/wp-json\/wp\/v2\/media?parent=735368"}],"wp:term":[{"taxonomy":"product_brand","embeddable":true,"href":"https:\/\/roveyayinevi.com.tr\/index.php\/wp-json\/wp\/v2\/product_brand?post=735368"},{"taxonomy":"product_cat","embeddable":true,"href":"https:\/\/roveyayinevi.com.tr\/index.php\/wp-json\/wp\/v2\/product_cat?post=735368"},{"taxonomy":"product_tag","embeddable":true,"href":"https:\/\/roveyayinevi.com.tr\/index.php\/wp-json\/wp\/v2\/product_tag?post=735368"}],"curies":[{"name":"wp","href":"https:\/\/api.w.org\/{rel}","templated":true}]}}