{"id":735367,"date":"2025-08-27T22:46:35","date_gmt":"2025-08-27T19:46:35","guid":{"rendered":"https:\/\/roveyayinevi.com.tr\/index.php\/urun\/kizillar-ispanyol-futbolunun-dunyayi-fethi\/"},"modified":"2026-04-16T02:43:43","modified_gmt":"2026-04-15T23:43:43","slug":"kizillar-ispanyol-futbolunun-dunyayi-fethi","status":"publish","type":"product","link":"https:\/\/roveyayinevi.com.tr\/index.php\/urun\/kizillar-ispanyol-futbolunun-dunyayi-fethi\/","title":{"rendered":"K\u0131z\u0131llar &#8211; \u0130spanyol Futbolunun D\u00fcnyay\u0131 Fethi"},"content":{"rendered":"<p>\u0130spanya&#8230; Futbol k\u00fclt\u00fcr\u00fcnden daha fazlas\u0131\u2026   \u0130spanyol futbolu her zaman sayg\u0131de\u011fer bir k\u00fclt\u00fcre sahipti. Ama milenyum sonras\u0131nda hem ba\u015fta Barcelona, Real Madrid, Atletico Madrid ve Sevilla olmak \u00fczere kul\u00fcplerin hem de milli tak\u0131m\u0131n geldi\u011fi nokta, onlar\u0131 bir s\u00fcreli\u011fine sahan\u0131n tek h\u00e2kimi yapt\u0131.   Spor gazetecisi Jimmy Burns K\u0131z\u0131llar\u2019la futbolun \u0130spanya\u2019y\u0131 nas\u0131l bir araya getirdi\u011fini ve \u0130spanyol oyun tarz\u0131n\u0131n d\u00fcnyan\u0131n d\u00f6rt bir yan\u0131ndaki taraftarlar\u0131n kalbini nas\u0131l kazand\u0131\u011f\u0131n\u0131 g\u00f6stermek i\u00e7in futbol tarihini ara\u015ft\u0131r\u0131yor. Kitap boyunca Franco y\u0131llar\u0131ndan g\u00fcn\u00fcm\u00fcze kadar ilgin\u00e7 anekdotlar; Cruyff, Guardiola, Aragon\u00e9s, del Bosque, Messi gibi fig\u00fcrler; Barcelona ve Real Madrid aras\u0131ndaki destans\u0131 m\u00fccadelenin \u00fclke futbolunu ve g\u00fcnl\u00fck hayat\u0131 nas\u0131l etkiledi\u011fine dair detaylar titizlikle inceleniyor.   Yakla\u015f\u0131k 150 y\u0131ll\u0131k \u0130spanyol futbolunun tarihini, k\u00f6klerini, siyasetini, bo\u011fa g\u00fcre\u015fiyle ba\u011flant\u0131lar\u0131n\u0131 ve hatta Don Quijote\u2019yle ortak k\u00fclt\u00fcrel miras\u0131n\u0131 e\u015fsizce bir araya getiren Burns, konu \u00fczerine \u015fimdiye dek yaz\u0131lm\u0131\u015f en kapsaml\u0131 kitaba imza at\u0131yor.   \u201cT\u00fcm hayat\u0131n\u0131 \u0130spanyol tarihi ve futboluna adam\u0131\u015f biri olarak bu kitab\u0131 Burns\u2019ten daha iyi kimse yazamazd\u0131.\u201d \u2013Simon Kuper <\/p>\n","protected":false},"excerpt":{"rendered":"<p>\u0130spanya&#8230; Futbol k\u00fclt\u00fcr\u00fcnden daha fazlas\u0131\u2026 \u0130spanyol futbolu her zaman sayg\u0131de\u011fer bir k\u00fclt\u00fcre sahipti. Ama milenyum sonras\u0131nda hem ba\u015fta Barcelona, Real Madrid, Atletico Madrid ve Sevilla olmak<span class=\"excerpt-hellip\"> [\u2026]<\/span><\/p>\n","protected":false},"featured_media":0,"template":"","meta":{"_monsterinsights_skip_tracking":false,"_monsterinsights_sitenote_active":false,"_monsterinsights_sitenote_note":"","_monsterinsights_sitenote_category":0},"product_brand":[],"product_cat":[15563,15564],"product_tag":[],"class_list":{"0":"post-735367","1":"product","2":"type-product","3":"status-publish","5":"product_cat-hobi","6":"product_cat-spor","7":"pa_cilt-ciltsiz","8":"pa_tur-kitap","9":"pa_yayinevi-ithaki-yayinlari","10":"pa_yazar-jimmy-burns","12":"first","13":"instock","14":"sale","15":"shipping-taxable","16":"purchasable","17":"product-type-simple"},"_links":{"self":[{"href":"https:\/\/roveyayinevi.com.tr\/index.php\/wp-json\/wp\/v2\/product\/735367","targetHints":{"allow":["GET"]}}],"collection":[{"href":"https:\/\/roveyayinevi.com.tr\/index.php\/wp-json\/wp\/v2\/product"}],"about":[{"href":"https:\/\/roveyayinevi.com.tr\/index.php\/wp-json\/wp\/v2\/types\/product"}],"wp:attachment":[{"href":"https:\/\/roveyayinevi.com.tr\/index.php\/wp-json\/wp\/v2\/media?parent=735367"}],"wp:term":[{"taxonomy":"product_brand","embeddable":true,"href":"https:\/\/roveyayinevi.com.tr\/index.php\/wp-json\/wp\/v2\/product_brand?post=735367"},{"taxonomy":"product_cat","embeddable":true,"href":"https:\/\/roveyayinevi.com.tr\/index.php\/wp-json\/wp\/v2\/product_cat?post=735367"},{"taxonomy":"product_tag","embeddable":true,"href":"https:\/\/roveyayinevi.com.tr\/index.php\/wp-json\/wp\/v2\/product_tag?post=735367"}],"curies":[{"name":"wp","href":"https:\/\/api.w.org\/{rel}","templated":true}]}}