{"id":735366,"date":"2025-08-27T22:46:34","date_gmt":"2025-08-27T19:46:34","guid":{"rendered":"https:\/\/roveyayinevi.com.tr\/index.php\/urun\/yazinsal-metin-ustune-arastirmalar\/"},"modified":"2026-04-16T02:43:42","modified_gmt":"2026-04-15T23:43:42","slug":"yazinsal-metin-ustune-arastirmalar","status":"publish","type":"product","link":"https:\/\/roveyayinevi.com.tr\/index.php\/urun\/yazinsal-metin-ustune-arastirmalar\/","title":{"rendered":"Yaz\u0131nsal Metin \u00dcst\u00fcne Ara\u015ft\u0131rmalar"},"content":{"rendered":"<p>Metin odakl\u0131 ele\u015ftiri kuram\u0131n\u0131n T\u00fcrk\u00e7edeki ilk temel yap\u0131tlar\u0131ndan biri olan Yaz\u0131nsal Metin \u00dcst\u00fcne Ara\u015ft\u0131rmalar g\u00f6zden ge\u00e7irilmi\u015f bask\u0131s\u0131yla k\u0131rk be\u015f y\u0131l sonra yeniden okur kar\u015f\u0131s\u0131nda&#8230;Geleneksel Ele\u015ftiriden Yap\u0131 Kavram\u0131na \u2013 Yaz\u0131nsal G\u00f6stergebilim ve Yaz\u0131nsall\u0131k Sorunlar\u0131 \u2013 Metinsel \u00c7\u00f6z\u00fcmleme ve Okuma Birimleri \u2013 Yaz\u0131nsal Metinde Dil ve \u00c7o\u011fulanlamlama \u2013 Yaz\u0131nsal Metinde D\u0131\u015f Ger\u00e7e\u011fi Arama Y\u00fczeyselli\u011fi \u00e7evresinde bi\u00e7imlenen \u00e7al\u0131\u015fma g\u00f6stergebilim terimleri a\u00e7\u0131s\u0131ndan da yenilendi.&#8221;\u00d6zya\u015famdan kaynaklanan yaz\u0131nsal ele\u015ftirinin ge\u00e7erli\u011fini yitirip yitirmedi\u011fi kimi \u00e7evrelerce tart\u0131\u015f\u0131la dursun, yazar\u0131n ya\u015fam\u0131ndan esinlenerek yap\u0131t \u00e7\u00f6z\u00fcmlemesine y\u00f6nelenlerin say\u0131s\u0131 giderek yok oluyor. Ne de olsa, XIX. y\u00fczy\u0131ldan kalma k\u00f6hnemi\u015f tarihsel ele\u015ftirinin ba\u015fvurdu\u011fu kaynakt\u0131r \u00f6zya\u015fam. Yap\u0131t\u0131 bir k\u00f6\u015feye iterek yazar\u0131n soyu, ortam\u0131, d\u00f6nemiyle ilgili ara\u015ft\u0131rmalara giri\u015fmek yap\u0131t\u0131n yap\u0131s\u0131n\u0131 a\u00e7\u0131klamaya g\u00f6t\u00fcrmemi\u015ftir tarihsel ele\u015ftiriciyi. \u00d6zya\u015famdaki olgular\u0131n yap\u0131t\u0131 etkiledi\u011fini bulmak, yap\u0131t\u0131 \u00e7\u00f6z\u00fcmlemek de\u011fildir. \u00c7\u00f6z\u00fcmlenecek metin i\u00e7in tek kaynak yine bu metnin kendisidir. \u00c7\u00f6z\u00fcmleme, ele\u015ftiri ya da g\u00f6stergebilimsel a\u00e7\u0131klama bekleyen yazar\u0131n metnidir art\u0131k. Her \u015fey, bir b\u00fct\u00fcn olu\u015fturmas\u0131 gereken metinde aran\u0131r. Metin, yap\u0131s\u0131ndaki yetkinli\u011fe g\u00f6re yarg\u0131lan\u0131r. Yap\u0131t\u0131n ger\u00e7ekli\u011fi de\u011fil ge\u00e7erlili\u011fidir s\u00f6z konusu olan.&#8221;<\/p>\n","protected":false},"excerpt":{"rendered":"<p>Metin odakl\u0131 ele\u015ftiri kuram\u0131n\u0131n T\u00fcrk\u00e7edeki ilk temel yap\u0131tlar\u0131ndan biri olan Yaz\u0131nsal Metin \u00dcst\u00fcne Ara\u015ft\u0131rmalar g\u00f6zden ge\u00e7irilmi\u015f bask\u0131s\u0131yla k\u0131rk be\u015f y\u0131l sonra yeniden okur kar\u015f\u0131s\u0131nda&#8230;Geleneksel Ele\u015ftiriden Yap\u0131<span class=\"excerpt-hellip\"> [\u2026]<\/span><\/p>\n","protected":false},"featured_media":0,"template":"","meta":{"_monsterinsights_skip_tracking":false,"_monsterinsights_sitenote_active":false,"_monsterinsights_sitenote_note":"","_monsterinsights_sitenote_category":0},"product_brand":[],"product_cat":[13072,12291],"product_tag":[],"class_list":{"0":"post-735366","1":"product","2":"type-product","3":"status-publish","5":"product_cat-arastirma-inceleme-referans","6":"product_cat-edebiyat","7":"pa_cilt-ciltsiz","8":"pa_tur-kitap","9":"pa_yayinevi-sel-yayincilik","10":"pa_yazar-mehmet-rifat","12":"first","13":"instock","14":"sale","15":"shipping-taxable","16":"purchasable","17":"product-type-simple"},"_links":{"self":[{"href":"https:\/\/roveyayinevi.com.tr\/index.php\/wp-json\/wp\/v2\/product\/735366","targetHints":{"allow":["GET"]}}],"collection":[{"href":"https:\/\/roveyayinevi.com.tr\/index.php\/wp-json\/wp\/v2\/product"}],"about":[{"href":"https:\/\/roveyayinevi.com.tr\/index.php\/wp-json\/wp\/v2\/types\/product"}],"wp:attachment":[{"href":"https:\/\/roveyayinevi.com.tr\/index.php\/wp-json\/wp\/v2\/media?parent=735366"}],"wp:term":[{"taxonomy":"product_brand","embeddable":true,"href":"https:\/\/roveyayinevi.com.tr\/index.php\/wp-json\/wp\/v2\/product_brand?post=735366"},{"taxonomy":"product_cat","embeddable":true,"href":"https:\/\/roveyayinevi.com.tr\/index.php\/wp-json\/wp\/v2\/product_cat?post=735366"},{"taxonomy":"product_tag","embeddable":true,"href":"https:\/\/roveyayinevi.com.tr\/index.php\/wp-json\/wp\/v2\/product_tag?post=735366"}],"curies":[{"name":"wp","href":"https:\/\/api.w.org\/{rel}","templated":true}]}}