{"id":735365,"date":"2025-08-27T22:46:33","date_gmt":"2025-08-27T19:46:33","guid":{"rendered":"https:\/\/roveyayinevi.com.tr\/index.php\/urun\/gocebeler-diyari\/"},"modified":"2026-04-16T02:43:42","modified_gmt":"2026-04-15T23:43:42","slug":"gocebeler-diyari","status":"publish","type":"product","link":"https:\/\/roveyayinevi.com.tr\/index.php\/urun\/gocebeler-diyari\/","title":{"rendered":"G\u00f6\u00e7ebeler Diyar\u0131"},"content":{"rendered":"<p>En \u0130yi Film, En \u0130yi Y\u00f6netmen ve En \u0130yi Kad\u0131n Oyuncu Oscar \u00d6d\u00fclleri\u2019ni kazanan, Chlo\u00e9 Zhao\u2019nun y\u00f6netti\u011fi ve Frances McDormand\u2019\u0131n oynad\u0131\u011f\u0131 Nomadland filminin ilham kayna\u011f\u0131.   Amerikan Ekonomisinin Karanl\u0131k Y\u00fcz\u00fcn\u00fcn G\u00f6\u00e7ebe Kurbanlar\u0131   Hem Kuzey Dakota\u2019n\u0131n \u015fekerpancar\u0131 tarlalar\u0131nda hasada kat\u0131lan hem de Amazon.com\u2019un Teksas\u2019taki i\u015f\u00e7i kamplar\u0131nda \u00fcr\u00fcnlerin barkodlar\u0131n\u0131 tarayan yeni bir emek\u00e7i t\u00fcr\u00fc var art\u0131k \u2013 i\u015fverenlerin ho\u015funa gidecek kadar d\u00fc\u015f\u00fck masrafl\u0131, \u00e7o\u011funlu\u011fu eski beyaz yakal\u0131, g\u00f6\u00e7ebe ihtiyar Amerikal\u0131lardan olu\u015fan bir i\u015f\u00e7i kabilesi. B\u00fcy\u00fck Durgunluk\u2019un g\u00f6r\u00fcnmez kurbanlar\u0131 olan bu insanlar\u0131n emeklilik g\u00fcvenceleri yeterli de\u011fil, \u00e7o\u011fu ipotek borcuna sahip. On binlercesi, karavanlar\u0131yla, kamyonetleriyle, g\u00fcnbeg\u00fcn b\u00fcy\u00fcyen bir g\u00f6\u00e7ebe toplulu\u011funu olu\u015fturuyorlar.   Bu kitab\u0131n yaz\u0131m\u0131 s\u00fcresince aylarca kamplarda ya\u015fayan ve oda\u011f\u0131na ald\u0131\u011f\u0131 as\u0131l kahraman\u0131yla, eskiden kamyon \u015fof\u00f6rl\u00fc\u011f\u00fc, kokteyl garsonlu\u011fu, m\u00fcteahhitlik, sigortac\u0131l\u0131k, k\u00f6pek kul\u00fcbesi temizlik\u00e7ili\u011fi yapan Linda May\u2019le tan\u0131\u015fan Jessica Bruder sezonluk i\u015flerde \u00e7al\u0131\u015fanlar\u0131n aras\u0131nda, kapitalist bir k\u0131yamette hayatta kalmaya \u00e7abalayanlar\u0131 anlat\u0131yor. Nomadland\u2019e ilham veren G\u00f6\u00e7ebeler Diyar\u0131, \u201cevsiz\u201d de\u011fil, \u201cevi olmayanlar\u0131n\u201d ger\u00e7ek hik\u00e2yesi. \u201c2008 finansal \u00e7\u00f6k\u00fc\u015f\u00fcn\u00fcn \u00fczerinden uzun zaman ge\u00e7ti\u011fini d\u00fc\u015f\u00fcnenler, Jessica Bruder\u2019\u0131n bu yak\u0131c\u0131, zarafetle yaz\u0131lm\u0131\u015f, capcanl\u0131, can ac\u0131t\u0131c\u0131 (yer yer de ac\u0131 bir mizaha sahip) kitab\u0131n\u0131n yaz\u0131m\u0131 s\u0131ras\u0131nda tan\u0131ma f\u0131rsat\u0131 buldu\u011fu ki\u015filerle kar\u015f\u0131la\u015fmal\u0131lar.\u201d \u2013Rebecca Solnit   \u201c\u00c7ok \u00f6nemli bir kitap. Hem dingince anlat\u0131lan bir \u00e7\u00f6k\u00fc\u015f \u00f6yk\u00fcs\u00fc hem de nevi \u015fahs\u0131na m\u00fcnhas\u0131r \u2013sayg\u0131y\u0131 ve d\u00fczg\u00fcn bir hayat\u0131 hak eden ilgin\u00e7, cesur\u2013 insanlar hakk\u0131nda s\u00fcr\u00fckleyici bir hik\u00e2yeler koleksiyonu.\u201d \u2013Louise Erdrich <\/p>\n","protected":false},"excerpt":{"rendered":"<p>En \u0130yi Film, En \u0130yi Y\u00f6netmen ve En \u0130yi Kad\u0131n Oyuncu Oscar \u00d6d\u00fclleri\u2019ni kazanan, Chlo\u00e9 Zhao\u2019nun y\u00f6netti\u011fi ve Frances McDormand\u2019\u0131n oynad\u0131\u011f\u0131 Nomadland filminin ilham kayna\u011f\u0131. Amerikan<span class=\"excerpt-hellip\"> [\u2026]<\/span><\/p>\n","protected":false},"featured_media":0,"template":"","meta":{"_monsterinsights_skip_tracking":false,"_monsterinsights_sitenote_active":false,"_monsterinsights_sitenote_note":"","_monsterinsights_sitenote_category":0},"product_brand":[],"product_cat":[14009,12291],"product_tag":[],"class_list":{"0":"post-735365","1":"product","2":"type-product","3":"status-publish","5":"product_cat-biyografi-otobiyografi-edebiyat","6":"product_cat-edebiyat","7":"pa_cilt-ciltsiz","8":"pa_tur-kitap","9":"pa_yayinevi-ithaki-yayinlari","10":"pa_yazar-jessica-bruder","12":"first","13":"instock","14":"sale","15":"shipping-taxable","16":"purchasable","17":"product-type-simple"},"_links":{"self":[{"href":"https:\/\/roveyayinevi.com.tr\/index.php\/wp-json\/wp\/v2\/product\/735365","targetHints":{"allow":["GET"]}}],"collection":[{"href":"https:\/\/roveyayinevi.com.tr\/index.php\/wp-json\/wp\/v2\/product"}],"about":[{"href":"https:\/\/roveyayinevi.com.tr\/index.php\/wp-json\/wp\/v2\/types\/product"}],"wp:attachment":[{"href":"https:\/\/roveyayinevi.com.tr\/index.php\/wp-json\/wp\/v2\/media?parent=735365"}],"wp:term":[{"taxonomy":"product_brand","embeddable":true,"href":"https:\/\/roveyayinevi.com.tr\/index.php\/wp-json\/wp\/v2\/product_brand?post=735365"},{"taxonomy":"product_cat","embeddable":true,"href":"https:\/\/roveyayinevi.com.tr\/index.php\/wp-json\/wp\/v2\/product_cat?post=735365"},{"taxonomy":"product_tag","embeddable":true,"href":"https:\/\/roveyayinevi.com.tr\/index.php\/wp-json\/wp\/v2\/product_tag?post=735365"}],"curies":[{"name":"wp","href":"https:\/\/api.w.org\/{rel}","templated":true}]}}