{"id":735364,"date":"2025-08-27T22:46:32","date_gmt":"2025-08-27T19:46:32","guid":{"rendered":"https:\/\/roveyayinevi.com.tr\/index.php\/urun\/gocenlerin-ardi-kapi-duvar\/"},"modified":"2026-04-16T02:43:42","modified_gmt":"2026-04-15T23:43:42","slug":"gocenlerin-ardi-kapi-duvar","status":"publish","type":"product","link":"https:\/\/roveyayinevi.com.tr\/index.php\/urun\/gocenlerin-ardi-kapi-duvar\/","title":{"rendered":"G\u00f6\u00e7enlerin Ard\u0131 Kap\u0131 Duvar"},"content":{"rendered":"<p>Ferhat Ero\u011flu, ilk \u00f6yk\u00fc kitab\u0131 G\u00f6\u00e7enlerin Ard\u0131 Kap\u0131 Duvar&#8217;da, ya\u015famlar\u0131 tarihin sayfalar\u0131na ge\u00e7meyen, kaybolu\u015flar\u0131n\u0131n izi dahi bulunmayan karakterlerin pe\u015finde dola\u015ft\u0131r\u0131yor okuru. &#8217;90 sonras\u0131 T\u00fcrkiye&#8217;sinde, Ankara&#8217;n\u0131n varo\u015flar\u0131nda, \u015fehrin ba\u011f\u0131rsaklar\u0131nda ge\u00e7en bu \u00f6yk\u00fcler, yazar\u0131n tarih\u00e7i y\u00f6n\u00fcn\u00fcn de etkisiyle, tarihe ve ya\u015fad\u0131\u011f\u0131m\u0131z topraklara farkl\u0131 aynalar tutuyor.&#8221;Ne ya\u015fad\u0131klar\u0131 ac\u0131 hayat hakk\u0131yla anla\u015f\u0131labildi, ne \u00f6l\u00fcmleriyle ilgili tutulan evraklar \u00f6nemsendi, ne de arkalar\u0131nda palamut \u00e7ar\u015faf\u0131ndan gayri evrak-\u0131 metruke kald\u0131.&#8221;<\/p>\n","protected":false},"excerpt":{"rendered":"<p>Ferhat Ero\u011flu, ilk \u00f6yk\u00fc kitab\u0131 G\u00f6\u00e7enlerin Ard\u0131 Kap\u0131 Duvar&#8217;da, ya\u015famlar\u0131 tarihin sayfalar\u0131na ge\u00e7meyen, kaybolu\u015flar\u0131n\u0131n izi dahi bulunmayan karakterlerin pe\u015finde dola\u015ft\u0131r\u0131yor okuru. &#8217;90 sonras\u0131 T\u00fcrkiye&#8217;sinde, Ankara&#8217;n\u0131n varo\u015flar\u0131nda,<span class=\"excerpt-hellip\"> [\u2026]<\/span><\/p>\n","protected":false},"featured_media":0,"template":"","meta":{"_monsterinsights_skip_tracking":false,"_monsterinsights_sitenote_active":false,"_monsterinsights_sitenote_note":"","_monsterinsights_sitenote_category":0},"product_brand":[],"product_cat":[12291,12711],"product_tag":[],"class_list":{"0":"post-735364","1":"product","2":"type-product","3":"status-publish","5":"product_cat-edebiyat","6":"product_cat-roman-oyku","7":"pa_cilt-ciltsiz","8":"pa_tur-kitap","9":"pa_yayinevi-sel-yayincilik","10":"pa_yazar-ferhat-eroglu","12":"first","13":"instock","14":"sale","15":"shipping-taxable","16":"purchasable","17":"product-type-simple"},"_links":{"self":[{"href":"https:\/\/roveyayinevi.com.tr\/index.php\/wp-json\/wp\/v2\/product\/735364","targetHints":{"allow":["GET"]}}],"collection":[{"href":"https:\/\/roveyayinevi.com.tr\/index.php\/wp-json\/wp\/v2\/product"}],"about":[{"href":"https:\/\/roveyayinevi.com.tr\/index.php\/wp-json\/wp\/v2\/types\/product"}],"wp:attachment":[{"href":"https:\/\/roveyayinevi.com.tr\/index.php\/wp-json\/wp\/v2\/media?parent=735364"}],"wp:term":[{"taxonomy":"product_brand","embeddable":true,"href":"https:\/\/roveyayinevi.com.tr\/index.php\/wp-json\/wp\/v2\/product_brand?post=735364"},{"taxonomy":"product_cat","embeddable":true,"href":"https:\/\/roveyayinevi.com.tr\/index.php\/wp-json\/wp\/v2\/product_cat?post=735364"},{"taxonomy":"product_tag","embeddable":true,"href":"https:\/\/roveyayinevi.com.tr\/index.php\/wp-json\/wp\/v2\/product_tag?post=735364"}],"curies":[{"name":"wp","href":"https:\/\/api.w.org\/{rel}","templated":true}]}}