{"id":735362,"date":"2025-08-27T22:46:30","date_gmt":"2025-08-27T19:46:30","guid":{"rendered":"https:\/\/roveyayinevi.com.tr\/index.php\/urun\/ne-yapmali-2\/"},"modified":"2026-04-16T02:43:42","modified_gmt":"2026-04-15T23:43:42","slug":"ne-yapmali-2","status":"publish","type":"product","link":"https:\/\/roveyayinevi.com.tr\/index.php\/urun\/ne-yapmali-2\/","title":{"rendered":"Ne Yapmal\u0131?"},"content":{"rendered":"<p>Belli bir konjonkt\u00fcr i\u00e7inde ya\u015fanan geli\u015fmeler kar\u015f\u0131s\u0131nda olumsuz buldu\u011fu bir gidi\u015fata m\u00fcdahale etme ihtiyac\u0131 duyan ve buradan kendine g\u00f6rev ve \u00f6devlerin yan\u0131 s\u0131ra birtak\u0131m payeler de \u00e7\u0131karan etkin hatta partizan bir filozof: Louis Althusser. \u0130\u00e7inden \u00e7\u0131k\u0131lmaz derece karma\u015f\u0131k, birbirini tutmaz adreslemelerle, kimisi var ki dile pelesenk olmu\u015f birtak\u0131m kavramlar\u0131n yerini yurdunu saptamaya ve b\u00f6ylece metinleri okuman\u0131n yol yordam\u0131n\u0131 bulmaya \u00e7al\u0131\u015ft\u0131\u011f\u0131m\u0131z u\u011frak bir mahalleye benzetebiliriz yazd\u0131klar\u0131n\u0131.SSCB tarihi kadar b\u00fct\u00fcn bir Marksist hareket i\u00e7in de bir d\u00f6n\u00fcm noktas\u0131 niteli\u011fi ta\u015f\u0131yan 1956&#8217;daki 20. Kongre&#8217;nin ard\u0131ndan, Stalin&#8217;den ar\u0131nma gayretiyle kendi i\u00e7inde bir sorgulamaya giren Marksizm, &#8220;her \u015fey insan i\u00e7in&#8221; \u015fiar\u0131yla, bar\u0131\u015f i\u00e7inde birlikte ya\u015fama \u00fczerine sihirli s\u00f6zlerle liberal bir savrulu\u015f ya\u015farken Althusser, &#8220;Marx&#8217;a d\u00f6n\u00fc\u015f&#8221; iddias\u0131yla sahne alm\u0131\u015f ve Marx&#8217;\u0131n ba\u015flatt\u0131\u011f\u0131 bilimsel devrimi &#8220;canl\u0131 ve etkin bir hakikat&#8221;e d\u00f6n\u00fc\u015ft\u00fcrmeye soyunmu\u015ftur.Bu d\u00f6nemde Marksist d\u00fc\u015f\u00fcnce etraf\u0131nda yaratt\u0131\u011f\u0131 anaforda, dola\u015f\u0131ma soktu\u011fu kavramlar ve al\u0131\u015fveri\u015fe girdi\u011fi yap\u0131salc\u0131l\u0131ktan psikanalize d\u0131\u015farl\u0131kl\u0131 d\u00fc\u015f\u00fcnme tarzlar\u0131yla sol&#8217;a, etkileri bug\u00fcne uzanan entelekt\u00fcel bir canl\u0131l\u0131k getirdi\u011fini de s\u00f6yleyebiliriz.1978&#8217;de kaleme ald\u0131\u011f\u0131, Ne Yapmal\u0131? ad\u0131yla \u00f6l\u00fcm\u00fcnden sonra yay\u0131mlanan bu risale, Alain Badiou&#8217;nun deyimiyle s\u0131n\u0131f m\u00fccadelesindeki sismik hareketlerin i\u00e7ten kayd\u0131 olarak y\u00fcr\u00fctt\u00fc\u011f\u00fc felsefe u\u011fra\u015f\u0131 i\u00e7inde, Althusser&#8217;in maden buldu\u011fu Machiavelli \u00fczerine bir sondaj denemesi&#8230;<\/p>\n","protected":false},"excerpt":{"rendered":"<p>Belli bir konjonkt\u00fcr i\u00e7inde ya\u015fanan geli\u015fmeler kar\u015f\u0131s\u0131nda olumsuz buldu\u011fu bir gidi\u015fata m\u00fcdahale etme ihtiyac\u0131 duyan ve buradan kendine g\u00f6rev ve \u00f6devlerin yan\u0131 s\u0131ra birtak\u0131m payeler de<span class=\"excerpt-hellip\"> [\u2026]<\/span><\/p>\n","protected":false},"featured_media":0,"template":"","meta":{"_monsterinsights_skip_tracking":false,"_monsterinsights_sitenote_active":false,"_monsterinsights_sitenote_note":"","_monsterinsights_sitenote_category":0},"product_brand":[],"product_cat":[12338,12337],"product_tag":[],"class_list":{"0":"post-735362","1":"product","2":"type-product","3":"status-publish","5":"product_cat-dunya-siyaseti-ve-politikasi","6":"product_cat-politika-siyaset","7":"pa_cilt-ciltsiz","8":"pa_tur-kitap","9":"pa_yayinevi-sel-yayincilik","10":"pa_yazar-louis-althusser","12":"first","13":"instock","14":"sale","15":"shipping-taxable","16":"purchasable","17":"product-type-simple"},"_links":{"self":[{"href":"https:\/\/roveyayinevi.com.tr\/index.php\/wp-json\/wp\/v2\/product\/735362","targetHints":{"allow":["GET"]}}],"collection":[{"href":"https:\/\/roveyayinevi.com.tr\/index.php\/wp-json\/wp\/v2\/product"}],"about":[{"href":"https:\/\/roveyayinevi.com.tr\/index.php\/wp-json\/wp\/v2\/types\/product"}],"wp:attachment":[{"href":"https:\/\/roveyayinevi.com.tr\/index.php\/wp-json\/wp\/v2\/media?parent=735362"}],"wp:term":[{"taxonomy":"product_brand","embeddable":true,"href":"https:\/\/roveyayinevi.com.tr\/index.php\/wp-json\/wp\/v2\/product_brand?post=735362"},{"taxonomy":"product_cat","embeddable":true,"href":"https:\/\/roveyayinevi.com.tr\/index.php\/wp-json\/wp\/v2\/product_cat?post=735362"},{"taxonomy":"product_tag","embeddable":true,"href":"https:\/\/roveyayinevi.com.tr\/index.php\/wp-json\/wp\/v2\/product_tag?post=735362"}],"curies":[{"name":"wp","href":"https:\/\/api.w.org\/{rel}","templated":true}]}}