{"id":735361,"date":"2025-08-27T22:46:29","date_gmt":"2025-08-27T19:46:29","guid":{"rendered":"https:\/\/roveyayinevi.com.tr\/index.php\/urun\/fazla-mesai\/"},"modified":"2026-04-16T02:43:42","modified_gmt":"2026-04-15T23:43:42","slug":"fazla-mesai","status":"publish","type":"product","link":"https:\/\/roveyayinevi.com.tr\/index.php\/urun\/fazla-mesai\/","title":{"rendered":"Fazla Mesai"},"content":{"rendered":"<p>\u0130\u015f kaynakl\u0131 stres ve t\u00fckenmi\u015fli\u011fin art\u0131k salg\u0131na d\u00f6n\u00fc\u015ft\u00fc\u011f\u00fc, g\u00fcvencesizlik ve d\u00fc\u015f\u00fck \u00fccretlerin i\u015fg\u00fcc\u00fc piyasas\u0131nda kural haline geldi\u011fi g\u00fcn\u00fcm\u00fczde, a\u00e7\u0131kt\u0131r ki istihdam meselesine yeni ve radikal bir tutumla yakla\u015f\u0131lmas\u0131 gerekiyor. Pek \u00e7ok sekt\u00f6r, otomasyonun, iklim krizinin ve ya\u015fl\u0131 n\u00fcfusun beraberinde getirdi\u011fi varolu\u015fsal tehditlerle kar\u015f\u0131 kar\u015f\u0131ya. Fazla Mesai\u2019de Kyle Lewis ve Will Stronge i\u015fte b\u00fct\u00fcn bu kayg\u0131 verici e\u011filimlere g\u00fc\u00e7l\u00fc ve uygulanabilir bir \u00e7\u00f6z\u00fcm sunuyor: \u00e7al\u0131\u015fma haftam\u0131z\u0131n k\u0131salt\u0131lmas\u0131. Bu \u00f6nemli kitap \u00e7al\u0131\u015fma s\u00fcremizin k\u0131salmas\u0131n\u0131n kapitalist ekonomiler ba\u011flam\u0131nda ne ifade etti\u011fini g\u00f6stererek bu fikrin tarihini ve siyasi i\u00e7erimlerini irdeliyor. Siyaset ve ekonomi alan\u0131nda s\u00f6z s\u00f6ylemi\u015f pek \u00e7ok d\u00fc\u015f\u00fcn\u00fcr\u00fcn fikirlerinden de yararlanan Lewis ve Stronge, \u00e7al\u0131\u015fma haftam\u0131z\u0131n k\u0131salt\u0131lmas\u0131n\u0131n, kolektif \u00f6zg\u00fcrl\u00fc\u011f\u00fc ve insan\u0131n potansiyelini temel alan, \u00e7o\u011funlu\u011fun \u00e7ok daha mutlu ve tatmin edici hayatlar s\u00fcrmesine alan a\u00e7an daha adil ve e\u015fitlik\u00e7i bir toplum olu\u015fturabilece\u011fini savunuyor. <\/p>\n","protected":false},"excerpt":{"rendered":"<p>\u0130\u015f kaynakl\u0131 stres ve t\u00fckenmi\u015fli\u011fin art\u0131k salg\u0131na d\u00f6n\u00fc\u015ft\u00fc\u011f\u00fc, g\u00fcvencesizlik ve d\u00fc\u015f\u00fck \u00fccretlerin i\u015fg\u00fcc\u00fc piyasas\u0131nda kural haline geldi\u011fi g\u00fcn\u00fcm\u00fczde, a\u00e7\u0131kt\u0131r ki istihdam meselesine yeni ve radikal bir<span class=\"excerpt-hellip\"> [\u2026]<\/span><\/p>\n","protected":false},"featured_media":0,"template":"","meta":{"_monsterinsights_skip_tracking":false,"_monsterinsights_sitenote_active":false,"_monsterinsights_sitenote_note":"","_monsterinsights_sitenote_category":0},"product_brand":[],"product_cat":[13590,12337],"product_tag":[],"class_list":{"0":"post-735361","1":"product","2":"type-product","3":"status-publish","5":"product_cat-arastirma-inceleme-politika-siyaset","6":"product_cat-politika-siyaset","7":"pa_cilt-ciltsiz","8":"pa_tur-kitap","9":"pa_yayinevi-minotor-kitap","10":"pa_yazar-will-stronge-kyle-lewis","12":"first","13":"instock","14":"sale","15":"shipping-taxable","16":"purchasable","17":"product-type-simple"},"_links":{"self":[{"href":"https:\/\/roveyayinevi.com.tr\/index.php\/wp-json\/wp\/v2\/product\/735361","targetHints":{"allow":["GET"]}}],"collection":[{"href":"https:\/\/roveyayinevi.com.tr\/index.php\/wp-json\/wp\/v2\/product"}],"about":[{"href":"https:\/\/roveyayinevi.com.tr\/index.php\/wp-json\/wp\/v2\/types\/product"}],"wp:attachment":[{"href":"https:\/\/roveyayinevi.com.tr\/index.php\/wp-json\/wp\/v2\/media?parent=735361"}],"wp:term":[{"taxonomy":"product_brand","embeddable":true,"href":"https:\/\/roveyayinevi.com.tr\/index.php\/wp-json\/wp\/v2\/product_brand?post=735361"},{"taxonomy":"product_cat","embeddable":true,"href":"https:\/\/roveyayinevi.com.tr\/index.php\/wp-json\/wp\/v2\/product_cat?post=735361"},{"taxonomy":"product_tag","embeddable":true,"href":"https:\/\/roveyayinevi.com.tr\/index.php\/wp-json\/wp\/v2\/product_tag?post=735361"}],"curies":[{"name":"wp","href":"https:\/\/api.w.org\/{rel}","templated":true}]}}