{"id":735359,"date":"2025-08-27T22:46:27","date_gmt":"2025-08-27T19:46:27","guid":{"rendered":"https:\/\/roveyayinevi.com.tr\/index.php\/urun\/olaganustu-yasamlar-icin-olagandisi-kurallar-2\/"},"modified":"2026-04-15T02:55:46","modified_gmt":"2026-04-14T23:55:46","slug":"olaganustu-yasamlar-icin-olagandisi-kurallar-2","status":"publish","type":"product","link":"https:\/\/roveyayinevi.com.tr\/index.php\/urun\/olaganustu-yasamlar-icin-olagandisi-kurallar-2\/","title":{"rendered":"Ola\u011fan\u00fcst\u00fc Ya\u015famlar i\u00e7in Ola\u011fand\u0131\u015f\u0131 Kurallar"},"content":{"rendered":"<p>A\u015fk, e\u011fitim, maneviyat, i\u015f, mutluluk hakk\u0131nda bildi\u011fimiz her \u015fey ya nesilden nesile aktar\u0131lan ve uzun zaman \u00f6nce ge\u00e7erlili\u011fini yitirmi\u015f sa\u00e7ma kurallara dayan\u0131yorsa? Peki ya bu modas\u0131 ge\u00e7mi\u015f kurallar\u0131 unutabilseniz ve mutlulu\u011fun, bir amaca sahip olman\u0131n ve ba\u015far\u0131n\u0131n sizin i\u00e7in ne anlama geldi\u011fini yeniden tan\u0131mlayabilseniz hayat\u0131n\u0131z ne kadar farkl\u0131 olur?   Mutluluk ve ba\u015far\u0131ya ula\u015fmak i\u00e7in hep yanl\u0131\u015f yollardan ilerledik. Ba\u015far\u0131n\u0131n zor kazan\u0131lmas\u0131 gerekti\u011fi gibi yanl\u0131\u015f bir inan\u0131\u015f\u0131 sahiplendik. Ve b\u00f6ylece hepimiz t\u00fckendik; hem profesyonel hem ki\u015fisel hem de fiziksel olarak, \u00e7\u00fcnk\u00fc mutlu olmak \u00e7al\u0131\u015fma \u015feklimizin tamamlay\u0131c\u0131s\u0131 haline geldi.   Bu kitap size \u00e7a\u011f\u0131m\u0131z\u0131n en bilge insanlar\u0131 gibi d\u00fc\u015f\u00fcnmeyi, sorgulamay\u0131, meydan okumay\u0131 ve hayat\u0131n\u0131z i\u00e7in yeni kurallar belirlemeyi, b\u00f6ylece ba\u015far\u0131y\u0131 kendi ko\u015fullar\u0131n\u0131za g\u00f6re tan\u0131mlamay\u0131 \u00f6\u011fretiyor. Egzersizler, meditasyonlar ve \u00f6\u011fretici anekdotlar arac\u0131l\u0131\u011f\u0131yla zihniniz yeniden e\u011fitilirken \u00e7al\u0131\u015fmay\u0131, sevmeyi, ebeveynli\u011fi bamba\u015fka bir a\u00e7\u0131dan g\u00f6receksiniz.   \u201cD\u00fc\u015f\u00fcnce yap\u0131n\u0131z\u0131 irdelemenin yollar\u0131n\u0131 g\u00f6steren, daha tatmin edici, anlaml\u0131 ve de\u011ferlere dayal\u0131 bir ya\u015fama ula\u015fmak i\u00e7in size inan\u00e7lar\u0131n\u0131z\u0131 de\u011fi\u015ftirmenin f\u0131rsatlar\u0131n\u0131 sunan bir kitap. Okuyunca kim oldu\u011funuza tak\u0131l\u0131p kalmak zorunda olmad\u0131\u011f\u0131n\u0131z\u0131, zihninizi olas\u0131l\u0131klara a\u00e7maya istekliyseniz daha iyi bir alternatifin her zaman mevcut oldu\u011funu anlayacaks\u0131n\u0131z.\u201d \u2013Forbes  \u201cVishen Lakhiani&#8217;nin bilgi birikimi, bunu anla\u015f\u0131l\u0131r \u015fekilde sunma ve uygulamaya koyma yetene\u011fi, bu alanda g\u00f6rd\u00fc\u011f\u00fcm herkesten fersah fersah \u00fcst\u00fcn.\u201d \u2013Jack Canfield, New York Times \u00e7ok satan Tavuk Suyuna \u00c7orba serisinin ortak yazar\u0131<\/p>\n","protected":false},"excerpt":{"rendered":"<p>A\u015fk, e\u011fitim, maneviyat, i\u015f, mutluluk hakk\u0131nda bildi\u011fimiz her \u015fey ya nesilden nesile aktar\u0131lan ve uzun zaman \u00f6nce ge\u00e7erlili\u011fini yitirmi\u015f sa\u00e7ma kurallara dayan\u0131yorsa? Peki ya bu modas\u0131<span class=\"excerpt-hellip\"> [\u2026]<\/span><\/p>\n","protected":false},"featured_media":0,"template":"","meta":{"_monsterinsights_skip_tracking":false,"_monsterinsights_sitenote_active":false,"_monsterinsights_sitenote_note":"","_monsterinsights_sitenote_category":0},"product_brand":[],"product_cat":[12364,12376],"product_tag":[],"class_list":{"0":"post-735359","1":"product","2":"type-product","3":"status-publish","5":"product_cat-genel-konular","6":"product_cat-kisisel-gelisim","7":"pa_cilt-ciltsiz","8":"pa_tur-kitap","9":"pa_yayinevi-nova-kitap","10":"pa_yazar-vishen-lakhiani","12":"first","13":"instock","14":"sale","15":"shipping-taxable","16":"purchasable","17":"product-type-simple"},"_links":{"self":[{"href":"https:\/\/roveyayinevi.com.tr\/index.php\/wp-json\/wp\/v2\/product\/735359","targetHints":{"allow":["GET"]}}],"collection":[{"href":"https:\/\/roveyayinevi.com.tr\/index.php\/wp-json\/wp\/v2\/product"}],"about":[{"href":"https:\/\/roveyayinevi.com.tr\/index.php\/wp-json\/wp\/v2\/types\/product"}],"wp:attachment":[{"href":"https:\/\/roveyayinevi.com.tr\/index.php\/wp-json\/wp\/v2\/media?parent=735359"}],"wp:term":[{"taxonomy":"product_brand","embeddable":true,"href":"https:\/\/roveyayinevi.com.tr\/index.php\/wp-json\/wp\/v2\/product_brand?post=735359"},{"taxonomy":"product_cat","embeddable":true,"href":"https:\/\/roveyayinevi.com.tr\/index.php\/wp-json\/wp\/v2\/product_cat?post=735359"},{"taxonomy":"product_tag","embeddable":true,"href":"https:\/\/roveyayinevi.com.tr\/index.php\/wp-json\/wp\/v2\/product_tag?post=735359"}],"curies":[{"name":"wp","href":"https:\/\/api.w.org\/{rel}","templated":true}]}}