{"id":735357,"date":"2025-08-27T22:46:25","date_gmt":"2025-08-27T19:46:25","guid":{"rendered":"https:\/\/roveyayinevi.com.tr\/index.php\/urun\/mavi-kucuk-prens-defteri\/"},"modified":"2026-04-16T02:43:42","modified_gmt":"2026-04-15T23:43:42","slug":"mavi-kucuk-prens-defteri","status":"publish","type":"product","link":"https:\/\/roveyayinevi.com.tr\/index.php\/urun\/mavi-kucuk-prens-defteri\/","title":{"rendered":"Mavi K\u00fc\u00e7\u00fck Prens Defteri"},"content":{"rendered":"<p>\u201c\u00c7\u00f6l\u00fc g\u00fczelle\u015ftiren,\u201d dedi K\u00fc\u00e7\u00fck Prens, \u201cbir yerlere bir kuyunun saklanm\u0131\u015f olmas\u0131d\u0131r&#8230;\u201d Antoine de Saint-Exup\u00e9ry, K\u00fc\u00e7\u00fck Prens     Her ya\u015fa hitap eden, zamans\u0131z ve tarz sahibi \u0130thaki \u00c7ocuk K\u00fc\u00e7\u00fck Prens defterleri; hayallerinizi, listelerinizi, fikirlerinizi, program\u0131n\u0131z\u0131 ya da \u00f6yk\u00fclerinizi rahat\u00e7a yazabilmeniz i\u00e7in tasarland\u0131. <\/p>\n","protected":false},"excerpt":{"rendered":"<p>\u201c\u00c7\u00f6l\u00fc g\u00fczelle\u015ftiren,\u201d dedi K\u00fc\u00e7\u00fck Prens, \u201cbir yerlere bir kuyunun saklanm\u0131\u015f olmas\u0131d\u0131r&#8230;\u201d Antoine de Saint-Exup\u00e9ry, K\u00fc\u00e7\u00fck Prens Her ya\u015fa hitap eden, zamans\u0131z ve tarz sahibi \u0130thaki \u00c7ocuk<span class=\"excerpt-hellip\"> [\u2026]<\/span><\/p>\n","protected":false},"featured_media":0,"template":"","meta":{"_monsterinsights_skip_tracking":false,"_monsterinsights_sitenote_active":false,"_monsterinsights_sitenote_note":"","_monsterinsights_sitenote_category":0},"product_brand":[],"product_cat":[28265,15563],"product_tag":[],"class_list":{"0":"post-735357","1":"product","2":"type-product","3":"status-publish","5":"product_cat-diger-hobi","6":"product_cat-hobi","7":"pa_cilt-ciltli","8":"pa_tur-kitap10","9":"pa_yayinevi-ithaki-yayinlari","10":"pa_yazar-ithaki-kolektif","12":"first","13":"instock","14":"sale","15":"shipping-taxable","16":"purchasable","17":"product-type-simple"},"_links":{"self":[{"href":"https:\/\/roveyayinevi.com.tr\/index.php\/wp-json\/wp\/v2\/product\/735357","targetHints":{"allow":["GET"]}}],"collection":[{"href":"https:\/\/roveyayinevi.com.tr\/index.php\/wp-json\/wp\/v2\/product"}],"about":[{"href":"https:\/\/roveyayinevi.com.tr\/index.php\/wp-json\/wp\/v2\/types\/product"}],"wp:attachment":[{"href":"https:\/\/roveyayinevi.com.tr\/index.php\/wp-json\/wp\/v2\/media?parent=735357"}],"wp:term":[{"taxonomy":"product_brand","embeddable":true,"href":"https:\/\/roveyayinevi.com.tr\/index.php\/wp-json\/wp\/v2\/product_brand?post=735357"},{"taxonomy":"product_cat","embeddable":true,"href":"https:\/\/roveyayinevi.com.tr\/index.php\/wp-json\/wp\/v2\/product_cat?post=735357"},{"taxonomy":"product_tag","embeddable":true,"href":"https:\/\/roveyayinevi.com.tr\/index.php\/wp-json\/wp\/v2\/product_tag?post=735357"}],"curies":[{"name":"wp","href":"https:\/\/api.w.org\/{rel}","templated":true}]}}