{"id":735354,"date":"2025-08-27T22:46:22","date_gmt":"2025-08-27T19:46:22","guid":{"rendered":"https:\/\/roveyayinevi.com.tr\/index.php\/urun\/insanlarin-dunyasi-6\/"},"modified":"2026-04-16T02:43:42","modified_gmt":"2026-04-15T23:43:42","slug":"insanlarin-dunyasi-6","status":"publish","type":"product","link":"https:\/\/roveyayinevi.com.tr\/index.php\/urun\/insanlarin-dunyasi-6\/","title":{"rendered":"\u0130nsanlar\u0131n D\u00fcnyas\u0131"},"content":{"rendered":"<p>\u201cSadece mal m\u00fclk i\u00e7in \u00e7al\u0131\u015farak, kendi hapishanelerimizi in\u015fa ediyoruz.\u201d Ba\u015fka d\u00fcnyalar\u0131n m\u00fcmk\u00fcn oldu\u011fu inanc\u0131n\u0131 hayli derinden hisseden bir yazar ve pilottur Saint-Exup\u00e9ry&#8230; Yazar\u0131n d\u00fcnya \u00e7ap\u0131nda \u00e7ok satan k\u00fclt eseri K\u00fc\u00e7\u00fck Prens\u2019in minik kahraman\u0131, bilinmeyene duydu\u011fu merakla ba\u015fka gezegenlerin ke\u015ffine nas\u0131l cesaret ettiyse bu kez \u0130NSANLARIN D\u00dcNYASI\u2019nda ayn\u0131 \u015feyi kendisi yap\u0131yor Saint-Exup\u00e9ry&#8230; Farkl\u0131 \u015fehirler, farkl\u0131 insanlar, farkl\u0131 k\u00fclt\u00fcrler, hayatlar, hikayeler ve ihtimaller \u00fczerine ger\u00e7ekle\u015ftirilen bir yolculu\u011fun derinlikli sorgulamas\u0131d\u0131r da bu kitap ayn\u0131 zamanda. Yazar\u0131n en felsefi eseri oldu\u011funu s\u00f6ylemek de m\u00fcmk\u00fcn.   Bilinmezli\u011fin korkusunu a\u015fmak, bilinirli\u011fin g\u00fcveninden ka\u00e7mak isteyenler i\u00e7in e\u015fsiz bir hik\u00e2ye&#8230; <\/p>\n","protected":false},"excerpt":{"rendered":"<p>\u201cSadece mal m\u00fclk i\u00e7in \u00e7al\u0131\u015farak, kendi hapishanelerimizi in\u015fa ediyoruz.\u201d Ba\u015fka d\u00fcnyalar\u0131n m\u00fcmk\u00fcn oldu\u011fu inanc\u0131n\u0131 hayli derinden hisseden bir yazar ve pilottur Saint-Exup\u00e9ry&#8230; Yazar\u0131n d\u00fcnya \u00e7ap\u0131nda \u00e7ok<span class=\"excerpt-hellip\"> [\u2026]<\/span><\/p>\n","protected":false},"featured_media":0,"template":"","meta":{"_monsterinsights_skip_tracking":false,"_monsterinsights_sitenote_active":false,"_monsterinsights_sitenote_note":"","_monsterinsights_sitenote_category":0},"product_brand":[],"product_cat":[12291,15117],"product_tag":[],"class_list":{"0":"post-735354","1":"product","2":"type-product","3":"status-publish","5":"product_cat-edebiyat","6":"product_cat-genclik-edebiyati","7":"pa_cilt-ciltsiz","8":"pa_tur-kitap","9":"pa_yayinevi-destek-yayinlari","10":"pa_yazar-antoine-de-saint-exupery","12":"first","13":"instock","14":"sale","15":"shipping-taxable","16":"purchasable","17":"product-type-simple"},"_links":{"self":[{"href":"https:\/\/roveyayinevi.com.tr\/index.php\/wp-json\/wp\/v2\/product\/735354","targetHints":{"allow":["GET"]}}],"collection":[{"href":"https:\/\/roveyayinevi.com.tr\/index.php\/wp-json\/wp\/v2\/product"}],"about":[{"href":"https:\/\/roveyayinevi.com.tr\/index.php\/wp-json\/wp\/v2\/types\/product"}],"wp:attachment":[{"href":"https:\/\/roveyayinevi.com.tr\/index.php\/wp-json\/wp\/v2\/media?parent=735354"}],"wp:term":[{"taxonomy":"product_brand","embeddable":true,"href":"https:\/\/roveyayinevi.com.tr\/index.php\/wp-json\/wp\/v2\/product_brand?post=735354"},{"taxonomy":"product_cat","embeddable":true,"href":"https:\/\/roveyayinevi.com.tr\/index.php\/wp-json\/wp\/v2\/product_cat?post=735354"},{"taxonomy":"product_tag","embeddable":true,"href":"https:\/\/roveyayinevi.com.tr\/index.php\/wp-json\/wp\/v2\/product_tag?post=735354"}],"curies":[{"name":"wp","href":"https:\/\/api.w.org\/{rel}","templated":true}]}}